{"id":785,"date":"2020-03-23T09:44:29","date_gmt":"2020-03-23T09:44:29","guid":{"rendered":"https:\/\/ondesign.pt\/inicio\/?page_id=785"},"modified":"2025-05-28T19:39:29","modified_gmt":"2025-05-28T19:39:29","slug":"politicas-de-privacidade","status":"publish","type":"page","link":"https:\/\/ondesign.pt\/inicio\/politicas-de-privacidade\/","title":{"rendered":"Pol\u00edticas de Privacidade"},"content":{"rendered":"<div class=\"cli_pg_page_contaner\">\n<h2>Pol\u00edticas de Privacidade<\/h2>\n<h2 style=\"text-align: justify;\"><span style=\"font-size: 16px;\">Ondesign Acrilicos &amp; Publicidade e a prote\u00e7\u00e3o de dados pessoais<\/span><\/h2>\n<p style=\"text-align: justify;\"><span style=\"font-size: 16px;\">A presente declara\u00e7\u00e3o tem como objetivo esclarecer quais os dados pessoais que recolhemos na intera\u00e7\u00e3o dos utilizadores com o nosso site, e o modo como efetuamos o seu tratamento. Ao navegar neste site est\u00e1 a aceitar as pr\u00e1ticas descritas na presente declara\u00e7\u00e3o.<\/span><\/p>\n<h2><span style=\"font-size: 16px;\">Que informa\u00e7\u00e3o recolhemos acerca de si?<\/span><\/h2>\n<p style=\"text-align: justify;\"><span style=\"font-size: 16px;\">Recolhemos informa\u00e7\u00e3o acerca de si quando se regista no nosso site, coloca um pedido de aquisi\u00e7\u00e3o de produtos ou servi\u00e7os. N\u00f3s tamb\u00e9m recolhemos informa\u00e7\u00e3o sua quando voluntariamente preenche question\u00e1rios, usa a ferramenta de conversa\u00e7\u00e3o (\u201cchat\u201d, se existente) ou fornece opini\u00f5es (\u201cfeedback\u201d). A informa\u00e7\u00e3o de uso do site \u00e9 recolhida usando cookies.<\/span><\/p>\n<h2><span style=\"font-size: 16px;\">De que forma usamos a informa\u00e7\u00e3o recolhida<\/span><\/h2>\n<p style=\"text-align: justify;\"><span style=\"font-size: 16px;\">Os dados recolhidos servem para processar o seu pedido, gerir a sua conta e, se concordar, enviar-lhe por correio eletr\u00f3nico informa\u00e7\u00e3o acerca de outros produtos e servi\u00e7os que pensamos ser do seu interesse. Usamos a informa\u00e7\u00e3o recolhida do site para personalizar as suas pr\u00f3ximas visitas ao nosso site.<\/span><\/p>\n<p style=\"text-align: justify;\"><span style=\"font-size: 16px;\">Os seus dados pessoais, recolhidos com o presente registo, poder\u00e3o ser tratados por encarregados do tratamento, mesmo externos e destinam-se \u00e0 gest\u00e3o do Servi\u00e7o solicitado e \u00e0s actividades de marketing previstas, podendo ser acedidos pelo(s) respons\u00e1vel(eis) pelo tratamento ou pelas sociedades \u00e0s quais os mesmos dados foram comunicados como previsto no par\u00e1grafo seguinte.<\/span><\/p>\n<h2><span style=\"font-size: 16px;\">Marketing<\/span><\/h2>\n<p style=\"text-align: justify;\"><span style=\"font-size: 16px;\">Os seus dados pessoais poder\u00e3o ser comunicados a terceiros para respeitar ordens provenientes de autoridades p\u00fablicas ou para o exerc\u00edcio de um direito em ju\u00edzo. Al\u00e9m disso, com o seu consentimento, os seus dados poder\u00e3o ser comunicados a ag\u00eancias de marketing digital, que tratar\u00e3o tais dados para as finalidades ligadas \u00e0 promo\u00e7\u00e3o dos respectivos produtos e servi\u00e7os, em exclusivo para a nossa empresa. Se n\u00e3o desejar receber outras ofertas\/promo\u00e7\u00f5es comerciais, nem ser contactado por motivos de marketing, ou se pretender verificar, modificar ou cancelar os seus dados, ou simplesmente opor-se \u00e0 sua utiliza\u00e7\u00e3o, basta enviar-nos um email com a sua inten\u00e7\u00e3o.<\/span><\/p>\n<h2><span style=\"font-size: 16px;\">Acesso e corre\u00e7\u00e3o da sua informa\u00e7\u00e3o<\/span><\/h2>\n<p><span style=\"font-size: 16px;\">Os titulares dos dados t\u00eam o direito de:<\/span><\/p>\n<ul>\n<li style=\"text-align: justify;\"><span style=\"font-size: 16px;\">Aceder \u00e0 informa\u00e7\u00e3o relacionada com o seu tratamento (Direito de Acesso);<\/span><\/li>\n<li style=\"text-align: justify;\"><span style=\"font-size: 16px;\">Solicitar a retifica\u00e7\u00e3o de dados inexatos (Direito de Retifica\u00e7\u00e3o);<\/span><\/li>\n<li style=\"text-align: justify;\"><span style=\"font-size: 16px;\">Solicitar o apagamento dos dados quando, entre outros motivos, j\u00e1 n\u00e3o sejam necess\u00e1rios para os fins que foram recolhidos; a Ondesign deixar\u00e1 de tratar os dados salvo para o exerc\u00edcio ou a defesa de poss\u00edveis reclama\u00e7\u00f5es ( Direito de Esquecimento);<\/span><\/li>\n<li style=\"text-align: justify;\"><span style=\"font-size: 16px;\">Solicitar a limita\u00e7\u00e3o do tratamento dos seus dados, em cujo caso unicamente poder\u00e3o ser tratados com o seu consentimento, \u00e0 exce\u00e7\u00e3o da sua conserva\u00e7\u00e3o e utiliza\u00e7\u00e3o para o exerc\u00edcio ou a defesa de reclama\u00e7\u00f5es ou com vista \u00e0 prote\u00e7\u00e3o dos direitos de outra pessoa singular ou coletiva ou por raz\u00f5es de interesse p\u00fablico importante da Uni\u00e3o Europeia ou de um determinado Estado membro;<\/span><\/li>\n<li style=\"text-align: justify;\"><span style=\"font-size: 16px;\">Opor-se ao tratamento dos seus dados, em cujo caso, o (Respons\u00e1vel pelo tratamento) deixar\u00e1 de tratar os dados, salvo para a defesa de poss\u00edveis reclama\u00e7\u00f5es (Direito de Oposi\u00e7\u00e3o);<\/span><\/li>\n<li style=\"text-align: justify;\"><span style=\"font-size: 16px;\">Receber num formato estruturado, de uso comum e leitura mec\u00e2nica, os dados pessoais que lhe incumbam e que tenha facilitado a Ondesign ou solicitar a esta que os transmita diretamente a outro respons\u00e1vel quando seja tecnicamente poss\u00edvel (Direito de Portabilidade);<\/span><\/li>\n<li style=\"text-align: justify;\"><span style=\"font-size: 16px;\">Retirar o consentimento concedido, caso o tratamento de dados se baseia no consentimento do titular, sem que isso afete a licitude do tratamento baseado no consentimento previamente dado.<\/span><\/li>\n<\/ul>\n<p style=\"text-align: justify;\"><span style=\"font-size: 16px;\">Todos estes direitos poder\u00e3o ser exercidos mediante comunica\u00e7\u00e3o escrita dirigida \u00e0 Ondesign para o endere\u00e7o de correio eletr\u00f3nico.<\/span><\/p>\n<h2><span style=\"font-size: 16px;\">Medidas de seguran\u00e7a<\/span><\/h2>\n<p style=\"text-align: justify;\"><span style=\"font-size: 16px;\">Temos implementadas medidas t\u00e9cnicas e organizacionais adequadas para proteger os seus dados contra perda, modifica\u00e7\u00e3o, roubo ou o acesso por terceiros. Os nossos procedimentos de seguran\u00e7a s\u00e3o regularmente melhorados, de modo a reflectir o progresso tecnol\u00f3gico.<\/span><\/p>\n<h2><span style=\"font-size: 16px;\">Pol\u00edticas de cookies<\/span><\/h2>\n<p style=\"text-align: justify;\"><span style=\"font-size: 16px;\">A Ondesign utiliza &#8220;cookies&#8221; pequenos ficheiros de texto guardados no seu computador que servem para recolher informa\u00e7\u00e3o acerca do seu dispositivo e informa\u00e7\u00e3o acerca da sua experi\u00eancia de utiliza\u00e7\u00e3o. Estes ficheiros permitem ao servidor verificar se o utilizador j\u00e1 visitou este site anteriormente, visando personalizar os conte\u00fados e a informa\u00e7\u00e3o dispon\u00edveis no site em fun\u00e7\u00e3o das anteriores visitas.<\/span><\/p>\n<h2><span style=\"font-size: 16px;\">Outros sites<\/span><\/h2>\n<p style=\"text-align: justify;\"><span style=\"font-size: 16px;\">Este site pode conter links para outros endere\u00e7os externos. Este comunicado de privacidade apenas se aplica a este site. Ao navegar dever\u00e1 ter aten\u00e7\u00e3o quanto \u00e0s pol\u00edticas de privacidade dos outros endere\u00e7os.<\/span><\/p>\n<h2><span style=\"font-size: 16px;\">Altera\u00e7\u00f5es a este comunicado de privacidade<\/span><\/h2>\n<p style=\"text-align: justify;\"><span style=\"font-size: 16px;\">As nossas pol\u00edticas de privacidade s\u00e3o revistas regularmente e todas as altera\u00e7\u00f5es ser\u00e3o publicadas neste site. A \u00faltima atualiza\u00e7\u00e3o \u00e9 de 01 de janeiro de 2020.<\/span><\/p>\n<h2><span style=\"font-size: 16px;\">Contactos<\/span><\/h2>\n<p><span style=\"font-size: 16px;\">Se tiver alguma quest\u00e3o acerca da nossa pol\u00edtica de privacidade ou da informa\u00e7\u00e3o que temos sobre si, envie-nos um email solicitando esclarecimentos para geral@ondesign.pt<\/span><\/p>\n<\/div>\n","protected":false},"excerpt":{"rendered":"<p>Pol\u00edticas de Privacidade Ondesign Acrilicos &amp; Publicidade e a prote\u00e7\u00e3o de dados pessoais A presente declara\u00e7\u00e3o tem como objetivo esclarecer quais os dados pessoais que recolhemos na intera\u00e7\u00e3o dos utilizadores<\/p>\n","protected":false},"author":2,"featured_media":0,"parent":0,"menu_order":0,"comment_status":"closed","ping_status":"closed","template":"templates\/template-page-full-width.php","meta":{"cybocfi_hide_featured_image":"","footnotes":""},"class_list":["post-785","page","type-page","status-publish","hentry"],"yoast_head":"<!-- This site is optimized with the Yoast SEO plugin v27.4 - https:\/\/yoast.com\/product\/yoast-seo-wordpress\/ -->\n<title>Pol\u00edticas de Privacidade - Ondesign<\/title>\n<meta name=\"robots\" content=\"index, follow, max-snippet:-1, max-image-preview:large, max-video-preview:-1\" \/>\n<link rel=\"canonical\" href=\"https:\/\/ondesign.pt\/inicio\/politicas-de-privacidade\/\" \/>\n<meta property=\"og:locale\" content=\"pt_PT\" \/>\n<meta property=\"og:type\" content=\"article\" \/>\n<meta property=\"og:title\" content=\"Pol\u00edticas de Privacidade - Ondesign\" \/>\n<meta property=\"og:description\" content=\"Pol\u00edticas de Privacidade Ondesign Acrilicos &amp; Publicidade e a prote\u00e7\u00e3o de dados pessoais A presente declara\u00e7\u00e3o tem como objetivo esclarecer quais os dados pessoais que recolhemos na intera\u00e7\u00e3o dos utilizadores\" \/>\n<meta property=\"og:url\" content=\"https:\/\/ondesign.pt\/inicio\/politicas-de-privacidade\/\" \/>\n<meta property=\"og:site_name\" content=\"Ondesign\" \/>\n<meta property=\"article:publisher\" content=\"https:\/\/www.facebook.com\/ondesignagency\" \/>\n<meta property=\"article:modified_time\" content=\"2025-05-28T19:39:29+00:00\" \/>\n<meta name=\"twitter:card\" content=\"summary_large_image\" \/>\n<meta name=\"twitter:label1\" content=\"Tempo estimado de leitura\" \/>\n\t<meta name=\"twitter:data1\" content=\"4 minutos\" \/>\n<script type=\"application\/ld+json\" class=\"yoast-schema-graph\">{\"@context\":\"https:\\\/\\\/schema.org\",\"@graph\":[{\"@type\":\"WebPage\",\"@id\":\"https:\\\/\\\/ondesign.pt\\\/inicio\\\/politicas-de-privacidade\\\/\",\"url\":\"https:\\\/\\\/ondesign.pt\\\/inicio\\\/politicas-de-privacidade\\\/\",\"name\":\"Pol\u00edticas de Privacidade - Ondesign\",\"isPartOf\":{\"@id\":\"https:\\\/\\\/ondesign.pt\\\/inicio\\\/#website\"},\"datePublished\":\"2020-03-23T09:44:29+00:00\",\"dateModified\":\"2025-05-28T19:39:29+00:00\",\"breadcrumb\":{\"@id\":\"https:\\\/\\\/ondesign.pt\\\/inicio\\\/politicas-de-privacidade\\\/#breadcrumb\"},\"inLanguage\":\"pt-PT\",\"potentialAction\":[{\"@type\":\"ReadAction\",\"target\":[\"https:\\\/\\\/ondesign.pt\\\/inicio\\\/politicas-de-privacidade\\\/\"]}]},{\"@type\":\"BreadcrumbList\",\"@id\":\"https:\\\/\\\/ondesign.pt\\\/inicio\\\/politicas-de-privacidade\\\/#breadcrumb\",\"itemListElement\":[{\"@type\":\"ListItem\",\"position\":1,\"name\":\"In\u00edcio\",\"item\":\"https:\\\/\\\/ondesign.pt\\\/inicio\\\/\"},{\"@type\":\"ListItem\",\"position\":2,\"name\":\"Pol\u00edticas de Privacidade\"}]},{\"@type\":\"WebSite\",\"@id\":\"https:\\\/\\\/ondesign.pt\\\/inicio\\\/#website\",\"url\":\"https:\\\/\\\/ondesign.pt\\\/inicio\\\/\",\"name\":\"Ondesign Acrilicos & Publicidade\",\"description\":\"Atelier de design e comunica\u00e7\u00e3o que desenvolve servi\u00e7os de Brand Design, Design Gr\u00e1fico &amp; Produtos\",\"publisher\":{\"@id\":\"https:\\\/\\\/ondesign.pt\\\/inicio\\\/#organization\"},\"potentialAction\":[{\"@type\":\"SearchAction\",\"target\":{\"@type\":\"EntryPoint\",\"urlTemplate\":\"https:\\\/\\\/ondesign.pt\\\/inicio\\\/?s={search_term_string}\"},\"query-input\":{\"@type\":\"PropertyValueSpecification\",\"valueRequired\":true,\"valueName\":\"search_term_string\"}}],\"inLanguage\":\"pt-PT\"},{\"@type\":\"Organization\",\"@id\":\"https:\\\/\\\/ondesign.pt\\\/inicio\\\/#organization\",\"name\":\"Ondesign Acrilicos & Publicidade\",\"url\":\"https:\\\/\\\/ondesign.pt\\\/inicio\\\/\",\"logo\":{\"@type\":\"ImageObject\",\"inLanguage\":\"pt-PT\",\"@id\":\"https:\\\/\\\/ondesign.pt\\\/inicio\\\/#\\\/schema\\\/logo\\\/image\\\/\",\"url\":\"https:\\\/\\\/i0.wp.com\\\/ondesign.pt\\\/inicio\\\/wp-content\\\/uploads\\\/2021\\\/01\\\/ondesign2.png?fit=250%2C88&ssl=1\",\"contentUrl\":\"https:\\\/\\\/i0.wp.com\\\/ondesign.pt\\\/inicio\\\/wp-content\\\/uploads\\\/2021\\\/01\\\/ondesign2.png?fit=250%2C88&ssl=1\",\"width\":250,\"height\":88,\"caption\":\"Ondesign Acrilicos & Publicidade\"},\"image\":{\"@id\":\"https:\\\/\\\/ondesign.pt\\\/inicio\\\/#\\\/schema\\\/logo\\\/image\\\/\"},\"sameAs\":[\"https:\\\/\\\/www.facebook.com\\\/ondesignagency\",\"https:\\\/\\\/www.instagram.com\\\/ondesign.pt\\\/\",\"https:\\\/\\\/www.linkedin.com\\\/in\\\/nuno-loureno-455835101\\\/\"]}]}<\/script>\n<!-- \/ Yoast SEO plugin. -->","yoast_head_json":{"title":"Pol\u00edticas de Privacidade - Ondesign","robots":{"index":"index","follow":"follow","max-snippet":"max-snippet:-1","max-image-preview":"max-image-preview:large","max-video-preview":"max-video-preview:-1"},"canonical":"https:\/\/ondesign.pt\/inicio\/politicas-de-privacidade\/","og_locale":"pt_PT","og_type":"article","og_title":"Pol\u00edticas de Privacidade - Ondesign","og_description":"Pol\u00edticas de Privacidade Ondesign Acrilicos &amp; Publicidade e a prote\u00e7\u00e3o de dados pessoais A presente declara\u00e7\u00e3o tem como objetivo esclarecer quais os dados pessoais que recolhemos na intera\u00e7\u00e3o dos utilizadores","og_url":"https:\/\/ondesign.pt\/inicio\/politicas-de-privacidade\/","og_site_name":"Ondesign","article_publisher":"https:\/\/www.facebook.com\/ondesignagency","article_modified_time":"2025-05-28T19:39:29+00:00","twitter_card":"summary_large_image","twitter_misc":{"Tempo estimado de leitura":"4 minutos"},"schema":{"@context":"https:\/\/schema.org","@graph":[{"@type":"WebPage","@id":"https:\/\/ondesign.pt\/inicio\/politicas-de-privacidade\/","url":"https:\/\/ondesign.pt\/inicio\/politicas-de-privacidade\/","name":"Pol\u00edticas de Privacidade - Ondesign","isPartOf":{"@id":"https:\/\/ondesign.pt\/inicio\/#website"},"datePublished":"2020-03-23T09:44:29+00:00","dateModified":"2025-05-28T19:39:29+00:00","breadcrumb":{"@id":"https:\/\/ondesign.pt\/inicio\/politicas-de-privacidade\/#breadcrumb"},"inLanguage":"pt-PT","potentialAction":[{"@type":"ReadAction","target":["https:\/\/ondesign.pt\/inicio\/politicas-de-privacidade\/"]}]},{"@type":"BreadcrumbList","@id":"https:\/\/ondesign.pt\/inicio\/politicas-de-privacidade\/#breadcrumb","itemListElement":[{"@type":"ListItem","position":1,"name":"In\u00edcio","item":"https:\/\/ondesign.pt\/inicio\/"},{"@type":"ListItem","position":2,"name":"Pol\u00edticas de Privacidade"}]},{"@type":"WebSite","@id":"https:\/\/ondesign.pt\/inicio\/#website","url":"https:\/\/ondesign.pt\/inicio\/","name":"Ondesign Acrilicos & Publicidade","description":"Atelier de design e comunica\u00e7\u00e3o que desenvolve servi\u00e7os de Brand Design, Design Gr\u00e1fico &amp; Produtos","publisher":{"@id":"https:\/\/ondesign.pt\/inicio\/#organization"},"potentialAction":[{"@type":"SearchAction","target":{"@type":"EntryPoint","urlTemplate":"https:\/\/ondesign.pt\/inicio\/?s={search_term_string}"},"query-input":{"@type":"PropertyValueSpecification","valueRequired":true,"valueName":"search_term_string"}}],"inLanguage":"pt-PT"},{"@type":"Organization","@id":"https:\/\/ondesign.pt\/inicio\/#organization","name":"Ondesign Acrilicos & Publicidade","url":"https:\/\/ondesign.pt\/inicio\/","logo":{"@type":"ImageObject","inLanguage":"pt-PT","@id":"https:\/\/ondesign.pt\/inicio\/#\/schema\/logo\/image\/","url":"https:\/\/i0.wp.com\/ondesign.pt\/inicio\/wp-content\/uploads\/2021\/01\/ondesign2.png?fit=250%2C88&ssl=1","contentUrl":"https:\/\/i0.wp.com\/ondesign.pt\/inicio\/wp-content\/uploads\/2021\/01\/ondesign2.png?fit=250%2C88&ssl=1","width":250,"height":88,"caption":"Ondesign Acrilicos & Publicidade"},"image":{"@id":"https:\/\/ondesign.pt\/inicio\/#\/schema\/logo\/image\/"},"sameAs":["https:\/\/www.facebook.com\/ondesignagency","https:\/\/www.instagram.com\/ondesign.pt\/","https:\/\/www.linkedin.com\/in\/nuno-loureno-455835101\/"]}]}},"jetpack_sharing_enabled":true,"_links":{"self":[{"href":"https:\/\/ondesign.pt\/inicio\/wp-json\/wp\/v2\/pages\/785","targetHints":{"allow":["GET"]}}],"collection":[{"href":"https:\/\/ondesign.pt\/inicio\/wp-json\/wp\/v2\/pages"}],"about":[{"href":"https:\/\/ondesign.pt\/inicio\/wp-json\/wp\/v2\/types\/page"}],"author":[{"embeddable":true,"href":"https:\/\/ondesign.pt\/inicio\/wp-json\/wp\/v2\/users\/2"}],"replies":[{"embeddable":true,"href":"https:\/\/ondesign.pt\/inicio\/wp-json\/wp\/v2\/comments?post=785"}],"version-history":[{"count":0,"href":"https:\/\/ondesign.pt\/inicio\/wp-json\/wp\/v2\/pages\/785\/revisions"}],"wp:attachment":[{"href":"https:\/\/ondesign.pt\/inicio\/wp-json\/wp\/v2\/media?parent=785"}],"curies":[{"name":"wp","href":"https:\/\/api.w.org\/{rel}","templated":true}]}}