{"id":1147,"date":"2020-04-19T16:47:15","date_gmt":"2020-04-19T16:47:15","guid":{"rendered":"https:\/\/ondesign.pt\/inicio\/?post_type=product&#038;p=1147"},"modified":"2020-04-19T16:53:57","modified_gmt":"2020-04-19T16:53:57","slug":"vinil-transparente-laminado-a-branco","status":"publish","type":"product","link":"https:\/\/ondesign.pt\/inicio\/produto\/vinil-transparente-laminado-a-branco\/","title":{"rendered":"Vinil Transparente Laminado a Branco"},"content":{"rendered":"","protected":false},"excerpt":{"rendered":"<p>O vinil transparente laminado a branco , excelente solu\u00e7\u00e3o para colocar na montra da sua loja.<\/p>\n<p>Aplicado na parte interior do vidro faz com que este vinil tenha mais durabilidade do que aqueles que s\u00e3o aplicados pelo lado de fora.<\/p>\n<p>A sua encomenda dever\u00e1 perfazer 1m2. Assim sendo, aumente o n\u00famero de c\u00f3pias at\u00e9 atingir o m2 pretendidos.<\/p>\n<p>Caso pretenda aplica\u00e7\u00e3o do seu vinil por um dos nossos t\u00e9cnicos, dever\u00e1 entrar em contacto para as nossas instala\u00e7\u00f5es ou solicitar aplica\u00e7\u00e3o nas observa\u00e7\u00f5es da sua compra.<\/p>\n<p>Aten\u00e7\u00e3o: Qualquer aplica\u00e7\u00e3o dos referidos materiais pelos nossos t\u00e9cnicos n\u00e3o esta contemplada no valor unit\u00e1rio dos mesmos.<\/p>\n","protected":false},"featured_media":1148,"template":"","meta":{"cybocfi_hide_featured_image":"","jetpack_publicize_message":"","jetpack_publicize_feature_enabled":true,"jetpack_social_post_already_shared":false,"jetpack_social_options":{"image_generator_settings":{"template":"highway","default_image_id":0,"font":"","enabled":false},"version":2}},"product_brand":[],"product_cat":[251],"product_tag":[108],"class_list":{"0":"post-1147","1":"product","2":"type-product","3":"status-publish","4":"has-post-thumbnail","6":"product_cat-vinil-autocolante","7":"product_tag-vinil-autocolante","9":"first","10":"instock","11":"taxable","12":"shipping-taxable","13":"purchasable","14":"product-type-simple"},"yoast_head":"<!-- This site is optimized with the Yoast SEO plugin v27.4 - https:\/\/yoast.com\/product\/yoast-seo-wordpress\/ -->\n<title>Vinil Transparente Laminado a Branco - Ondesign<\/title>\n<meta name=\"robots\" content=\"index, follow, max-snippet:-1, max-image-preview:large, max-video-preview:-1\" \/>\n<link rel=\"canonical\" href=\"https:\/\/ondesign.pt\/inicio\/produto\/vinil-transparente-laminado-a-branco\/\" \/>\n<meta property=\"og:locale\" content=\"pt_PT\" \/>\n<meta property=\"og:type\" content=\"article\" \/>\n<meta property=\"og:title\" content=\"Vinil Transparente Laminado a Branco - Ondesign\" \/>\n<meta property=\"og:description\" content=\"O vinil transparente laminado a branco , excelente solu\u00e7\u00e3o para colocar na montra da sua loja.  Aplicado na parte interior do vidro faz com que este vinil tenha mais durabilidade do que aqueles que s\u00e3o aplicados pelo lado de fora.  A sua encomenda dever\u00e1 perfazer 1m2. Assim sendo, aumente o n\u00famero de c\u00f3pias at\u00e9 atingir o m2 pretendidos.  Caso pretenda aplica\u00e7\u00e3o do seu vinil por um dos nossos t\u00e9cnicos, dever\u00e1 entrar em contacto para as nossas instala\u00e7\u00f5es ou solicitar aplica\u00e7\u00e3o nas observa\u00e7\u00f5es da sua compra.  Aten\u00e7\u00e3o: Qualquer aplica\u00e7\u00e3o dos referidos materiais pelos nossos t\u00e9cnicos n\u00e3o esta contemplada no valor unit\u00e1rio dos mesmos.\" \/>\n<meta property=\"og:url\" content=\"https:\/\/ondesign.pt\/inicio\/produto\/vinil-transparente-laminado-a-branco\/\" \/>\n<meta property=\"og:site_name\" content=\"Ondesign\" \/>\n<meta property=\"article:publisher\" content=\"https:\/\/www.facebook.com\/ondesignagency\" \/>\n<meta property=\"article:modified_time\" content=\"2020-04-19T16:53:57+00:00\" \/>\n<meta property=\"og:image\" content=\"https:\/\/i0.wp.com\/ondesign.pt\/inicio\/wp-content\/uploads\/2020\/04\/scmfa1.jpg?fit=768%2C768&ssl=1\" \/>\n\t<meta property=\"og:image:width\" content=\"768\" \/>\n\t<meta property=\"og:image:height\" content=\"768\" \/>\n\t<meta property=\"og:image:type\" content=\"image\/jpeg\" \/>\n<meta name=\"twitter:card\" content=\"summary_large_image\" \/>\n<script type=\"application\/ld+json\" class=\"yoast-schema-graph\">{\"@context\":\"https:\\\/\\\/schema.org\",\"@graph\":[{\"@type\":\"WebPage\",\"@id\":\"https:\\\/\\\/ondesign.pt\\\/inicio\\\/produto\\\/vinil-transparente-laminado-a-branco\\\/\",\"url\":\"https:\\\/\\\/ondesign.pt\\\/inicio\\\/produto\\\/vinil-transparente-laminado-a-branco\\\/\",\"name\":\"Vinil Transparente Laminado a Branco - Ondesign\",\"isPartOf\":{\"@id\":\"https:\\\/\\\/ondesign.pt\\\/inicio\\\/#website\"},\"primaryImageOfPage\":{\"@id\":\"https:\\\/\\\/ondesign.pt\\\/inicio\\\/produto\\\/vinil-transparente-laminado-a-branco\\\/#primaryimage\"},\"image\":{\"@id\":\"https:\\\/\\\/ondesign.pt\\\/inicio\\\/produto\\\/vinil-transparente-laminado-a-branco\\\/#primaryimage\"},\"thumbnailUrl\":\"https:\\\/\\\/i0.wp.com\\\/ondesign.pt\\\/inicio\\\/wp-content\\\/uploads\\\/2020\\\/04\\\/scmfa1.jpg?fit=768%2C768&ssl=1\",\"datePublished\":\"2020-04-19T16:47:15+00:00\",\"dateModified\":\"2020-04-19T16:53:57+00:00\",\"breadcrumb\":{\"@id\":\"https:\\\/\\\/ondesign.pt\\\/inicio\\\/produto\\\/vinil-transparente-laminado-a-branco\\\/#breadcrumb\"},\"inLanguage\":\"pt-PT\",\"potentialAction\":[{\"@type\":\"ReadAction\",\"target\":[\"https:\\\/\\\/ondesign.pt\\\/inicio\\\/produto\\\/vinil-transparente-laminado-a-branco\\\/\"]}]},{\"@type\":\"ImageObject\",\"inLanguage\":\"pt-PT\",\"@id\":\"https:\\\/\\\/ondesign.pt\\\/inicio\\\/produto\\\/vinil-transparente-laminado-a-branco\\\/#primaryimage\",\"url\":\"https:\\\/\\\/i0.wp.com\\\/ondesign.pt\\\/inicio\\\/wp-content\\\/uploads\\\/2020\\\/04\\\/scmfa1.jpg?fit=768%2C768&ssl=1\",\"contentUrl\":\"https:\\\/\\\/i0.wp.com\\\/ondesign.pt\\\/inicio\\\/wp-content\\\/uploads\\\/2020\\\/04\\\/scmfa1.jpg?fit=768%2C768&ssl=1\",\"width\":768,\"height\":768},{\"@type\":\"BreadcrumbList\",\"@id\":\"https:\\\/\\\/ondesign.pt\\\/inicio\\\/produto\\\/vinil-transparente-laminado-a-branco\\\/#breadcrumb\",\"itemListElement\":[{\"@type\":\"ListItem\",\"position\":1,\"name\":\"In\u00edcio\",\"item\":\"https:\\\/\\\/ondesign.pt\\\/inicio\\\/\"},{\"@type\":\"ListItem\",\"position\":2,\"name\":\"Home\",\"item\":\"https:\\\/\\\/ondesign.pt\\\/inicio\\\/home\\\/\"},{\"@type\":\"ListItem\",\"position\":3,\"name\":\"Vinil Transparente Laminado a Branco\"}]},{\"@type\":\"WebSite\",\"@id\":\"https:\\\/\\\/ondesign.pt\\\/inicio\\\/#website\",\"url\":\"https:\\\/\\\/ondesign.pt\\\/inicio\\\/\",\"name\":\"Ondesign Acrilicos & Publicidade\",\"description\":\"Atelier de design e comunica\u00e7\u00e3o que desenvolve servi\u00e7os de Brand Design, Design Gr\u00e1fico &amp; Produtos\",\"publisher\":{\"@id\":\"https:\\\/\\\/ondesign.pt\\\/inicio\\\/#organization\"},\"potentialAction\":[{\"@type\":\"SearchAction\",\"target\":{\"@type\":\"EntryPoint\",\"urlTemplate\":\"https:\\\/\\\/ondesign.pt\\\/inicio\\\/?s={search_term_string}\"},\"query-input\":{\"@type\":\"PropertyValueSpecification\",\"valueRequired\":true,\"valueName\":\"search_term_string\"}}],\"inLanguage\":\"pt-PT\"},{\"@type\":\"Organization\",\"@id\":\"https:\\\/\\\/ondesign.pt\\\/inicio\\\/#organization\",\"name\":\"Ondesign Acrilicos & Publicidade\",\"url\":\"https:\\\/\\\/ondesign.pt\\\/inicio\\\/\",\"logo\":{\"@type\":\"ImageObject\",\"inLanguage\":\"pt-PT\",\"@id\":\"https:\\\/\\\/ondesign.pt\\\/inicio\\\/#\\\/schema\\\/logo\\\/image\\\/\",\"url\":\"https:\\\/\\\/i0.wp.com\\\/ondesign.pt\\\/inicio\\\/wp-content\\\/uploads\\\/2021\\\/01\\\/ondesign2.png?fit=250%2C88&ssl=1\",\"contentUrl\":\"https:\\\/\\\/i0.wp.com\\\/ondesign.pt\\\/inicio\\\/wp-content\\\/uploads\\\/2021\\\/01\\\/ondesign2.png?fit=250%2C88&ssl=1\",\"width\":250,\"height\":88,\"caption\":\"Ondesign Acrilicos & Publicidade\"},\"image\":{\"@id\":\"https:\\\/\\\/ondesign.pt\\\/inicio\\\/#\\\/schema\\\/logo\\\/image\\\/\"},\"sameAs\":[\"https:\\\/\\\/www.facebook.com\\\/ondesignagency\",\"https:\\\/\\\/www.instagram.com\\\/ondesign.pt\\\/\",\"https:\\\/\\\/www.linkedin.com\\\/in\\\/nuno-loureno-455835101\\\/\"]}]}<\/script>\n<!-- \/ Yoast SEO plugin. -->","yoast_head_json":{"title":"Vinil Transparente Laminado a Branco - Ondesign","robots":{"index":"index","follow":"follow","max-snippet":"max-snippet:-1","max-image-preview":"max-image-preview:large","max-video-preview":"max-video-preview:-1"},"canonical":"https:\/\/ondesign.pt\/inicio\/produto\/vinil-transparente-laminado-a-branco\/","og_locale":"pt_PT","og_type":"article","og_title":"Vinil Transparente Laminado a Branco - Ondesign","og_description":"O vinil transparente laminado a branco , excelente solu\u00e7\u00e3o para colocar na montra da sua loja.  Aplicado na parte interior do vidro faz com que este vinil tenha mais durabilidade do que aqueles que s\u00e3o aplicados pelo lado de fora.  A sua encomenda dever\u00e1 perfazer 1m2. Assim sendo, aumente o n\u00famero de c\u00f3pias at\u00e9 atingir o m2 pretendidos.  Caso pretenda aplica\u00e7\u00e3o do seu vinil por um dos nossos t\u00e9cnicos, dever\u00e1 entrar em contacto para as nossas instala\u00e7\u00f5es ou solicitar aplica\u00e7\u00e3o nas observa\u00e7\u00f5es da sua compra.  Aten\u00e7\u00e3o: Qualquer aplica\u00e7\u00e3o dos referidos materiais pelos nossos t\u00e9cnicos n\u00e3o esta contemplada no valor unit\u00e1rio dos mesmos.","og_url":"https:\/\/ondesign.pt\/inicio\/produto\/vinil-transparente-laminado-a-branco\/","og_site_name":"Ondesign","article_publisher":"https:\/\/www.facebook.com\/ondesignagency","article_modified_time":"2020-04-19T16:53:57+00:00","og_image":[{"width":768,"height":768,"url":"https:\/\/i0.wp.com\/ondesign.pt\/inicio\/wp-content\/uploads\/2020\/04\/scmfa1.jpg?fit=768%2C768&ssl=1","type":"image\/jpeg"}],"twitter_card":"summary_large_image","schema":{"@context":"https:\/\/schema.org","@graph":[{"@type":"WebPage","@id":"https:\/\/ondesign.pt\/inicio\/produto\/vinil-transparente-laminado-a-branco\/","url":"https:\/\/ondesign.pt\/inicio\/produto\/vinil-transparente-laminado-a-branco\/","name":"Vinil Transparente Laminado a Branco - Ondesign","isPartOf":{"@id":"https:\/\/ondesign.pt\/inicio\/#website"},"primaryImageOfPage":{"@id":"https:\/\/ondesign.pt\/inicio\/produto\/vinil-transparente-laminado-a-branco\/#primaryimage"},"image":{"@id":"https:\/\/ondesign.pt\/inicio\/produto\/vinil-transparente-laminado-a-branco\/#primaryimage"},"thumbnailUrl":"https:\/\/i0.wp.com\/ondesign.pt\/inicio\/wp-content\/uploads\/2020\/04\/scmfa1.jpg?fit=768%2C768&ssl=1","datePublished":"2020-04-19T16:47:15+00:00","dateModified":"2020-04-19T16:53:57+00:00","breadcrumb":{"@id":"https:\/\/ondesign.pt\/inicio\/produto\/vinil-transparente-laminado-a-branco\/#breadcrumb"},"inLanguage":"pt-PT","potentialAction":[{"@type":"ReadAction","target":["https:\/\/ondesign.pt\/inicio\/produto\/vinil-transparente-laminado-a-branco\/"]}]},{"@type":"ImageObject","inLanguage":"pt-PT","@id":"https:\/\/ondesign.pt\/inicio\/produto\/vinil-transparente-laminado-a-branco\/#primaryimage","url":"https:\/\/i0.wp.com\/ondesign.pt\/inicio\/wp-content\/uploads\/2020\/04\/scmfa1.jpg?fit=768%2C768&ssl=1","contentUrl":"https:\/\/i0.wp.com\/ondesign.pt\/inicio\/wp-content\/uploads\/2020\/04\/scmfa1.jpg?fit=768%2C768&ssl=1","width":768,"height":768},{"@type":"BreadcrumbList","@id":"https:\/\/ondesign.pt\/inicio\/produto\/vinil-transparente-laminado-a-branco\/#breadcrumb","itemListElement":[{"@type":"ListItem","position":1,"name":"In\u00edcio","item":"https:\/\/ondesign.pt\/inicio\/"},{"@type":"ListItem","position":2,"name":"Home","item":"https:\/\/ondesign.pt\/inicio\/home\/"},{"@type":"ListItem","position":3,"name":"Vinil Transparente Laminado a Branco"}]},{"@type":"WebSite","@id":"https:\/\/ondesign.pt\/inicio\/#website","url":"https:\/\/ondesign.pt\/inicio\/","name":"Ondesign Acrilicos & Publicidade","description":"Atelier de design e comunica\u00e7\u00e3o que desenvolve servi\u00e7os de Brand Design, Design Gr\u00e1fico &amp; Produtos","publisher":{"@id":"https:\/\/ondesign.pt\/inicio\/#organization"},"potentialAction":[{"@type":"SearchAction","target":{"@type":"EntryPoint","urlTemplate":"https:\/\/ondesign.pt\/inicio\/?s={search_term_string}"},"query-input":{"@type":"PropertyValueSpecification","valueRequired":true,"valueName":"search_term_string"}}],"inLanguage":"pt-PT"},{"@type":"Organization","@id":"https:\/\/ondesign.pt\/inicio\/#organization","name":"Ondesign Acrilicos & Publicidade","url":"https:\/\/ondesign.pt\/inicio\/","logo":{"@type":"ImageObject","inLanguage":"pt-PT","@id":"https:\/\/ondesign.pt\/inicio\/#\/schema\/logo\/image\/","url":"https:\/\/i0.wp.com\/ondesign.pt\/inicio\/wp-content\/uploads\/2021\/01\/ondesign2.png?fit=250%2C88&ssl=1","contentUrl":"https:\/\/i0.wp.com\/ondesign.pt\/inicio\/wp-content\/uploads\/2021\/01\/ondesign2.png?fit=250%2C88&ssl=1","width":250,"height":88,"caption":"Ondesign Acrilicos & Publicidade"},"image":{"@id":"https:\/\/ondesign.pt\/inicio\/#\/schema\/logo\/image\/"},"sameAs":["https:\/\/www.facebook.com\/ondesignagency","https:\/\/www.instagram.com\/ondesign.pt\/","https:\/\/www.linkedin.com\/in\/nuno-loureno-455835101\/"]}]}},"jetpack_publicize_connections":[],"jetpack_sharing_enabled":true,"tiered_pricing_type":"fixed","tiered_pricing_fixed_rules":[],"tiered_pricing_product_settings":{"layout":"default","base_unit_name":{"singular":null,"plural":null},"default_variation":null},"tiered_pricing_minimum_quantity":null,"tiered_pricing_roles_data":[],"tiered_pricing_percentage_rules":[],"_links":{"self":[{"href":"https:\/\/ondesign.pt\/inicio\/wp-json\/wp\/v2\/product\/1147","targetHints":{"allow":["GET"]}}],"collection":[{"href":"https:\/\/ondesign.pt\/inicio\/wp-json\/wp\/v2\/product"}],"about":[{"href":"https:\/\/ondesign.pt\/inicio\/wp-json\/wp\/v2\/types\/product"}],"wp:featuredmedia":[{"embeddable":true,"href":"https:\/\/ondesign.pt\/inicio\/wp-json\/wp\/v2\/media\/1148"}],"wp:attachment":[{"href":"https:\/\/ondesign.pt\/inicio\/wp-json\/wp\/v2\/media?parent=1147"}],"wp:term":[{"taxonomy":"product_brand","embeddable":true,"href":"https:\/\/ondesign.pt\/inicio\/wp-json\/wp\/v2\/product_brand?post=1147"},{"taxonomy":"product_cat","embeddable":true,"href":"https:\/\/ondesign.pt\/inicio\/wp-json\/wp\/v2\/product_cat?post=1147"},{"taxonomy":"product_tag","embeddable":true,"href":"https:\/\/ondesign.pt\/inicio\/wp-json\/wp\/v2\/product_tag?post=1147"}],"curies":[{"name":"wp","href":"https:\/\/api.w.org\/{rel}","templated":true}]}}