{"id":12553,"date":"2025-06-18T15:29:44","date_gmt":"2025-06-18T15:29:44","guid":{"rendered":"https:\/\/ondesign.pt\/inicio\/?post_type=product&#038;p=12553"},"modified":"2025-12-27T20:44:43","modified_gmt":"2025-12-27T20:44:43","slug":"garrafa-sublimacao-yakye","status":"publish","type":"product","link":"https:\/\/ondesign.pt\/inicio\/produto\/garrafa-sublimacao-yakye\/","title":{"rendered":"Garrafa Sublima\u00e7\u00e3o Yakye"},"content":{"rendered":"","protected":false},"excerpt":{"rendered":"<p>Garrafa de alum\u00ednio com capacidade de 800 ml. Na cor branca brilhante, especialmente projetado para sublima\u00e7\u00e3o. Inclui tampa preta com sistema de fechamento \u00e0 rosca, pegador de silicone cinza para um selo ideal, dosador e al\u00e7a de transporte ajust\u00e1vel. Livre de BPA.<\/p>\n<p>Material:Alum\u00ednio<\/p>\n<p>Medidas:x 24.3 x cm | 8 \u00d8<\/p>\n","protected":false},"featured_media":12554,"template":"","meta":{"cybocfi_hide_featured_image":""},"product_brand":[],"product_cat":[632],"product_tag":[],"class_list":{"0":"post-12553","1":"product","2":"type-product","3":"status-publish","4":"has-post-thumbnail","6":"product_cat-sublimacao","8":"first","9":"instock","10":"taxable","11":"shipping-taxable","12":"purchasable","13":"product-type-variable"},"yoast_head":"<!-- This site is optimized with the Yoast SEO plugin v27.4 - https:\/\/yoast.com\/product\/yoast-seo-wordpress\/ -->\n<title>Garrafa Sublima\u00e7\u00e3o Yakye - Ondesign<\/title>\n<meta name=\"robots\" content=\"index, follow, max-snippet:-1, max-image-preview:large, max-video-preview:-1\" \/>\n<link rel=\"canonical\" href=\"https:\/\/ondesign.pt\/inicio\/produto\/garrafa-sublimacao-yakye\/\" \/>\n<meta property=\"og:locale\" content=\"pt_PT\" \/>\n<meta property=\"og:type\" content=\"article\" \/>\n<meta property=\"og:title\" content=\"Garrafa Sublima\u00e7\u00e3o Yakye - Ondesign\" \/>\n<meta property=\"og:description\" content=\"Garrafa de alum\u00ednio com capacidade de 800 ml. Na cor branca brilhante, especialmente projetado para sublima\u00e7\u00e3o. Inclui tampa preta com sistema de fechamento \u00e0 rosca, pegador de silicone cinza para um selo ideal, dosador e al\u00e7a de transporte ajust\u00e1vel. Livre de BPA.  Material:Alum\u00ednio  Medidas:x 24.3 x cm | 8 \u00d8\" \/>\n<meta property=\"og:url\" content=\"https:\/\/ondesign.pt\/inicio\/produto\/garrafa-sublimacao-yakye\/\" \/>\n<meta property=\"og:site_name\" content=\"Ondesign\" \/>\n<meta property=\"article:publisher\" content=\"https:\/\/www.facebook.com\/ondesignagency\" \/>\n<meta property=\"article:modified_time\" content=\"2025-12-27T20:44:43+00:00\" \/>\n<meta property=\"og:image\" content=\"https:\/\/i0.wp.com\/ondesign.pt\/inicio\/wp-content\/uploads\/2025\/06\/21715-000-10.jpg?fit=1080%2C1080&ssl=1\" \/>\n\t<meta property=\"og:image:width\" content=\"1080\" \/>\n\t<meta property=\"og:image:height\" content=\"1080\" \/>\n\t<meta property=\"og:image:type\" content=\"image\/jpeg\" \/>\n<meta name=\"twitter:card\" content=\"summary_large_image\" \/>\n<script type=\"application\/ld+json\" class=\"yoast-schema-graph\">{\"@context\":\"https:\\\/\\\/schema.org\",\"@graph\":[{\"@type\":\"WebPage\",\"@id\":\"https:\\\/\\\/ondesign.pt\\\/inicio\\\/produto\\\/garrafa-sublimacao-yakye\\\/\",\"url\":\"https:\\\/\\\/ondesign.pt\\\/inicio\\\/produto\\\/garrafa-sublimacao-yakye\\\/\",\"name\":\"Garrafa Sublima\u00e7\u00e3o Yakye - Ondesign\",\"isPartOf\":{\"@id\":\"https:\\\/\\\/ondesign.pt\\\/inicio\\\/#website\"},\"primaryImageOfPage\":{\"@id\":\"https:\\\/\\\/ondesign.pt\\\/inicio\\\/produto\\\/garrafa-sublimacao-yakye\\\/#primaryimage\"},\"image\":{\"@id\":\"https:\\\/\\\/ondesign.pt\\\/inicio\\\/produto\\\/garrafa-sublimacao-yakye\\\/#primaryimage\"},\"thumbnailUrl\":\"https:\\\/\\\/i0.wp.com\\\/ondesign.pt\\\/inicio\\\/wp-content\\\/uploads\\\/2025\\\/06\\\/21715-000-10.jpg?fit=1080%2C1080&ssl=1\",\"datePublished\":\"2025-06-18T15:29:44+00:00\",\"dateModified\":\"2025-12-27T20:44:43+00:00\",\"breadcrumb\":{\"@id\":\"https:\\\/\\\/ondesign.pt\\\/inicio\\\/produto\\\/garrafa-sublimacao-yakye\\\/#breadcrumb\"},\"inLanguage\":\"pt-PT\",\"potentialAction\":[{\"@type\":\"ReadAction\",\"target\":[\"https:\\\/\\\/ondesign.pt\\\/inicio\\\/produto\\\/garrafa-sublimacao-yakye\\\/\"]}]},{\"@type\":\"ImageObject\",\"inLanguage\":\"pt-PT\",\"@id\":\"https:\\\/\\\/ondesign.pt\\\/inicio\\\/produto\\\/garrafa-sublimacao-yakye\\\/#primaryimage\",\"url\":\"https:\\\/\\\/i0.wp.com\\\/ondesign.pt\\\/inicio\\\/wp-content\\\/uploads\\\/2025\\\/06\\\/21715-000-10.jpg?fit=1080%2C1080&ssl=1\",\"contentUrl\":\"https:\\\/\\\/i0.wp.com\\\/ondesign.pt\\\/inicio\\\/wp-content\\\/uploads\\\/2025\\\/06\\\/21715-000-10.jpg?fit=1080%2C1080&ssl=1\",\"width\":1080,\"height\":1080},{\"@type\":\"BreadcrumbList\",\"@id\":\"https:\\\/\\\/ondesign.pt\\\/inicio\\\/produto\\\/garrafa-sublimacao-yakye\\\/#breadcrumb\",\"itemListElement\":[{\"@type\":\"ListItem\",\"position\":1,\"name\":\"In\u00edcio\",\"item\":\"https:\\\/\\\/ondesign.pt\\\/inicio\\\/\"},{\"@type\":\"ListItem\",\"position\":2,\"name\":\"Home\",\"item\":\"https:\\\/\\\/ondesign.pt\\\/inicio\\\/home\\\/\"},{\"@type\":\"ListItem\",\"position\":3,\"name\":\"Garrafa Sublima\u00e7\u00e3o Yakye\"}]},{\"@type\":\"WebSite\",\"@id\":\"https:\\\/\\\/ondesign.pt\\\/inicio\\\/#website\",\"url\":\"https:\\\/\\\/ondesign.pt\\\/inicio\\\/\",\"name\":\"Ondesign Acrilicos & Publicidade\",\"description\":\"Atelier de design e comunica\u00e7\u00e3o que desenvolve servi\u00e7os de Brand Design, Design Gr\u00e1fico &amp; Produtos\",\"publisher\":{\"@id\":\"https:\\\/\\\/ondesign.pt\\\/inicio\\\/#organization\"},\"potentialAction\":[{\"@type\":\"SearchAction\",\"target\":{\"@type\":\"EntryPoint\",\"urlTemplate\":\"https:\\\/\\\/ondesign.pt\\\/inicio\\\/?s={search_term_string}\"},\"query-input\":{\"@type\":\"PropertyValueSpecification\",\"valueRequired\":true,\"valueName\":\"search_term_string\"}}],\"inLanguage\":\"pt-PT\"},{\"@type\":\"Organization\",\"@id\":\"https:\\\/\\\/ondesign.pt\\\/inicio\\\/#organization\",\"name\":\"Ondesign Acrilicos & Publicidade\",\"url\":\"https:\\\/\\\/ondesign.pt\\\/inicio\\\/\",\"logo\":{\"@type\":\"ImageObject\",\"inLanguage\":\"pt-PT\",\"@id\":\"https:\\\/\\\/ondesign.pt\\\/inicio\\\/#\\\/schema\\\/logo\\\/image\\\/\",\"url\":\"https:\\\/\\\/i0.wp.com\\\/ondesign.pt\\\/inicio\\\/wp-content\\\/uploads\\\/2021\\\/01\\\/ondesign2.png?fit=250%2C88&ssl=1\",\"contentUrl\":\"https:\\\/\\\/i0.wp.com\\\/ondesign.pt\\\/inicio\\\/wp-content\\\/uploads\\\/2021\\\/01\\\/ondesign2.png?fit=250%2C88&ssl=1\",\"width\":250,\"height\":88,\"caption\":\"Ondesign Acrilicos & Publicidade\"},\"image\":{\"@id\":\"https:\\\/\\\/ondesign.pt\\\/inicio\\\/#\\\/schema\\\/logo\\\/image\\\/\"},\"sameAs\":[\"https:\\\/\\\/www.facebook.com\\\/ondesignagency\",\"https:\\\/\\\/www.instagram.com\\\/ondesign.pt\\\/\",\"https:\\\/\\\/www.linkedin.com\\\/in\\\/nuno-loureno-455835101\\\/\"]}]}<\/script>\n<!-- \/ Yoast SEO plugin. -->","yoast_head_json":{"title":"Garrafa Sublima\u00e7\u00e3o Yakye - Ondesign","robots":{"index":"index","follow":"follow","max-snippet":"max-snippet:-1","max-image-preview":"max-image-preview:large","max-video-preview":"max-video-preview:-1"},"canonical":"https:\/\/ondesign.pt\/inicio\/produto\/garrafa-sublimacao-yakye\/","og_locale":"pt_PT","og_type":"article","og_title":"Garrafa Sublima\u00e7\u00e3o Yakye - Ondesign","og_description":"Garrafa de alum\u00ednio com capacidade de 800 ml. Na cor branca brilhante, especialmente projetado para sublima\u00e7\u00e3o. Inclui tampa preta com sistema de fechamento \u00e0 rosca, pegador de silicone cinza para um selo ideal, dosador e al\u00e7a de transporte ajust\u00e1vel. Livre de BPA.  Material:Alum\u00ednio  Medidas:x 24.3 x cm | 8 \u00d8","og_url":"https:\/\/ondesign.pt\/inicio\/produto\/garrafa-sublimacao-yakye\/","og_site_name":"Ondesign","article_publisher":"https:\/\/www.facebook.com\/ondesignagency","article_modified_time":"2025-12-27T20:44:43+00:00","og_image":[{"width":1080,"height":1080,"url":"https:\/\/i0.wp.com\/ondesign.pt\/inicio\/wp-content\/uploads\/2025\/06\/21715-000-10.jpg?fit=1080%2C1080&ssl=1","type":"image\/jpeg"}],"twitter_card":"summary_large_image","schema":{"@context":"https:\/\/schema.org","@graph":[{"@type":"WebPage","@id":"https:\/\/ondesign.pt\/inicio\/produto\/garrafa-sublimacao-yakye\/","url":"https:\/\/ondesign.pt\/inicio\/produto\/garrafa-sublimacao-yakye\/","name":"Garrafa Sublima\u00e7\u00e3o Yakye - Ondesign","isPartOf":{"@id":"https:\/\/ondesign.pt\/inicio\/#website"},"primaryImageOfPage":{"@id":"https:\/\/ondesign.pt\/inicio\/produto\/garrafa-sublimacao-yakye\/#primaryimage"},"image":{"@id":"https:\/\/ondesign.pt\/inicio\/produto\/garrafa-sublimacao-yakye\/#primaryimage"},"thumbnailUrl":"https:\/\/i0.wp.com\/ondesign.pt\/inicio\/wp-content\/uploads\/2025\/06\/21715-000-10.jpg?fit=1080%2C1080&ssl=1","datePublished":"2025-06-18T15:29:44+00:00","dateModified":"2025-12-27T20:44:43+00:00","breadcrumb":{"@id":"https:\/\/ondesign.pt\/inicio\/produto\/garrafa-sublimacao-yakye\/#breadcrumb"},"inLanguage":"pt-PT","potentialAction":[{"@type":"ReadAction","target":["https:\/\/ondesign.pt\/inicio\/produto\/garrafa-sublimacao-yakye\/"]}]},{"@type":"ImageObject","inLanguage":"pt-PT","@id":"https:\/\/ondesign.pt\/inicio\/produto\/garrafa-sublimacao-yakye\/#primaryimage","url":"https:\/\/i0.wp.com\/ondesign.pt\/inicio\/wp-content\/uploads\/2025\/06\/21715-000-10.jpg?fit=1080%2C1080&ssl=1","contentUrl":"https:\/\/i0.wp.com\/ondesign.pt\/inicio\/wp-content\/uploads\/2025\/06\/21715-000-10.jpg?fit=1080%2C1080&ssl=1","width":1080,"height":1080},{"@type":"BreadcrumbList","@id":"https:\/\/ondesign.pt\/inicio\/produto\/garrafa-sublimacao-yakye\/#breadcrumb","itemListElement":[{"@type":"ListItem","position":1,"name":"In\u00edcio","item":"https:\/\/ondesign.pt\/inicio\/"},{"@type":"ListItem","position":2,"name":"Home","item":"https:\/\/ondesign.pt\/inicio\/home\/"},{"@type":"ListItem","position":3,"name":"Garrafa Sublima\u00e7\u00e3o Yakye"}]},{"@type":"WebSite","@id":"https:\/\/ondesign.pt\/inicio\/#website","url":"https:\/\/ondesign.pt\/inicio\/","name":"Ondesign Acrilicos & Publicidade","description":"Atelier de design e comunica\u00e7\u00e3o que desenvolve servi\u00e7os de Brand Design, Design Gr\u00e1fico &amp; Produtos","publisher":{"@id":"https:\/\/ondesign.pt\/inicio\/#organization"},"potentialAction":[{"@type":"SearchAction","target":{"@type":"EntryPoint","urlTemplate":"https:\/\/ondesign.pt\/inicio\/?s={search_term_string}"},"query-input":{"@type":"PropertyValueSpecification","valueRequired":true,"valueName":"search_term_string"}}],"inLanguage":"pt-PT"},{"@type":"Organization","@id":"https:\/\/ondesign.pt\/inicio\/#organization","name":"Ondesign Acrilicos & Publicidade","url":"https:\/\/ondesign.pt\/inicio\/","logo":{"@type":"ImageObject","inLanguage":"pt-PT","@id":"https:\/\/ondesign.pt\/inicio\/#\/schema\/logo\/image\/","url":"https:\/\/i0.wp.com\/ondesign.pt\/inicio\/wp-content\/uploads\/2021\/01\/ondesign2.png?fit=250%2C88&ssl=1","contentUrl":"https:\/\/i0.wp.com\/ondesign.pt\/inicio\/wp-content\/uploads\/2021\/01\/ondesign2.png?fit=250%2C88&ssl=1","width":250,"height":88,"caption":"Ondesign Acrilicos & Publicidade"},"image":{"@id":"https:\/\/ondesign.pt\/inicio\/#\/schema\/logo\/image\/"},"sameAs":["https:\/\/www.facebook.com\/ondesignagency","https:\/\/www.instagram.com\/ondesign.pt\/","https:\/\/www.linkedin.com\/in\/nuno-loureno-455835101\/"]}]}},"jetpack_sharing_enabled":true,"tiered_pricing_type":"fixed","tiered_pricing_fixed_rules":[],"tiered_pricing_product_settings":{"layout":"default","base_unit_name":{"singular":null,"plural":null},"default_variation":null},"tiered_pricing_minimum_quantity":null,"tiered_pricing_roles_data":[],"tiered_pricing_percentage_rules":[],"_links":{"self":[{"href":"https:\/\/ondesign.pt\/inicio\/wp-json\/wp\/v2\/product\/12553","targetHints":{"allow":["GET"]}}],"collection":[{"href":"https:\/\/ondesign.pt\/inicio\/wp-json\/wp\/v2\/product"}],"about":[{"href":"https:\/\/ondesign.pt\/inicio\/wp-json\/wp\/v2\/types\/product"}],"wp:featuredmedia":[{"embeddable":true,"href":"https:\/\/ondesign.pt\/inicio\/wp-json\/wp\/v2\/media\/12554"}],"wp:attachment":[{"href":"https:\/\/ondesign.pt\/inicio\/wp-json\/wp\/v2\/media?parent=12553"}],"wp:term":[{"taxonomy":"product_brand","embeddable":true,"href":"https:\/\/ondesign.pt\/inicio\/wp-json\/wp\/v2\/product_brand?post=12553"},{"taxonomy":"product_cat","embeddable":true,"href":"https:\/\/ondesign.pt\/inicio\/wp-json\/wp\/v2\/product_cat?post=12553"},{"taxonomy":"product_tag","embeddable":true,"href":"https:\/\/ondesign.pt\/inicio\/wp-json\/wp\/v2\/product_tag?post=12553"}],"curies":[{"name":"wp","href":"https:\/\/api.w.org\/{rel}","templated":true}]}}