{"id":13524,"date":"2025-07-03T09:19:21","date_gmt":"2025-07-03T09:19:21","guid":{"rendered":"https:\/\/ondesign.pt\/inicio\/?post_type=product&#038;p=13524"},"modified":"2025-12-27T20:13:27","modified_gmt":"2025-12-27T20:13:27","slug":"saco-antibacteriano-kiarax","status":"publish","type":"product","link":"https:\/\/ondesign.pt\/inicio\/produto\/saco-antibacteriano-kiarax\/","title":{"rendered":"Saco Antibacteriano Kiarax"},"content":{"rendered":"","protected":false},"excerpt":{"rendered":"<p>Saco antibacteriano em PP-woven de alta resist\u00eancia e acabamento mate. Dispon\u00edvel numa variada gama de cores, com al\u00e7as m\u00e9dias refor\u00e7adas com 50 cm de comprimento. Acabamento cosido, com foles e cantos refor\u00e7ados.<\/p>\n<p>Os produtos com tratamentos antibacterianos s\u00e3o capazes de reduzir dr\u00e1sticamente as cargas bacterianas presentes nas superf\u00edcies dos materiais, gra\u00e7as \u00e0 incorpora\u00e7\u00e3o de agentes microbianos permanentes est\u00e1ticos, com alta efic\u00e1cia para inibir e prevenir a contamina\u00e7\u00e3o bacteriana.<\/p>\n<p>Artigo de acordo com a ISO 22196, que determina a atividade antibacteriana em materiais pl\u00e1sticos e superf\u00edcies n\u00e3o porosas, o que permite conhecer a efic\u00e1cia da inibi\u00e7\u00e3o microbiana que t\u00eam os aditivos sobre os objetos tratados mediante uma avalia\u00e7\u00e3o quantitativa.<\/p>\n<p>Material:Non-Woven Laminado<\/p>\n<p>Medidas:38 x 40 x 12 cm<\/p>\n","protected":false},"featured_media":13526,"template":"","meta":{"cybocfi_hide_featured_image":""},"product_brand":[],"product_cat":[258],"product_tag":[],"class_list":{"0":"post-13524","1":"product","2":"type-product","3":"status-publish","4":"has-post-thumbnail","6":"product_cat-sacos","8":"first","9":"instock","10":"taxable","11":"shipping-taxable","12":"purchasable","13":"product-type-variable"},"yoast_head":"<!-- This site is optimized with the Yoast SEO plugin v27.4 - https:\/\/yoast.com\/product\/yoast-seo-wordpress\/ -->\n<title>Saco Antibacteriano Kiarax - Ondesign<\/title>\n<meta name=\"robots\" content=\"index, follow, max-snippet:-1, max-image-preview:large, max-video-preview:-1\" \/>\n<link rel=\"canonical\" href=\"https:\/\/ondesign.pt\/inicio\/produto\/saco-antibacteriano-kiarax\/\" \/>\n<meta property=\"og:locale\" content=\"pt_PT\" \/>\n<meta property=\"og:type\" content=\"article\" \/>\n<meta property=\"og:title\" content=\"Saco Antibacteriano Kiarax - Ondesign\" \/>\n<meta property=\"og:description\" content=\"Saco antibacteriano em PP-woven de alta resist\u00eancia e acabamento mate. Dispon\u00edvel numa variada gama de cores, com al\u00e7as m\u00e9dias refor\u00e7adas com 50 cm de comprimento. Acabamento cosido, com foles e cantos refor\u00e7ados.  Os produtos com tratamentos antibacterianos s\u00e3o capazes de reduzir dr\u00e1sticamente as cargas bacterianas presentes nas superf\u00edcies dos materiais, gra\u00e7as \u00e0 incorpora\u00e7\u00e3o de agentes microbianos permanentes est\u00e1ticos, com alta efic\u00e1cia para inibir e prevenir a contamina\u00e7\u00e3o bacteriana.  Artigo de acordo com a ISO 22196, que determina a atividade antibacteriana em materiais pl\u00e1sticos e superf\u00edcies n\u00e3o porosas, o que permite conhecer a efic\u00e1cia da inibi\u00e7\u00e3o microbiana que t\u00eam os aditivos sobre os objetos tratados mediante uma avalia\u00e7\u00e3o quantitativa.  Material:Non-Woven Laminado  Medidas:38 x 40 x 12 cm\" \/>\n<meta property=\"og:url\" content=\"https:\/\/ondesign.pt\/inicio\/produto\/saco-antibacteriano-kiarax\/\" \/>\n<meta property=\"og:site_name\" content=\"Ondesign\" \/>\n<meta property=\"article:publisher\" content=\"https:\/\/www.facebook.com\/ondesignagency\" \/>\n<meta property=\"article:modified_time\" content=\"2025-12-27T20:13:27+00:00\" \/>\n<meta property=\"og:image\" content=\"https:\/\/i0.wp.com\/ondesign.pt\/inicio\/wp-content\/uploads\/2025\/07\/6767-000-10.jpg?fit=1080%2C1080&ssl=1\" \/>\n\t<meta property=\"og:image:width\" content=\"1080\" \/>\n\t<meta property=\"og:image:height\" content=\"1080\" \/>\n\t<meta property=\"og:image:type\" content=\"image\/jpeg\" \/>\n<meta name=\"twitter:card\" content=\"summary_large_image\" \/>\n<script type=\"application\/ld+json\" class=\"yoast-schema-graph\">{\"@context\":\"https:\\\/\\\/schema.org\",\"@graph\":[{\"@type\":\"WebPage\",\"@id\":\"https:\\\/\\\/ondesign.pt\\\/inicio\\\/produto\\\/saco-antibacteriano-kiarax\\\/\",\"url\":\"https:\\\/\\\/ondesign.pt\\\/inicio\\\/produto\\\/saco-antibacteriano-kiarax\\\/\",\"name\":\"Saco Antibacteriano Kiarax - Ondesign\",\"isPartOf\":{\"@id\":\"https:\\\/\\\/ondesign.pt\\\/inicio\\\/#website\"},\"primaryImageOfPage\":{\"@id\":\"https:\\\/\\\/ondesign.pt\\\/inicio\\\/produto\\\/saco-antibacteriano-kiarax\\\/#primaryimage\"},\"image\":{\"@id\":\"https:\\\/\\\/ondesign.pt\\\/inicio\\\/produto\\\/saco-antibacteriano-kiarax\\\/#primaryimage\"},\"thumbnailUrl\":\"https:\\\/\\\/i0.wp.com\\\/ondesign.pt\\\/inicio\\\/wp-content\\\/uploads\\\/2025\\\/07\\\/6767-000-10.jpg?fit=1080%2C1080&ssl=1\",\"datePublished\":\"2025-07-03T09:19:21+00:00\",\"dateModified\":\"2025-12-27T20:13:27+00:00\",\"breadcrumb\":{\"@id\":\"https:\\\/\\\/ondesign.pt\\\/inicio\\\/produto\\\/saco-antibacteriano-kiarax\\\/#breadcrumb\"},\"inLanguage\":\"pt-PT\",\"potentialAction\":[{\"@type\":\"ReadAction\",\"target\":[\"https:\\\/\\\/ondesign.pt\\\/inicio\\\/produto\\\/saco-antibacteriano-kiarax\\\/\"]}]},{\"@type\":\"ImageObject\",\"inLanguage\":\"pt-PT\",\"@id\":\"https:\\\/\\\/ondesign.pt\\\/inicio\\\/produto\\\/saco-antibacteriano-kiarax\\\/#primaryimage\",\"url\":\"https:\\\/\\\/i0.wp.com\\\/ondesign.pt\\\/inicio\\\/wp-content\\\/uploads\\\/2025\\\/07\\\/6767-000-10.jpg?fit=1080%2C1080&ssl=1\",\"contentUrl\":\"https:\\\/\\\/i0.wp.com\\\/ondesign.pt\\\/inicio\\\/wp-content\\\/uploads\\\/2025\\\/07\\\/6767-000-10.jpg?fit=1080%2C1080&ssl=1\",\"width\":1080,\"height\":1080},{\"@type\":\"BreadcrumbList\",\"@id\":\"https:\\\/\\\/ondesign.pt\\\/inicio\\\/produto\\\/saco-antibacteriano-kiarax\\\/#breadcrumb\",\"itemListElement\":[{\"@type\":\"ListItem\",\"position\":1,\"name\":\"In\u00edcio\",\"item\":\"https:\\\/\\\/ondesign.pt\\\/inicio\\\/\"},{\"@type\":\"ListItem\",\"position\":2,\"name\":\"Home\",\"item\":\"https:\\\/\\\/ondesign.pt\\\/inicio\\\/home\\\/\"},{\"@type\":\"ListItem\",\"position\":3,\"name\":\"Saco Antibacteriano Kiarax\"}]},{\"@type\":\"WebSite\",\"@id\":\"https:\\\/\\\/ondesign.pt\\\/inicio\\\/#website\",\"url\":\"https:\\\/\\\/ondesign.pt\\\/inicio\\\/\",\"name\":\"Ondesign Acrilicos & Publicidade\",\"description\":\"Atelier de design e comunica\u00e7\u00e3o que desenvolve servi\u00e7os de Brand Design, Design Gr\u00e1fico &amp; Produtos\",\"publisher\":{\"@id\":\"https:\\\/\\\/ondesign.pt\\\/inicio\\\/#organization\"},\"potentialAction\":[{\"@type\":\"SearchAction\",\"target\":{\"@type\":\"EntryPoint\",\"urlTemplate\":\"https:\\\/\\\/ondesign.pt\\\/inicio\\\/?s={search_term_string}\"},\"query-input\":{\"@type\":\"PropertyValueSpecification\",\"valueRequired\":true,\"valueName\":\"search_term_string\"}}],\"inLanguage\":\"pt-PT\"},{\"@type\":\"Organization\",\"@id\":\"https:\\\/\\\/ondesign.pt\\\/inicio\\\/#organization\",\"name\":\"Ondesign Acrilicos & Publicidade\",\"url\":\"https:\\\/\\\/ondesign.pt\\\/inicio\\\/\",\"logo\":{\"@type\":\"ImageObject\",\"inLanguage\":\"pt-PT\",\"@id\":\"https:\\\/\\\/ondesign.pt\\\/inicio\\\/#\\\/schema\\\/logo\\\/image\\\/\",\"url\":\"https:\\\/\\\/i0.wp.com\\\/ondesign.pt\\\/inicio\\\/wp-content\\\/uploads\\\/2021\\\/01\\\/ondesign2.png?fit=250%2C88&ssl=1\",\"contentUrl\":\"https:\\\/\\\/i0.wp.com\\\/ondesign.pt\\\/inicio\\\/wp-content\\\/uploads\\\/2021\\\/01\\\/ondesign2.png?fit=250%2C88&ssl=1\",\"width\":250,\"height\":88,\"caption\":\"Ondesign Acrilicos & Publicidade\"},\"image\":{\"@id\":\"https:\\\/\\\/ondesign.pt\\\/inicio\\\/#\\\/schema\\\/logo\\\/image\\\/\"},\"sameAs\":[\"https:\\\/\\\/www.facebook.com\\\/ondesignagency\",\"https:\\\/\\\/www.instagram.com\\\/ondesign.pt\\\/\",\"https:\\\/\\\/www.linkedin.com\\\/in\\\/nuno-loureno-455835101\\\/\"]}]}<\/script>\n<!-- \/ Yoast SEO plugin. -->","yoast_head_json":{"title":"Saco Antibacteriano Kiarax - Ondesign","robots":{"index":"index","follow":"follow","max-snippet":"max-snippet:-1","max-image-preview":"max-image-preview:large","max-video-preview":"max-video-preview:-1"},"canonical":"https:\/\/ondesign.pt\/inicio\/produto\/saco-antibacteriano-kiarax\/","og_locale":"pt_PT","og_type":"article","og_title":"Saco Antibacteriano Kiarax - Ondesign","og_description":"Saco antibacteriano em PP-woven de alta resist\u00eancia e acabamento mate. Dispon\u00edvel numa variada gama de cores, com al\u00e7as m\u00e9dias refor\u00e7adas com 50 cm de comprimento. Acabamento cosido, com foles e cantos refor\u00e7ados.  Os produtos com tratamentos antibacterianos s\u00e3o capazes de reduzir dr\u00e1sticamente as cargas bacterianas presentes nas superf\u00edcies dos materiais, gra\u00e7as \u00e0 incorpora\u00e7\u00e3o de agentes microbianos permanentes est\u00e1ticos, com alta efic\u00e1cia para inibir e prevenir a contamina\u00e7\u00e3o bacteriana.  Artigo de acordo com a ISO 22196, que determina a atividade antibacteriana em materiais pl\u00e1sticos e superf\u00edcies n\u00e3o porosas, o que permite conhecer a efic\u00e1cia da inibi\u00e7\u00e3o microbiana que t\u00eam os aditivos sobre os objetos tratados mediante uma avalia\u00e7\u00e3o quantitativa.  Material:Non-Woven Laminado  Medidas:38 x 40 x 12 cm","og_url":"https:\/\/ondesign.pt\/inicio\/produto\/saco-antibacteriano-kiarax\/","og_site_name":"Ondesign","article_publisher":"https:\/\/www.facebook.com\/ondesignagency","article_modified_time":"2025-12-27T20:13:27+00:00","og_image":[{"width":1080,"height":1080,"url":"https:\/\/i0.wp.com\/ondesign.pt\/inicio\/wp-content\/uploads\/2025\/07\/6767-000-10.jpg?fit=1080%2C1080&ssl=1","type":"image\/jpeg"}],"twitter_card":"summary_large_image","schema":{"@context":"https:\/\/schema.org","@graph":[{"@type":"WebPage","@id":"https:\/\/ondesign.pt\/inicio\/produto\/saco-antibacteriano-kiarax\/","url":"https:\/\/ondesign.pt\/inicio\/produto\/saco-antibacteriano-kiarax\/","name":"Saco Antibacteriano Kiarax - Ondesign","isPartOf":{"@id":"https:\/\/ondesign.pt\/inicio\/#website"},"primaryImageOfPage":{"@id":"https:\/\/ondesign.pt\/inicio\/produto\/saco-antibacteriano-kiarax\/#primaryimage"},"image":{"@id":"https:\/\/ondesign.pt\/inicio\/produto\/saco-antibacteriano-kiarax\/#primaryimage"},"thumbnailUrl":"https:\/\/i0.wp.com\/ondesign.pt\/inicio\/wp-content\/uploads\/2025\/07\/6767-000-10.jpg?fit=1080%2C1080&ssl=1","datePublished":"2025-07-03T09:19:21+00:00","dateModified":"2025-12-27T20:13:27+00:00","breadcrumb":{"@id":"https:\/\/ondesign.pt\/inicio\/produto\/saco-antibacteriano-kiarax\/#breadcrumb"},"inLanguage":"pt-PT","potentialAction":[{"@type":"ReadAction","target":["https:\/\/ondesign.pt\/inicio\/produto\/saco-antibacteriano-kiarax\/"]}]},{"@type":"ImageObject","inLanguage":"pt-PT","@id":"https:\/\/ondesign.pt\/inicio\/produto\/saco-antibacteriano-kiarax\/#primaryimage","url":"https:\/\/i0.wp.com\/ondesign.pt\/inicio\/wp-content\/uploads\/2025\/07\/6767-000-10.jpg?fit=1080%2C1080&ssl=1","contentUrl":"https:\/\/i0.wp.com\/ondesign.pt\/inicio\/wp-content\/uploads\/2025\/07\/6767-000-10.jpg?fit=1080%2C1080&ssl=1","width":1080,"height":1080},{"@type":"BreadcrumbList","@id":"https:\/\/ondesign.pt\/inicio\/produto\/saco-antibacteriano-kiarax\/#breadcrumb","itemListElement":[{"@type":"ListItem","position":1,"name":"In\u00edcio","item":"https:\/\/ondesign.pt\/inicio\/"},{"@type":"ListItem","position":2,"name":"Home","item":"https:\/\/ondesign.pt\/inicio\/home\/"},{"@type":"ListItem","position":3,"name":"Saco Antibacteriano Kiarax"}]},{"@type":"WebSite","@id":"https:\/\/ondesign.pt\/inicio\/#website","url":"https:\/\/ondesign.pt\/inicio\/","name":"Ondesign Acrilicos & Publicidade","description":"Atelier de design e comunica\u00e7\u00e3o que desenvolve servi\u00e7os de Brand Design, Design Gr\u00e1fico &amp; Produtos","publisher":{"@id":"https:\/\/ondesign.pt\/inicio\/#organization"},"potentialAction":[{"@type":"SearchAction","target":{"@type":"EntryPoint","urlTemplate":"https:\/\/ondesign.pt\/inicio\/?s={search_term_string}"},"query-input":{"@type":"PropertyValueSpecification","valueRequired":true,"valueName":"search_term_string"}}],"inLanguage":"pt-PT"},{"@type":"Organization","@id":"https:\/\/ondesign.pt\/inicio\/#organization","name":"Ondesign Acrilicos & Publicidade","url":"https:\/\/ondesign.pt\/inicio\/","logo":{"@type":"ImageObject","inLanguage":"pt-PT","@id":"https:\/\/ondesign.pt\/inicio\/#\/schema\/logo\/image\/","url":"https:\/\/i0.wp.com\/ondesign.pt\/inicio\/wp-content\/uploads\/2021\/01\/ondesign2.png?fit=250%2C88&ssl=1","contentUrl":"https:\/\/i0.wp.com\/ondesign.pt\/inicio\/wp-content\/uploads\/2021\/01\/ondesign2.png?fit=250%2C88&ssl=1","width":250,"height":88,"caption":"Ondesign Acrilicos & Publicidade"},"image":{"@id":"https:\/\/ondesign.pt\/inicio\/#\/schema\/logo\/image\/"},"sameAs":["https:\/\/www.facebook.com\/ondesignagency","https:\/\/www.instagram.com\/ondesign.pt\/","https:\/\/www.linkedin.com\/in\/nuno-loureno-455835101\/"]}]}},"jetpack_sharing_enabled":true,"tiered_pricing_type":"fixed","tiered_pricing_fixed_rules":[],"tiered_pricing_product_settings":{"layout":"default","base_unit_name":{"singular":null,"plural":null},"default_variation":null},"tiered_pricing_minimum_quantity":null,"tiered_pricing_roles_data":[],"tiered_pricing_percentage_rules":[],"_links":{"self":[{"href":"https:\/\/ondesign.pt\/inicio\/wp-json\/wp\/v2\/product\/13524","targetHints":{"allow":["GET"]}}],"collection":[{"href":"https:\/\/ondesign.pt\/inicio\/wp-json\/wp\/v2\/product"}],"about":[{"href":"https:\/\/ondesign.pt\/inicio\/wp-json\/wp\/v2\/types\/product"}],"wp:featuredmedia":[{"embeddable":true,"href":"https:\/\/ondesign.pt\/inicio\/wp-json\/wp\/v2\/media\/13526"}],"wp:attachment":[{"href":"https:\/\/ondesign.pt\/inicio\/wp-json\/wp\/v2\/media?parent=13524"}],"wp:term":[{"taxonomy":"product_brand","embeddable":true,"href":"https:\/\/ondesign.pt\/inicio\/wp-json\/wp\/v2\/product_brand?post=13524"},{"taxonomy":"product_cat","embeddable":true,"href":"https:\/\/ondesign.pt\/inicio\/wp-json\/wp\/v2\/product_cat?post=13524"},{"taxonomy":"product_tag","embeddable":true,"href":"https:\/\/ondesign.pt\/inicio\/wp-json\/wp\/v2\/product_tag?post=13524"}],"curies":[{"name":"wp","href":"https:\/\/api.w.org\/{rel}","templated":true}]}}