{"id":207,"date":"2020-03-13T14:59:59","date_gmt":"2020-03-13T14:59:59","guid":{"rendered":"https:\/\/ondesign.pt\/inicio\/?post_type=product&#038;p=207"},"modified":"2022-05-03T17:03:43","modified_gmt":"2022-05-03T17:03:43","slug":"cabo-de-aco-15mm-3m-com-cotovelo-p-parede-e-tecto-aluminio","status":"publish","type":"product","link":"https:\/\/ondesign.pt\/inicio\/produto\/cabo-de-aco-15mm-3m-com-cotovelo-p-parede-e-tecto-aluminio\/","title":{"rendered":"Cabo De A\u00e7o 1,5MM 3M Com Cotovelo P\/ Parede e Tecto Alum\u00ednio"},"content":{"rendered":"","protected":false},"excerpt":{"rendered":"<p>Este sistema de cabo de a\u00e7o \u00e9 o sistema mais popular do mundo e \u00e9 usado, devido \u00e0 flexibilidade concedida pelos cotovelos em alum\u00ednio, tanto em montras de imobili\u00e1rias ou ag\u00eancias de viagens, para suspender acr\u00edlicos, como para sinaliza\u00e7\u00e3o de escrit\u00f3rios, lojas.<\/p>\n<p>Tem a capacidade de suspender at\u00e9 80 kg por ponto de suspens\u00e3o, por isso, mesmo o mais pesado dos itens, como acr\u00edlicos ou outras placas, podem ser exibidos devido \u00e0 sua espessura de 1,5mm e de comprimento de 3m.<\/p>\n<p>Tem inclu\u00eddos dois cotovelos em alum\u00ednio que permitem a sua aplica\u00e7\u00e3o em quase todas as situa\u00e7\u00f5es optando por parede ou tecto.<\/p>\n<p>As combina\u00e7\u00f5es s\u00e3o infinitas quando juntamos acess\u00f3rios como os clipes ou os acr\u00edlicos em sandwich, permitindo que passe a sua mensagem de forma imediata e com alto impacto.<\/p>\n<p><strong>Acess\u00f3rios Opcionais<\/strong><\/p>\n<p>Pack 4x Unidades Clip Uni Alum\u00ednio<br \/>\nPack 4x Unidades Clip Duplo Alum\u00ednio<br \/>\nPack 4x Unidade Clip Invis\u00edvel Uni Alum\u00ednio<br \/>\nPack 4x Unidade Clip Invis\u00edvel Duplo Alum\u00ednio<\/p>\n<p>Painel Acr\u00edlico p\/ Sistema de Cabos de A\u00e7o<\/p>\n","protected":false},"featured_media":208,"template":"","meta":{"cybocfi_hide_featured_image":"","jetpack_publicize_message":"","jetpack_publicize_feature_enabled":true,"jetpack_social_post_already_shared":false,"jetpack_social_options":{"image_generator_settings":{"template":"highway","default_image_id":0,"font":"","enabled":false},"version":2}},"product_brand":[],"product_cat":[17],"product_tag":[39],"class_list":{"0":"post-207","1":"product","2":"type-product","3":"status-publish","4":"has-post-thumbnail","6":"product_cat-cabos-de-aco","7":"product_tag-cabos-de-aco","9":"first","10":"instock","11":"taxable","12":"shipping-taxable","13":"purchasable","14":"product-type-simple"},"yoast_head":"<!-- This site is optimized with the Yoast SEO plugin v27.4 - https:\/\/yoast.com\/product\/yoast-seo-wordpress\/ -->\n<title>Cabo De A\u00e7o 1,5MM 3M Com Cotovelo P\/ Parede e Tecto Alum\u00ednio - Ondesign<\/title>\n<meta name=\"robots\" content=\"index, follow, max-snippet:-1, max-image-preview:large, max-video-preview:-1\" \/>\n<link rel=\"canonical\" href=\"https:\/\/ondesign.pt\/inicio\/produto\/cabo-de-aco-15mm-3m-com-cotovelo-p-parede-e-tecto-aluminio\/\" \/>\n<meta property=\"og:locale\" content=\"pt_PT\" \/>\n<meta property=\"og:type\" content=\"article\" \/>\n<meta property=\"og:title\" content=\"Cabo De A\u00e7o 1,5MM 3M Com Cotovelo P\/ Parede e Tecto Alum\u00ednio - Ondesign\" \/>\n<meta property=\"og:description\" content=\"Este sistema de cabo de a\u00e7o \u00e9 o sistema mais popular do mundo e \u00e9 usado, devido \u00e0 flexibilidade concedida pelos cotovelos em alum\u00ednio, tanto em montras de imobili\u00e1rias ou ag\u00eancias de viagens, para suspender acr\u00edlicos, como para sinaliza\u00e7\u00e3o de escrit\u00f3rios, lojas.  Tem a capacidade de suspender at\u00e9 80 kg por ponto de suspens\u00e3o, por isso, mesmo o mais pesado dos itens, como acr\u00edlicos ou outras placas, podem ser exibidos devido \u00e0 sua espessura de 1,5mm e de comprimento de 3m.  Tem inclu\u00eddos dois cotovelos em alum\u00ednio que permitem a sua aplica\u00e7\u00e3o em quase todas as situa\u00e7\u00f5es optando por parede ou tecto.  As combina\u00e7\u00f5es s\u00e3o infinitas quando juntamos acess\u00f3rios como os clipes ou os acr\u00edlicos em sandwich, permitindo que passe a sua mensagem de forma imediata e com alto impacto.  Acess\u00f3rios Opcionais  Pack 4x Unidades Clip Uni Alum\u00ednio Pack 4x Unidades Clip Duplo Alum\u00ednio Pack 4x Unidade Clip Invis\u00edvel Uni Alum\u00ednio Pack 4x Unidade Clip Invis\u00edvel Duplo Alum\u00ednio  Painel Acr\u00edlico p\/ Sistema de Cabos de A\u00e7o\" \/>\n<meta property=\"og:url\" content=\"https:\/\/ondesign.pt\/inicio\/produto\/cabo-de-aco-15mm-3m-com-cotovelo-p-parede-e-tecto-aluminio\/\" \/>\n<meta property=\"og:site_name\" content=\"Ondesign\" \/>\n<meta property=\"article:publisher\" content=\"https:\/\/www.facebook.com\/ondesignagency\" \/>\n<meta property=\"article:modified_time\" content=\"2022-05-03T17:03:43+00:00\" \/>\n<meta property=\"og:image\" content=\"https:\/\/i0.wp.com\/ondesign.pt\/inicio\/wp-content\/uploads\/2020\/03\/CABO-DE-A%C3%87O-15MM-3M-COM-COTOVELO-PAREDE-E-TECTO-ALUM%C3%8DNIO.jpg?fit=727%2C692&ssl=1\" \/>\n\t<meta property=\"og:image:width\" content=\"727\" \/>\n\t<meta property=\"og:image:height\" content=\"692\" \/>\n\t<meta property=\"og:image:type\" content=\"image\/jpeg\" \/>\n<meta name=\"twitter:card\" content=\"summary_large_image\" \/>\n<script type=\"application\/ld+json\" class=\"yoast-schema-graph\">{\"@context\":\"https:\\\/\\\/schema.org\",\"@graph\":[{\"@type\":\"WebPage\",\"@id\":\"https:\\\/\\\/ondesign.pt\\\/inicio\\\/produto\\\/cabo-de-aco-15mm-3m-com-cotovelo-p-parede-e-tecto-aluminio\\\/\",\"url\":\"https:\\\/\\\/ondesign.pt\\\/inicio\\\/produto\\\/cabo-de-aco-15mm-3m-com-cotovelo-p-parede-e-tecto-aluminio\\\/\",\"name\":\"Cabo De A\u00e7o 1,5MM 3M Com Cotovelo P\\\/ Parede e Tecto Alum\u00ednio - Ondesign\",\"isPartOf\":{\"@id\":\"https:\\\/\\\/ondesign.pt\\\/inicio\\\/#website\"},\"primaryImageOfPage\":{\"@id\":\"https:\\\/\\\/ondesign.pt\\\/inicio\\\/produto\\\/cabo-de-aco-15mm-3m-com-cotovelo-p-parede-e-tecto-aluminio\\\/#primaryimage\"},\"image\":{\"@id\":\"https:\\\/\\\/ondesign.pt\\\/inicio\\\/produto\\\/cabo-de-aco-15mm-3m-com-cotovelo-p-parede-e-tecto-aluminio\\\/#primaryimage\"},\"thumbnailUrl\":\"https:\\\/\\\/i0.wp.com\\\/ondesign.pt\\\/inicio\\\/wp-content\\\/uploads\\\/2020\\\/03\\\/CABO-DE-A%C3%87O-15MM-3M-COM-COTOVELO-PAREDE-E-TECTO-ALUM%C3%8DNIO.jpg?fit=727%2C692&ssl=1\",\"datePublished\":\"2020-03-13T14:59:59+00:00\",\"dateModified\":\"2022-05-03T17:03:43+00:00\",\"breadcrumb\":{\"@id\":\"https:\\\/\\\/ondesign.pt\\\/inicio\\\/produto\\\/cabo-de-aco-15mm-3m-com-cotovelo-p-parede-e-tecto-aluminio\\\/#breadcrumb\"},\"inLanguage\":\"pt-PT\",\"potentialAction\":[{\"@type\":\"ReadAction\",\"target\":[\"https:\\\/\\\/ondesign.pt\\\/inicio\\\/produto\\\/cabo-de-aco-15mm-3m-com-cotovelo-p-parede-e-tecto-aluminio\\\/\"]}]},{\"@type\":\"ImageObject\",\"inLanguage\":\"pt-PT\",\"@id\":\"https:\\\/\\\/ondesign.pt\\\/inicio\\\/produto\\\/cabo-de-aco-15mm-3m-com-cotovelo-p-parede-e-tecto-aluminio\\\/#primaryimage\",\"url\":\"https:\\\/\\\/i0.wp.com\\\/ondesign.pt\\\/inicio\\\/wp-content\\\/uploads\\\/2020\\\/03\\\/CABO-DE-A%C3%87O-15MM-3M-COM-COTOVELO-PAREDE-E-TECTO-ALUM%C3%8DNIO.jpg?fit=727%2C692&ssl=1\",\"contentUrl\":\"https:\\\/\\\/i0.wp.com\\\/ondesign.pt\\\/inicio\\\/wp-content\\\/uploads\\\/2020\\\/03\\\/CABO-DE-A%C3%87O-15MM-3M-COM-COTOVELO-PAREDE-E-TECTO-ALUM%C3%8DNIO.jpg?fit=727%2C692&ssl=1\",\"width\":727,\"height\":692},{\"@type\":\"BreadcrumbList\",\"@id\":\"https:\\\/\\\/ondesign.pt\\\/inicio\\\/produto\\\/cabo-de-aco-15mm-3m-com-cotovelo-p-parede-e-tecto-aluminio\\\/#breadcrumb\",\"itemListElement\":[{\"@type\":\"ListItem\",\"position\":1,\"name\":\"In\u00edcio\",\"item\":\"https:\\\/\\\/ondesign.pt\\\/inicio\\\/\"},{\"@type\":\"ListItem\",\"position\":2,\"name\":\"Home\",\"item\":\"https:\\\/\\\/ondesign.pt\\\/inicio\\\/home\\\/\"},{\"@type\":\"ListItem\",\"position\":3,\"name\":\"Cabo De A\u00e7o 1,5MM 3M Com Cotovelo P\\\/ Parede e Tecto Alum\u00ednio\"}]},{\"@type\":\"WebSite\",\"@id\":\"https:\\\/\\\/ondesign.pt\\\/inicio\\\/#website\",\"url\":\"https:\\\/\\\/ondesign.pt\\\/inicio\\\/\",\"name\":\"Ondesign Acrilicos & Publicidade\",\"description\":\"Atelier de design e comunica\u00e7\u00e3o que desenvolve servi\u00e7os de Brand Design, Design Gr\u00e1fico &amp; Produtos\",\"publisher\":{\"@id\":\"https:\\\/\\\/ondesign.pt\\\/inicio\\\/#organization\"},\"potentialAction\":[{\"@type\":\"SearchAction\",\"target\":{\"@type\":\"EntryPoint\",\"urlTemplate\":\"https:\\\/\\\/ondesign.pt\\\/inicio\\\/?s={search_term_string}\"},\"query-input\":{\"@type\":\"PropertyValueSpecification\",\"valueRequired\":true,\"valueName\":\"search_term_string\"}}],\"inLanguage\":\"pt-PT\"},{\"@type\":\"Organization\",\"@id\":\"https:\\\/\\\/ondesign.pt\\\/inicio\\\/#organization\",\"name\":\"Ondesign Acrilicos & Publicidade\",\"url\":\"https:\\\/\\\/ondesign.pt\\\/inicio\\\/\",\"logo\":{\"@type\":\"ImageObject\",\"inLanguage\":\"pt-PT\",\"@id\":\"https:\\\/\\\/ondesign.pt\\\/inicio\\\/#\\\/schema\\\/logo\\\/image\\\/\",\"url\":\"https:\\\/\\\/i0.wp.com\\\/ondesign.pt\\\/inicio\\\/wp-content\\\/uploads\\\/2021\\\/01\\\/ondesign2.png?fit=250%2C88&ssl=1\",\"contentUrl\":\"https:\\\/\\\/i0.wp.com\\\/ondesign.pt\\\/inicio\\\/wp-content\\\/uploads\\\/2021\\\/01\\\/ondesign2.png?fit=250%2C88&ssl=1\",\"width\":250,\"height\":88,\"caption\":\"Ondesign Acrilicos & Publicidade\"},\"image\":{\"@id\":\"https:\\\/\\\/ondesign.pt\\\/inicio\\\/#\\\/schema\\\/logo\\\/image\\\/\"},\"sameAs\":[\"https:\\\/\\\/www.facebook.com\\\/ondesignagency\",\"https:\\\/\\\/www.instagram.com\\\/ondesign.pt\\\/\",\"https:\\\/\\\/www.linkedin.com\\\/in\\\/nuno-loureno-455835101\\\/\"]}]}<\/script>\n<!-- \/ Yoast SEO plugin. -->","yoast_head_json":{"title":"Cabo De A\u00e7o 1,5MM 3M Com Cotovelo P\/ Parede e Tecto Alum\u00ednio - Ondesign","robots":{"index":"index","follow":"follow","max-snippet":"max-snippet:-1","max-image-preview":"max-image-preview:large","max-video-preview":"max-video-preview:-1"},"canonical":"https:\/\/ondesign.pt\/inicio\/produto\/cabo-de-aco-15mm-3m-com-cotovelo-p-parede-e-tecto-aluminio\/","og_locale":"pt_PT","og_type":"article","og_title":"Cabo De A\u00e7o 1,5MM 3M Com Cotovelo P\/ Parede e Tecto Alum\u00ednio - Ondesign","og_description":"Este sistema de cabo de a\u00e7o \u00e9 o sistema mais popular do mundo e \u00e9 usado, devido \u00e0 flexibilidade concedida pelos cotovelos em alum\u00ednio, tanto em montras de imobili\u00e1rias ou ag\u00eancias de viagens, para suspender acr\u00edlicos, como para sinaliza\u00e7\u00e3o de escrit\u00f3rios, lojas.  Tem a capacidade de suspender at\u00e9 80 kg por ponto de suspens\u00e3o, por isso, mesmo o mais pesado dos itens, como acr\u00edlicos ou outras placas, podem ser exibidos devido \u00e0 sua espessura de 1,5mm e de comprimento de 3m.  Tem inclu\u00eddos dois cotovelos em alum\u00ednio que permitem a sua aplica\u00e7\u00e3o em quase todas as situa\u00e7\u00f5es optando por parede ou tecto.  As combina\u00e7\u00f5es s\u00e3o infinitas quando juntamos acess\u00f3rios como os clipes ou os acr\u00edlicos em sandwich, permitindo que passe a sua mensagem de forma imediata e com alto impacto.  Acess\u00f3rios Opcionais  Pack 4x Unidades Clip Uni Alum\u00ednio Pack 4x Unidades Clip Duplo Alum\u00ednio Pack 4x Unidade Clip Invis\u00edvel Uni Alum\u00ednio Pack 4x Unidade Clip Invis\u00edvel Duplo Alum\u00ednio  Painel Acr\u00edlico p\/ Sistema de Cabos de A\u00e7o","og_url":"https:\/\/ondesign.pt\/inicio\/produto\/cabo-de-aco-15mm-3m-com-cotovelo-p-parede-e-tecto-aluminio\/","og_site_name":"Ondesign","article_publisher":"https:\/\/www.facebook.com\/ondesignagency","article_modified_time":"2022-05-03T17:03:43+00:00","og_image":[{"width":727,"height":692,"url":"https:\/\/i0.wp.com\/ondesign.pt\/inicio\/wp-content\/uploads\/2020\/03\/CABO-DE-A%C3%87O-15MM-3M-COM-COTOVELO-PAREDE-E-TECTO-ALUM%C3%8DNIO.jpg?fit=727%2C692&ssl=1","type":"image\/jpeg"}],"twitter_card":"summary_large_image","schema":{"@context":"https:\/\/schema.org","@graph":[{"@type":"WebPage","@id":"https:\/\/ondesign.pt\/inicio\/produto\/cabo-de-aco-15mm-3m-com-cotovelo-p-parede-e-tecto-aluminio\/","url":"https:\/\/ondesign.pt\/inicio\/produto\/cabo-de-aco-15mm-3m-com-cotovelo-p-parede-e-tecto-aluminio\/","name":"Cabo De A\u00e7o 1,5MM 3M Com Cotovelo P\/ Parede e Tecto Alum\u00ednio - Ondesign","isPartOf":{"@id":"https:\/\/ondesign.pt\/inicio\/#website"},"primaryImageOfPage":{"@id":"https:\/\/ondesign.pt\/inicio\/produto\/cabo-de-aco-15mm-3m-com-cotovelo-p-parede-e-tecto-aluminio\/#primaryimage"},"image":{"@id":"https:\/\/ondesign.pt\/inicio\/produto\/cabo-de-aco-15mm-3m-com-cotovelo-p-parede-e-tecto-aluminio\/#primaryimage"},"thumbnailUrl":"https:\/\/i0.wp.com\/ondesign.pt\/inicio\/wp-content\/uploads\/2020\/03\/CABO-DE-A%C3%87O-15MM-3M-COM-COTOVELO-PAREDE-E-TECTO-ALUM%C3%8DNIO.jpg?fit=727%2C692&ssl=1","datePublished":"2020-03-13T14:59:59+00:00","dateModified":"2022-05-03T17:03:43+00:00","breadcrumb":{"@id":"https:\/\/ondesign.pt\/inicio\/produto\/cabo-de-aco-15mm-3m-com-cotovelo-p-parede-e-tecto-aluminio\/#breadcrumb"},"inLanguage":"pt-PT","potentialAction":[{"@type":"ReadAction","target":["https:\/\/ondesign.pt\/inicio\/produto\/cabo-de-aco-15mm-3m-com-cotovelo-p-parede-e-tecto-aluminio\/"]}]},{"@type":"ImageObject","inLanguage":"pt-PT","@id":"https:\/\/ondesign.pt\/inicio\/produto\/cabo-de-aco-15mm-3m-com-cotovelo-p-parede-e-tecto-aluminio\/#primaryimage","url":"https:\/\/i0.wp.com\/ondesign.pt\/inicio\/wp-content\/uploads\/2020\/03\/CABO-DE-A%C3%87O-15MM-3M-COM-COTOVELO-PAREDE-E-TECTO-ALUM%C3%8DNIO.jpg?fit=727%2C692&ssl=1","contentUrl":"https:\/\/i0.wp.com\/ondesign.pt\/inicio\/wp-content\/uploads\/2020\/03\/CABO-DE-A%C3%87O-15MM-3M-COM-COTOVELO-PAREDE-E-TECTO-ALUM%C3%8DNIO.jpg?fit=727%2C692&ssl=1","width":727,"height":692},{"@type":"BreadcrumbList","@id":"https:\/\/ondesign.pt\/inicio\/produto\/cabo-de-aco-15mm-3m-com-cotovelo-p-parede-e-tecto-aluminio\/#breadcrumb","itemListElement":[{"@type":"ListItem","position":1,"name":"In\u00edcio","item":"https:\/\/ondesign.pt\/inicio\/"},{"@type":"ListItem","position":2,"name":"Home","item":"https:\/\/ondesign.pt\/inicio\/home\/"},{"@type":"ListItem","position":3,"name":"Cabo De A\u00e7o 1,5MM 3M Com Cotovelo P\/ Parede e Tecto Alum\u00ednio"}]},{"@type":"WebSite","@id":"https:\/\/ondesign.pt\/inicio\/#website","url":"https:\/\/ondesign.pt\/inicio\/","name":"Ondesign Acrilicos & Publicidade","description":"Atelier de design e comunica\u00e7\u00e3o que desenvolve servi\u00e7os de Brand Design, Design Gr\u00e1fico &amp; Produtos","publisher":{"@id":"https:\/\/ondesign.pt\/inicio\/#organization"},"potentialAction":[{"@type":"SearchAction","target":{"@type":"EntryPoint","urlTemplate":"https:\/\/ondesign.pt\/inicio\/?s={search_term_string}"},"query-input":{"@type":"PropertyValueSpecification","valueRequired":true,"valueName":"search_term_string"}}],"inLanguage":"pt-PT"},{"@type":"Organization","@id":"https:\/\/ondesign.pt\/inicio\/#organization","name":"Ondesign Acrilicos & Publicidade","url":"https:\/\/ondesign.pt\/inicio\/","logo":{"@type":"ImageObject","inLanguage":"pt-PT","@id":"https:\/\/ondesign.pt\/inicio\/#\/schema\/logo\/image\/","url":"https:\/\/i0.wp.com\/ondesign.pt\/inicio\/wp-content\/uploads\/2021\/01\/ondesign2.png?fit=250%2C88&ssl=1","contentUrl":"https:\/\/i0.wp.com\/ondesign.pt\/inicio\/wp-content\/uploads\/2021\/01\/ondesign2.png?fit=250%2C88&ssl=1","width":250,"height":88,"caption":"Ondesign Acrilicos & Publicidade"},"image":{"@id":"https:\/\/ondesign.pt\/inicio\/#\/schema\/logo\/image\/"},"sameAs":["https:\/\/www.facebook.com\/ondesignagency","https:\/\/www.instagram.com\/ondesign.pt\/","https:\/\/www.linkedin.com\/in\/nuno-loureno-455835101\/"]}]}},"jetpack_publicize_connections":[],"jetpack_sharing_enabled":true,"tiered_pricing_type":"fixed","tiered_pricing_fixed_rules":[],"tiered_pricing_product_settings":{"layout":"default","base_unit_name":{"singular":null,"plural":null},"default_variation":null},"tiered_pricing_minimum_quantity":null,"tiered_pricing_roles_data":[],"tiered_pricing_percentage_rules":[],"_links":{"self":[{"href":"https:\/\/ondesign.pt\/inicio\/wp-json\/wp\/v2\/product\/207","targetHints":{"allow":["GET"]}}],"collection":[{"href":"https:\/\/ondesign.pt\/inicio\/wp-json\/wp\/v2\/product"}],"about":[{"href":"https:\/\/ondesign.pt\/inicio\/wp-json\/wp\/v2\/types\/product"}],"wp:featuredmedia":[{"embeddable":true,"href":"https:\/\/ondesign.pt\/inicio\/wp-json\/wp\/v2\/media\/208"}],"wp:attachment":[{"href":"https:\/\/ondesign.pt\/inicio\/wp-json\/wp\/v2\/media?parent=207"}],"wp:term":[{"taxonomy":"product_brand","embeddable":true,"href":"https:\/\/ondesign.pt\/inicio\/wp-json\/wp\/v2\/product_brand?post=207"},{"taxonomy":"product_cat","embeddable":true,"href":"https:\/\/ondesign.pt\/inicio\/wp-json\/wp\/v2\/product_cat?post=207"},{"taxonomy":"product_tag","embeddable":true,"href":"https:\/\/ondesign.pt\/inicio\/wp-json\/wp\/v2\/product_tag?post=207"}],"curies":[{"name":"wp","href":"https:\/\/api.w.org\/{rel}","templated":true}]}}