{"id":307,"date":"2020-03-17T15:08:37","date_gmt":"2020-03-17T15:08:37","guid":{"rendered":"https:\/\/ondesign.pt\/inicio\/?post_type=product&#038;p=307"},"modified":"2020-03-26T15:10:03","modified_gmt":"2020-03-26T15:10:03","slug":"lightbox-s2-a1-dupla-face-24v-vertical-ou-horizontal","status":"publish","type":"product","link":"https:\/\/ondesign.pt\/inicio\/produto\/lightbox-s2-a1-dupla-face-24v-vertical-ou-horizontal\/","title":{"rendered":"LightBox S2 A1 Dupla Face 24V Vertical Ou Horizontal"},"content":{"rendered":"","protected":false},"excerpt":{"rendered":"<p>. Este produto permite-lhe comunicar em duas faces<br \/>\n. Possui ilumina\u00e7\u00e3o led.<br \/>\n. Fica suspenso por um fixador ao tecto.<br \/>\n. Com um design elegante, decora na perfei\u00e7\u00e3o qualquer espa\u00e7o.<\/p>\n<p>O cabo de liga\u00e7\u00e3o passa pelo interior da Lightbox atrav\u00e9s das 2 entradas que o produto tem em cada um dos lados, permitindo utilizar o mesmo produto em diferentes orienta\u00e7\u00f5es: horizontal e vertical.<\/p>\n","protected":false},"featured_media":300,"template":"","meta":{"cybocfi_hide_featured_image":""},"product_brand":[],"product_cat":[24],"product_tag":[95],"class_list":{"0":"post-307","1":"product","2":"type-product","3":"status-publish","4":"has-post-thumbnail","6":"product_cat-caixas-de-luz","7":"product_tag-caixas-de-luz","9":"first","10":"instock","11":"taxable","12":"shipping-taxable","13":"purchasable","14":"product-type-simple"},"yoast_head":"<!-- This site is optimized with the Yoast SEO plugin v27.3 - https:\/\/yoast.com\/product\/yoast-seo-wordpress\/ -->\n<title>LightBox S2 A1 Dupla Face 24V Vertical Ou Horizontal - Ondesign<\/title>\n<meta name=\"robots\" content=\"index, follow, max-snippet:-1, max-image-preview:large, max-video-preview:-1\" \/>\n<link rel=\"canonical\" href=\"https:\/\/ondesign.pt\/inicio\/produto\/lightbox-s2-a1-dupla-face-24v-vertical-ou-horizontal\/\" \/>\n<meta property=\"og:locale\" content=\"pt_PT\" \/>\n<meta property=\"og:type\" content=\"article\" \/>\n<meta property=\"og:title\" content=\"LightBox S2 A1 Dupla Face 24V Vertical Ou Horizontal - Ondesign\" \/>\n<meta property=\"og:description\" content=\". Este produto permite-lhe comunicar em duas faces . Possui ilumina\u00e7\u00e3o led. . Fica suspenso por um fixador ao tecto. . Com um design elegante, decora na perfei\u00e7\u00e3o qualquer espa\u00e7o.  O cabo de liga\u00e7\u00e3o passa pelo interior da Lightbox atrav\u00e9s das 2 entradas que o produto tem em cada um dos lados, permitindo utilizar o mesmo produto em diferentes orienta\u00e7\u00f5es: horizontal e vertical.\" \/>\n<meta property=\"og:url\" content=\"https:\/\/ondesign.pt\/inicio\/produto\/lightbox-s2-a1-dupla-face-24v-vertical-ou-horizontal\/\" \/>\n<meta property=\"og:site_name\" content=\"Ondesign\" \/>\n<meta property=\"article:publisher\" content=\"https:\/\/www.facebook.com\/ondesignagency\" \/>\n<meta property=\"article:modified_time\" content=\"2020-03-26T15:10:03+00:00\" \/>\n<meta property=\"og:image\" content=\"https:\/\/i0.wp.com\/ondesign.pt\/inicio\/wp-content\/uploads\/2020\/03\/LIGHTBOX-S2-A1-DUPLA-FACE-24V-VERTICAL-OU-HORIZONTAL.png?fit=425%2C487&ssl=1\" \/>\n\t<meta property=\"og:image:width\" content=\"425\" \/>\n\t<meta property=\"og:image:height\" content=\"487\" \/>\n\t<meta property=\"og:image:type\" content=\"image\/png\" \/>\n<meta name=\"twitter:card\" content=\"summary_large_image\" \/>\n<script type=\"application\/ld+json\" class=\"yoast-schema-graph\">{\"@context\":\"https:\\\/\\\/schema.org\",\"@graph\":[{\"@type\":\"WebPage\",\"@id\":\"https:\\\/\\\/ondesign.pt\\\/inicio\\\/produto\\\/lightbox-s2-a1-dupla-face-24v-vertical-ou-horizontal\\\/\",\"url\":\"https:\\\/\\\/ondesign.pt\\\/inicio\\\/produto\\\/lightbox-s2-a1-dupla-face-24v-vertical-ou-horizontal\\\/\",\"name\":\"LightBox S2 A1 Dupla Face 24V Vertical Ou Horizontal - Ondesign\",\"isPartOf\":{\"@id\":\"https:\\\/\\\/ondesign.pt\\\/inicio\\\/#website\"},\"primaryImageOfPage\":{\"@id\":\"https:\\\/\\\/ondesign.pt\\\/inicio\\\/produto\\\/lightbox-s2-a1-dupla-face-24v-vertical-ou-horizontal\\\/#primaryimage\"},\"image\":{\"@id\":\"https:\\\/\\\/ondesign.pt\\\/inicio\\\/produto\\\/lightbox-s2-a1-dupla-face-24v-vertical-ou-horizontal\\\/#primaryimage\"},\"thumbnailUrl\":\"https:\\\/\\\/i0.wp.com\\\/ondesign.pt\\\/inicio\\\/wp-content\\\/uploads\\\/2020\\\/03\\\/LIGHTBOX-S2-A1-DUPLA-FACE-24V-VERTICAL-OU-HORIZONTAL.png?fit=425%2C487&ssl=1\",\"datePublished\":\"2020-03-17T15:08:37+00:00\",\"dateModified\":\"2020-03-26T15:10:03+00:00\",\"breadcrumb\":{\"@id\":\"https:\\\/\\\/ondesign.pt\\\/inicio\\\/produto\\\/lightbox-s2-a1-dupla-face-24v-vertical-ou-horizontal\\\/#breadcrumb\"},\"inLanguage\":\"pt-PT\",\"potentialAction\":[{\"@type\":\"ReadAction\",\"target\":[\"https:\\\/\\\/ondesign.pt\\\/inicio\\\/produto\\\/lightbox-s2-a1-dupla-face-24v-vertical-ou-horizontal\\\/\"]}]},{\"@type\":\"ImageObject\",\"inLanguage\":\"pt-PT\",\"@id\":\"https:\\\/\\\/ondesign.pt\\\/inicio\\\/produto\\\/lightbox-s2-a1-dupla-face-24v-vertical-ou-horizontal\\\/#primaryimage\",\"url\":\"https:\\\/\\\/i0.wp.com\\\/ondesign.pt\\\/inicio\\\/wp-content\\\/uploads\\\/2020\\\/03\\\/LIGHTBOX-S2-A1-DUPLA-FACE-24V-VERTICAL-OU-HORIZONTAL.png?fit=425%2C487&ssl=1\",\"contentUrl\":\"https:\\\/\\\/i0.wp.com\\\/ondesign.pt\\\/inicio\\\/wp-content\\\/uploads\\\/2020\\\/03\\\/LIGHTBOX-S2-A1-DUPLA-FACE-24V-VERTICAL-OU-HORIZONTAL.png?fit=425%2C487&ssl=1\",\"width\":425,\"height\":487},{\"@type\":\"BreadcrumbList\",\"@id\":\"https:\\\/\\\/ondesign.pt\\\/inicio\\\/produto\\\/lightbox-s2-a1-dupla-face-24v-vertical-ou-horizontal\\\/#breadcrumb\",\"itemListElement\":[{\"@type\":\"ListItem\",\"position\":1,\"name\":\"In\u00edcio\",\"item\":\"https:\\\/\\\/ondesign.pt\\\/inicio\\\/\"},{\"@type\":\"ListItem\",\"position\":2,\"name\":\"Home\",\"item\":\"https:\\\/\\\/ondesign.pt\\\/inicio\\\/home\\\/\"},{\"@type\":\"ListItem\",\"position\":3,\"name\":\"LightBox S2 A1 Dupla Face 24V Vertical Ou Horizontal\"}]},{\"@type\":\"WebSite\",\"@id\":\"https:\\\/\\\/ondesign.pt\\\/inicio\\\/#website\",\"url\":\"https:\\\/\\\/ondesign.pt\\\/inicio\\\/\",\"name\":\"Ondesign Acrilicos & Publicidade\",\"description\":\"Atelier de design e comunica\u00e7\u00e3o que desenvolve servi\u00e7os de Brand Design, Design Gr\u00e1fico &amp; Produtos\",\"publisher\":{\"@id\":\"https:\\\/\\\/ondesign.pt\\\/inicio\\\/#organization\"},\"potentialAction\":[{\"@type\":\"SearchAction\",\"target\":{\"@type\":\"EntryPoint\",\"urlTemplate\":\"https:\\\/\\\/ondesign.pt\\\/inicio\\\/?s={search_term_string}\"},\"query-input\":{\"@type\":\"PropertyValueSpecification\",\"valueRequired\":true,\"valueName\":\"search_term_string\"}}],\"inLanguage\":\"pt-PT\"},{\"@type\":\"Organization\",\"@id\":\"https:\\\/\\\/ondesign.pt\\\/inicio\\\/#organization\",\"name\":\"Ondesign Acrilicos & Publicidade\",\"url\":\"https:\\\/\\\/ondesign.pt\\\/inicio\\\/\",\"logo\":{\"@type\":\"ImageObject\",\"inLanguage\":\"pt-PT\",\"@id\":\"https:\\\/\\\/ondesign.pt\\\/inicio\\\/#\\\/schema\\\/logo\\\/image\\\/\",\"url\":\"https:\\\/\\\/i0.wp.com\\\/ondesign.pt\\\/inicio\\\/wp-content\\\/uploads\\\/2021\\\/01\\\/ondesign2.png?fit=250%2C88&ssl=1\",\"contentUrl\":\"https:\\\/\\\/i0.wp.com\\\/ondesign.pt\\\/inicio\\\/wp-content\\\/uploads\\\/2021\\\/01\\\/ondesign2.png?fit=250%2C88&ssl=1\",\"width\":250,\"height\":88,\"caption\":\"Ondesign Acrilicos & Publicidade\"},\"image\":{\"@id\":\"https:\\\/\\\/ondesign.pt\\\/inicio\\\/#\\\/schema\\\/logo\\\/image\\\/\"},\"sameAs\":[\"https:\\\/\\\/www.facebook.com\\\/ondesignagency\",\"https:\\\/\\\/www.instagram.com\\\/ondesign.pt\\\/\",\"https:\\\/\\\/www.linkedin.com\\\/in\\\/nuno-loureno-455835101\\\/\"]}]}<\/script>\n<!-- \/ Yoast SEO plugin. -->","yoast_head_json":{"title":"LightBox S2 A1 Dupla Face 24V Vertical Ou Horizontal - Ondesign","robots":{"index":"index","follow":"follow","max-snippet":"max-snippet:-1","max-image-preview":"max-image-preview:large","max-video-preview":"max-video-preview:-1"},"canonical":"https:\/\/ondesign.pt\/inicio\/produto\/lightbox-s2-a1-dupla-face-24v-vertical-ou-horizontal\/","og_locale":"pt_PT","og_type":"article","og_title":"LightBox S2 A1 Dupla Face 24V Vertical Ou Horizontal - Ondesign","og_description":". Este produto permite-lhe comunicar em duas faces . Possui ilumina\u00e7\u00e3o led. . Fica suspenso por um fixador ao tecto. . Com um design elegante, decora na perfei\u00e7\u00e3o qualquer espa\u00e7o.  O cabo de liga\u00e7\u00e3o passa pelo interior da Lightbox atrav\u00e9s das 2 entradas que o produto tem em cada um dos lados, permitindo utilizar o mesmo produto em diferentes orienta\u00e7\u00f5es: horizontal e vertical.","og_url":"https:\/\/ondesign.pt\/inicio\/produto\/lightbox-s2-a1-dupla-face-24v-vertical-ou-horizontal\/","og_site_name":"Ondesign","article_publisher":"https:\/\/www.facebook.com\/ondesignagency","article_modified_time":"2020-03-26T15:10:03+00:00","og_image":[{"width":425,"height":487,"url":"https:\/\/i0.wp.com\/ondesign.pt\/inicio\/wp-content\/uploads\/2020\/03\/LIGHTBOX-S2-A1-DUPLA-FACE-24V-VERTICAL-OU-HORIZONTAL.png?fit=425%2C487&ssl=1","type":"image\/png"}],"twitter_card":"summary_large_image","schema":{"@context":"https:\/\/schema.org","@graph":[{"@type":"WebPage","@id":"https:\/\/ondesign.pt\/inicio\/produto\/lightbox-s2-a1-dupla-face-24v-vertical-ou-horizontal\/","url":"https:\/\/ondesign.pt\/inicio\/produto\/lightbox-s2-a1-dupla-face-24v-vertical-ou-horizontal\/","name":"LightBox S2 A1 Dupla Face 24V Vertical Ou Horizontal - Ondesign","isPartOf":{"@id":"https:\/\/ondesign.pt\/inicio\/#website"},"primaryImageOfPage":{"@id":"https:\/\/ondesign.pt\/inicio\/produto\/lightbox-s2-a1-dupla-face-24v-vertical-ou-horizontal\/#primaryimage"},"image":{"@id":"https:\/\/ondesign.pt\/inicio\/produto\/lightbox-s2-a1-dupla-face-24v-vertical-ou-horizontal\/#primaryimage"},"thumbnailUrl":"https:\/\/i0.wp.com\/ondesign.pt\/inicio\/wp-content\/uploads\/2020\/03\/LIGHTBOX-S2-A1-DUPLA-FACE-24V-VERTICAL-OU-HORIZONTAL.png?fit=425%2C487&ssl=1","datePublished":"2020-03-17T15:08:37+00:00","dateModified":"2020-03-26T15:10:03+00:00","breadcrumb":{"@id":"https:\/\/ondesign.pt\/inicio\/produto\/lightbox-s2-a1-dupla-face-24v-vertical-ou-horizontal\/#breadcrumb"},"inLanguage":"pt-PT","potentialAction":[{"@type":"ReadAction","target":["https:\/\/ondesign.pt\/inicio\/produto\/lightbox-s2-a1-dupla-face-24v-vertical-ou-horizontal\/"]}]},{"@type":"ImageObject","inLanguage":"pt-PT","@id":"https:\/\/ondesign.pt\/inicio\/produto\/lightbox-s2-a1-dupla-face-24v-vertical-ou-horizontal\/#primaryimage","url":"https:\/\/i0.wp.com\/ondesign.pt\/inicio\/wp-content\/uploads\/2020\/03\/LIGHTBOX-S2-A1-DUPLA-FACE-24V-VERTICAL-OU-HORIZONTAL.png?fit=425%2C487&ssl=1","contentUrl":"https:\/\/i0.wp.com\/ondesign.pt\/inicio\/wp-content\/uploads\/2020\/03\/LIGHTBOX-S2-A1-DUPLA-FACE-24V-VERTICAL-OU-HORIZONTAL.png?fit=425%2C487&ssl=1","width":425,"height":487},{"@type":"BreadcrumbList","@id":"https:\/\/ondesign.pt\/inicio\/produto\/lightbox-s2-a1-dupla-face-24v-vertical-ou-horizontal\/#breadcrumb","itemListElement":[{"@type":"ListItem","position":1,"name":"In\u00edcio","item":"https:\/\/ondesign.pt\/inicio\/"},{"@type":"ListItem","position":2,"name":"Home","item":"https:\/\/ondesign.pt\/inicio\/home\/"},{"@type":"ListItem","position":3,"name":"LightBox S2 A1 Dupla Face 24V Vertical Ou Horizontal"}]},{"@type":"WebSite","@id":"https:\/\/ondesign.pt\/inicio\/#website","url":"https:\/\/ondesign.pt\/inicio\/","name":"Ondesign Acrilicos & Publicidade","description":"Atelier de design e comunica\u00e7\u00e3o que desenvolve servi\u00e7os de Brand Design, Design Gr\u00e1fico &amp; Produtos","publisher":{"@id":"https:\/\/ondesign.pt\/inicio\/#organization"},"potentialAction":[{"@type":"SearchAction","target":{"@type":"EntryPoint","urlTemplate":"https:\/\/ondesign.pt\/inicio\/?s={search_term_string}"},"query-input":{"@type":"PropertyValueSpecification","valueRequired":true,"valueName":"search_term_string"}}],"inLanguage":"pt-PT"},{"@type":"Organization","@id":"https:\/\/ondesign.pt\/inicio\/#organization","name":"Ondesign Acrilicos & Publicidade","url":"https:\/\/ondesign.pt\/inicio\/","logo":{"@type":"ImageObject","inLanguage":"pt-PT","@id":"https:\/\/ondesign.pt\/inicio\/#\/schema\/logo\/image\/","url":"https:\/\/i0.wp.com\/ondesign.pt\/inicio\/wp-content\/uploads\/2021\/01\/ondesign2.png?fit=250%2C88&ssl=1","contentUrl":"https:\/\/i0.wp.com\/ondesign.pt\/inicio\/wp-content\/uploads\/2021\/01\/ondesign2.png?fit=250%2C88&ssl=1","width":250,"height":88,"caption":"Ondesign Acrilicos & Publicidade"},"image":{"@id":"https:\/\/ondesign.pt\/inicio\/#\/schema\/logo\/image\/"},"sameAs":["https:\/\/www.facebook.com\/ondesignagency","https:\/\/www.instagram.com\/ondesign.pt\/","https:\/\/www.linkedin.com\/in\/nuno-loureno-455835101\/"]}]}},"jetpack_sharing_enabled":true,"tiered_pricing_type":"fixed","tiered_pricing_fixed_rules":[],"tiered_pricing_product_settings":{"layout":"default","base_unit_name":{"singular":null,"plural":null},"default_variation":null},"tiered_pricing_minimum_quantity":null,"tiered_pricing_roles_data":[],"tiered_pricing_percentage_rules":[],"_links":{"self":[{"href":"https:\/\/ondesign.pt\/inicio\/wp-json\/wp\/v2\/product\/307","targetHints":{"allow":["GET"]}}],"collection":[{"href":"https:\/\/ondesign.pt\/inicio\/wp-json\/wp\/v2\/product"}],"about":[{"href":"https:\/\/ondesign.pt\/inicio\/wp-json\/wp\/v2\/types\/product"}],"wp:featuredmedia":[{"embeddable":true,"href":"https:\/\/ondesign.pt\/inicio\/wp-json\/wp\/v2\/media\/300"}],"wp:attachment":[{"href":"https:\/\/ondesign.pt\/inicio\/wp-json\/wp\/v2\/media?parent=307"}],"wp:term":[{"taxonomy":"product_brand","embeddable":true,"href":"https:\/\/ondesign.pt\/inicio\/wp-json\/wp\/v2\/product_brand?post=307"},{"taxonomy":"product_cat","embeddable":true,"href":"https:\/\/ondesign.pt\/inicio\/wp-json\/wp\/v2\/product_cat?post=307"},{"taxonomy":"product_tag","embeddable":true,"href":"https:\/\/ondesign.pt\/inicio\/wp-json\/wp\/v2\/product_tag?post=307"}],"curies":[{"name":"wp","href":"https:\/\/api.w.org\/{rel}","templated":true}]}}