{"id":370,"date":"2020-03-17T16:09:29","date_gmt":"2020-03-17T16:09:29","guid":{"rendered":"https:\/\/ondesign.pt\/inicio\/?post_type=product&#038;p=370"},"modified":"2020-03-25T16:16:19","modified_gmt":"2020-03-25T16:16:19","slug":"pack-4x-unidades-clip-duplo-aco-inoxidavel","status":"publish","type":"product","link":"https:\/\/ondesign.pt\/inicio\/produto\/pack-4x-unidades-clip-duplo-aco-inoxidavel\/","title":{"rendered":"Clip Duplo A\u00e7o Inoxid\u00e1vel Pack 4 Unidades"},"content":{"rendered":"","protected":false},"excerpt":{"rendered":"<p>O Clip Duplo \u00e9 um dos acess\u00f3rios dispon\u00edveis para o Sistema de Cabos de A\u00e7o que serve de conex\u00e3o entre os diferentes pain\u00e9is que queremos utilizar.<\/p>\n<p>Esta solu\u00e7\u00e3o \u00e9 muito utilizada em montras de bancos, uma vez que \u00e9 bastante segura e de f\u00e1cil montagem, permitindo criar um ambiente s\u00e9rio e distinto em pouco tempo.<\/p>\n<p><strong>Breve descri\u00e7\u00e3o do produto<\/strong><br \/>\nAcabamento cromado.<\/p>\n<p><strong>Sugest\u00f5es de utiliza\u00e7\u00e3o<\/strong><br \/>\nPara prender os pain\u00e9is de acr\u00edlico aos cabos de a\u00e7o.<\/p>\n","protected":false},"featured_media":330,"template":"","meta":{"cybocfi_hide_featured_image":"","jetpack_publicize_message":"","jetpack_publicize_feature_enabled":true,"jetpack_social_post_already_shared":false,"jetpack_social_options":{"image_generator_settings":{"template":"highway","default_image_id":0,"font":"","enabled":false},"version":2}},"product_brand":[],"product_cat":[17],"product_tag":[39],"class_list":{"0":"post-370","1":"product","2":"type-product","3":"status-publish","4":"has-post-thumbnail","6":"product_cat-cabos-de-aco","7":"product_tag-cabos-de-aco","9":"first","10":"instock","11":"taxable","12":"shipping-taxable","13":"purchasable","14":"product-type-simple"},"yoast_head":"<!-- This site is optimized with the Yoast SEO plugin v27.4 - https:\/\/yoast.com\/product\/yoast-seo-wordpress\/ -->\n<title>Clip Duplo A\u00e7o Inoxid\u00e1vel Pack 4 Unidades - Ondesign<\/title>\n<meta name=\"robots\" content=\"index, follow, max-snippet:-1, max-image-preview:large, max-video-preview:-1\" \/>\n<link rel=\"canonical\" href=\"https:\/\/ondesign.pt\/inicio\/produto\/pack-4x-unidades-clip-duplo-aco-inoxidavel\/\" \/>\n<meta property=\"og:locale\" content=\"pt_PT\" \/>\n<meta property=\"og:type\" content=\"article\" \/>\n<meta property=\"og:title\" content=\"Clip Duplo A\u00e7o Inoxid\u00e1vel Pack 4 Unidades - Ondesign\" \/>\n<meta property=\"og:description\" content=\"O Clip Duplo \u00e9 um dos acess\u00f3rios dispon\u00edveis para o Sistema de Cabos de A\u00e7o que serve de conex\u00e3o entre os diferentes pain\u00e9is que queremos utilizar.  Esta solu\u00e7\u00e3o \u00e9 muito utilizada em montras de bancos, uma vez que \u00e9 bastante segura e de f\u00e1cil montagem, permitindo criar um ambiente s\u00e9rio e distinto em pouco tempo.  Breve descri\u00e7\u00e3o do produto Acabamento cromado.  Sugest\u00f5es de utiliza\u00e7\u00e3o Para prender os pain\u00e9is de acr\u00edlico aos cabos de a\u00e7o.\" \/>\n<meta property=\"og:url\" content=\"https:\/\/ondesign.pt\/inicio\/produto\/pack-4x-unidades-clip-duplo-aco-inoxidavel\/\" \/>\n<meta property=\"og:site_name\" content=\"Ondesign\" \/>\n<meta property=\"article:publisher\" content=\"https:\/\/www.facebook.com\/ondesignagency\" \/>\n<meta property=\"article:modified_time\" content=\"2020-03-25T16:16:19+00:00\" \/>\n<meta property=\"og:image\" content=\"https:\/\/i0.wp.com\/ondesign.pt\/inicio\/wp-content\/uploads\/2020\/03\/PACK-4X-UNIDADES-CLIP-DUPLO-A%C3%87O-INOXID%C3%81VEL-1.jpg?fit=427%2C498&ssl=1\" \/>\n\t<meta property=\"og:image:width\" content=\"427\" \/>\n\t<meta property=\"og:image:height\" content=\"498\" \/>\n\t<meta property=\"og:image:type\" content=\"image\/jpeg\" \/>\n<meta name=\"twitter:card\" content=\"summary_large_image\" \/>\n<script type=\"application\/ld+json\" class=\"yoast-schema-graph\">{\"@context\":\"https:\\\/\\\/schema.org\",\"@graph\":[{\"@type\":\"WebPage\",\"@id\":\"https:\\\/\\\/ondesign.pt\\\/inicio\\\/produto\\\/pack-4x-unidades-clip-duplo-aco-inoxidavel\\\/\",\"url\":\"https:\\\/\\\/ondesign.pt\\\/inicio\\\/produto\\\/pack-4x-unidades-clip-duplo-aco-inoxidavel\\\/\",\"name\":\"Clip Duplo A\u00e7o Inoxid\u00e1vel Pack 4 Unidades - Ondesign\",\"isPartOf\":{\"@id\":\"https:\\\/\\\/ondesign.pt\\\/inicio\\\/#website\"},\"primaryImageOfPage\":{\"@id\":\"https:\\\/\\\/ondesign.pt\\\/inicio\\\/produto\\\/pack-4x-unidades-clip-duplo-aco-inoxidavel\\\/#primaryimage\"},\"image\":{\"@id\":\"https:\\\/\\\/ondesign.pt\\\/inicio\\\/produto\\\/pack-4x-unidades-clip-duplo-aco-inoxidavel\\\/#primaryimage\"},\"thumbnailUrl\":\"https:\\\/\\\/i0.wp.com\\\/ondesign.pt\\\/inicio\\\/wp-content\\\/uploads\\\/2020\\\/03\\\/PACK-4X-UNIDADES-CLIP-DUPLO-A%C3%87O-INOXID%C3%81VEL-1.jpg?fit=427%2C498&ssl=1\",\"datePublished\":\"2020-03-17T16:09:29+00:00\",\"dateModified\":\"2020-03-25T16:16:19+00:00\",\"breadcrumb\":{\"@id\":\"https:\\\/\\\/ondesign.pt\\\/inicio\\\/produto\\\/pack-4x-unidades-clip-duplo-aco-inoxidavel\\\/#breadcrumb\"},\"inLanguage\":\"pt-PT\",\"potentialAction\":[{\"@type\":\"ReadAction\",\"target\":[\"https:\\\/\\\/ondesign.pt\\\/inicio\\\/produto\\\/pack-4x-unidades-clip-duplo-aco-inoxidavel\\\/\"]}]},{\"@type\":\"ImageObject\",\"inLanguage\":\"pt-PT\",\"@id\":\"https:\\\/\\\/ondesign.pt\\\/inicio\\\/produto\\\/pack-4x-unidades-clip-duplo-aco-inoxidavel\\\/#primaryimage\",\"url\":\"https:\\\/\\\/i0.wp.com\\\/ondesign.pt\\\/inicio\\\/wp-content\\\/uploads\\\/2020\\\/03\\\/PACK-4X-UNIDADES-CLIP-DUPLO-A%C3%87O-INOXID%C3%81VEL-1.jpg?fit=427%2C498&ssl=1\",\"contentUrl\":\"https:\\\/\\\/i0.wp.com\\\/ondesign.pt\\\/inicio\\\/wp-content\\\/uploads\\\/2020\\\/03\\\/PACK-4X-UNIDADES-CLIP-DUPLO-A%C3%87O-INOXID%C3%81VEL-1.jpg?fit=427%2C498&ssl=1\",\"width\":427,\"height\":498},{\"@type\":\"BreadcrumbList\",\"@id\":\"https:\\\/\\\/ondesign.pt\\\/inicio\\\/produto\\\/pack-4x-unidades-clip-duplo-aco-inoxidavel\\\/#breadcrumb\",\"itemListElement\":[{\"@type\":\"ListItem\",\"position\":1,\"name\":\"In\u00edcio\",\"item\":\"https:\\\/\\\/ondesign.pt\\\/inicio\\\/\"},{\"@type\":\"ListItem\",\"position\":2,\"name\":\"Home\",\"item\":\"https:\\\/\\\/ondesign.pt\\\/inicio\\\/home\\\/\"},{\"@type\":\"ListItem\",\"position\":3,\"name\":\"Clip Duplo A\u00e7o Inoxid\u00e1vel Pack 4 Unidades\"}]},{\"@type\":\"WebSite\",\"@id\":\"https:\\\/\\\/ondesign.pt\\\/inicio\\\/#website\",\"url\":\"https:\\\/\\\/ondesign.pt\\\/inicio\\\/\",\"name\":\"Ondesign Acrilicos & Publicidade\",\"description\":\"Atelier de design e comunica\u00e7\u00e3o que desenvolve servi\u00e7os de Brand Design, Design Gr\u00e1fico &amp; Produtos\",\"publisher\":{\"@id\":\"https:\\\/\\\/ondesign.pt\\\/inicio\\\/#organization\"},\"potentialAction\":[{\"@type\":\"SearchAction\",\"target\":{\"@type\":\"EntryPoint\",\"urlTemplate\":\"https:\\\/\\\/ondesign.pt\\\/inicio\\\/?s={search_term_string}\"},\"query-input\":{\"@type\":\"PropertyValueSpecification\",\"valueRequired\":true,\"valueName\":\"search_term_string\"}}],\"inLanguage\":\"pt-PT\"},{\"@type\":\"Organization\",\"@id\":\"https:\\\/\\\/ondesign.pt\\\/inicio\\\/#organization\",\"name\":\"Ondesign Acrilicos & Publicidade\",\"url\":\"https:\\\/\\\/ondesign.pt\\\/inicio\\\/\",\"logo\":{\"@type\":\"ImageObject\",\"inLanguage\":\"pt-PT\",\"@id\":\"https:\\\/\\\/ondesign.pt\\\/inicio\\\/#\\\/schema\\\/logo\\\/image\\\/\",\"url\":\"https:\\\/\\\/i0.wp.com\\\/ondesign.pt\\\/inicio\\\/wp-content\\\/uploads\\\/2021\\\/01\\\/ondesign2.png?fit=250%2C88&ssl=1\",\"contentUrl\":\"https:\\\/\\\/i0.wp.com\\\/ondesign.pt\\\/inicio\\\/wp-content\\\/uploads\\\/2021\\\/01\\\/ondesign2.png?fit=250%2C88&ssl=1\",\"width\":250,\"height\":88,\"caption\":\"Ondesign Acrilicos & Publicidade\"},\"image\":{\"@id\":\"https:\\\/\\\/ondesign.pt\\\/inicio\\\/#\\\/schema\\\/logo\\\/image\\\/\"},\"sameAs\":[\"https:\\\/\\\/www.facebook.com\\\/ondesignagency\",\"https:\\\/\\\/www.instagram.com\\\/ondesign.pt\\\/\",\"https:\\\/\\\/www.linkedin.com\\\/in\\\/nuno-loureno-455835101\\\/\"]}]}<\/script>\n<!-- \/ Yoast SEO plugin. -->","yoast_head_json":{"title":"Clip Duplo A\u00e7o Inoxid\u00e1vel Pack 4 Unidades - Ondesign","robots":{"index":"index","follow":"follow","max-snippet":"max-snippet:-1","max-image-preview":"max-image-preview:large","max-video-preview":"max-video-preview:-1"},"canonical":"https:\/\/ondesign.pt\/inicio\/produto\/pack-4x-unidades-clip-duplo-aco-inoxidavel\/","og_locale":"pt_PT","og_type":"article","og_title":"Clip Duplo A\u00e7o Inoxid\u00e1vel Pack 4 Unidades - Ondesign","og_description":"O Clip Duplo \u00e9 um dos acess\u00f3rios dispon\u00edveis para o Sistema de Cabos de A\u00e7o que serve de conex\u00e3o entre os diferentes pain\u00e9is que queremos utilizar.  Esta solu\u00e7\u00e3o \u00e9 muito utilizada em montras de bancos, uma vez que \u00e9 bastante segura e de f\u00e1cil montagem, permitindo criar um ambiente s\u00e9rio e distinto em pouco tempo.  Breve descri\u00e7\u00e3o do produto Acabamento cromado.  Sugest\u00f5es de utiliza\u00e7\u00e3o Para prender os pain\u00e9is de acr\u00edlico aos cabos de a\u00e7o.","og_url":"https:\/\/ondesign.pt\/inicio\/produto\/pack-4x-unidades-clip-duplo-aco-inoxidavel\/","og_site_name":"Ondesign","article_publisher":"https:\/\/www.facebook.com\/ondesignagency","article_modified_time":"2020-03-25T16:16:19+00:00","og_image":[{"width":427,"height":498,"url":"https:\/\/i0.wp.com\/ondesign.pt\/inicio\/wp-content\/uploads\/2020\/03\/PACK-4X-UNIDADES-CLIP-DUPLO-A%C3%87O-INOXID%C3%81VEL-1.jpg?fit=427%2C498&ssl=1","type":"image\/jpeg"}],"twitter_card":"summary_large_image","schema":{"@context":"https:\/\/schema.org","@graph":[{"@type":"WebPage","@id":"https:\/\/ondesign.pt\/inicio\/produto\/pack-4x-unidades-clip-duplo-aco-inoxidavel\/","url":"https:\/\/ondesign.pt\/inicio\/produto\/pack-4x-unidades-clip-duplo-aco-inoxidavel\/","name":"Clip Duplo A\u00e7o Inoxid\u00e1vel Pack 4 Unidades - Ondesign","isPartOf":{"@id":"https:\/\/ondesign.pt\/inicio\/#website"},"primaryImageOfPage":{"@id":"https:\/\/ondesign.pt\/inicio\/produto\/pack-4x-unidades-clip-duplo-aco-inoxidavel\/#primaryimage"},"image":{"@id":"https:\/\/ondesign.pt\/inicio\/produto\/pack-4x-unidades-clip-duplo-aco-inoxidavel\/#primaryimage"},"thumbnailUrl":"https:\/\/i0.wp.com\/ondesign.pt\/inicio\/wp-content\/uploads\/2020\/03\/PACK-4X-UNIDADES-CLIP-DUPLO-A%C3%87O-INOXID%C3%81VEL-1.jpg?fit=427%2C498&ssl=1","datePublished":"2020-03-17T16:09:29+00:00","dateModified":"2020-03-25T16:16:19+00:00","breadcrumb":{"@id":"https:\/\/ondesign.pt\/inicio\/produto\/pack-4x-unidades-clip-duplo-aco-inoxidavel\/#breadcrumb"},"inLanguage":"pt-PT","potentialAction":[{"@type":"ReadAction","target":["https:\/\/ondesign.pt\/inicio\/produto\/pack-4x-unidades-clip-duplo-aco-inoxidavel\/"]}]},{"@type":"ImageObject","inLanguage":"pt-PT","@id":"https:\/\/ondesign.pt\/inicio\/produto\/pack-4x-unidades-clip-duplo-aco-inoxidavel\/#primaryimage","url":"https:\/\/i0.wp.com\/ondesign.pt\/inicio\/wp-content\/uploads\/2020\/03\/PACK-4X-UNIDADES-CLIP-DUPLO-A%C3%87O-INOXID%C3%81VEL-1.jpg?fit=427%2C498&ssl=1","contentUrl":"https:\/\/i0.wp.com\/ondesign.pt\/inicio\/wp-content\/uploads\/2020\/03\/PACK-4X-UNIDADES-CLIP-DUPLO-A%C3%87O-INOXID%C3%81VEL-1.jpg?fit=427%2C498&ssl=1","width":427,"height":498},{"@type":"BreadcrumbList","@id":"https:\/\/ondesign.pt\/inicio\/produto\/pack-4x-unidades-clip-duplo-aco-inoxidavel\/#breadcrumb","itemListElement":[{"@type":"ListItem","position":1,"name":"In\u00edcio","item":"https:\/\/ondesign.pt\/inicio\/"},{"@type":"ListItem","position":2,"name":"Home","item":"https:\/\/ondesign.pt\/inicio\/home\/"},{"@type":"ListItem","position":3,"name":"Clip Duplo A\u00e7o Inoxid\u00e1vel Pack 4 Unidades"}]},{"@type":"WebSite","@id":"https:\/\/ondesign.pt\/inicio\/#website","url":"https:\/\/ondesign.pt\/inicio\/","name":"Ondesign Acrilicos & Publicidade","description":"Atelier de design e comunica\u00e7\u00e3o que desenvolve servi\u00e7os de Brand Design, Design Gr\u00e1fico &amp; Produtos","publisher":{"@id":"https:\/\/ondesign.pt\/inicio\/#organization"},"potentialAction":[{"@type":"SearchAction","target":{"@type":"EntryPoint","urlTemplate":"https:\/\/ondesign.pt\/inicio\/?s={search_term_string}"},"query-input":{"@type":"PropertyValueSpecification","valueRequired":true,"valueName":"search_term_string"}}],"inLanguage":"pt-PT"},{"@type":"Organization","@id":"https:\/\/ondesign.pt\/inicio\/#organization","name":"Ondesign Acrilicos & Publicidade","url":"https:\/\/ondesign.pt\/inicio\/","logo":{"@type":"ImageObject","inLanguage":"pt-PT","@id":"https:\/\/ondesign.pt\/inicio\/#\/schema\/logo\/image\/","url":"https:\/\/i0.wp.com\/ondesign.pt\/inicio\/wp-content\/uploads\/2021\/01\/ondesign2.png?fit=250%2C88&ssl=1","contentUrl":"https:\/\/i0.wp.com\/ondesign.pt\/inicio\/wp-content\/uploads\/2021\/01\/ondesign2.png?fit=250%2C88&ssl=1","width":250,"height":88,"caption":"Ondesign Acrilicos & Publicidade"},"image":{"@id":"https:\/\/ondesign.pt\/inicio\/#\/schema\/logo\/image\/"},"sameAs":["https:\/\/www.facebook.com\/ondesignagency","https:\/\/www.instagram.com\/ondesign.pt\/","https:\/\/www.linkedin.com\/in\/nuno-loureno-455835101\/"]}]}},"jetpack_publicize_connections":[],"jetpack_sharing_enabled":true,"tiered_pricing_type":"fixed","tiered_pricing_fixed_rules":[],"tiered_pricing_product_settings":{"layout":"default","base_unit_name":{"singular":null,"plural":null},"default_variation":null},"tiered_pricing_minimum_quantity":null,"tiered_pricing_roles_data":[],"tiered_pricing_percentage_rules":[],"_links":{"self":[{"href":"https:\/\/ondesign.pt\/inicio\/wp-json\/wp\/v2\/product\/370","targetHints":{"allow":["GET"]}}],"collection":[{"href":"https:\/\/ondesign.pt\/inicio\/wp-json\/wp\/v2\/product"}],"about":[{"href":"https:\/\/ondesign.pt\/inicio\/wp-json\/wp\/v2\/types\/product"}],"wp:featuredmedia":[{"embeddable":true,"href":"https:\/\/ondesign.pt\/inicio\/wp-json\/wp\/v2\/media\/330"}],"wp:attachment":[{"href":"https:\/\/ondesign.pt\/inicio\/wp-json\/wp\/v2\/media?parent=370"}],"wp:term":[{"taxonomy":"product_brand","embeddable":true,"href":"https:\/\/ondesign.pt\/inicio\/wp-json\/wp\/v2\/product_brand?post=370"},{"taxonomy":"product_cat","embeddable":true,"href":"https:\/\/ondesign.pt\/inicio\/wp-json\/wp\/v2\/product_cat?post=370"},{"taxonomy":"product_tag","embeddable":true,"href":"https:\/\/ondesign.pt\/inicio\/wp-json\/wp\/v2\/product_tag?post=370"}],"curies":[{"name":"wp","href":"https:\/\/api.w.org\/{rel}","templated":true}]}}