{"id":41,"date":"2020-03-11T15:48:13","date_gmt":"2020-03-11T15:48:13","guid":{"rendered":"https:\/\/ondesign.pt\/inicio\/?post_type=product&#038;p=41"},"modified":"2020-03-25T14:15:37","modified_gmt":"2020-03-25T14:15:37","slug":"afastadores-aco-inoxidavel-prateado-19x19-pack4unids","status":"publish","type":"product","link":"https:\/\/ondesign.pt\/inicio\/produto\/afastadores-aco-inoxidavel-prateado-19x19-pack4unids\/","title":{"rendered":"Afastadores A\u00e7o Inoxid\u00e1vel Prateado 19&#215;19 Pack 4 Unidades"},"content":{"rendered":"","protected":false},"excerpt":{"rendered":"<p><span id=\"ContentPlaceHolder1_txtdescricao\">Este pack de afastadores 19&#215;19 \u00e9 constitu\u00eddo por 4 unidades de afastadores feitos em a\u00e7o inoxid\u00e1vel com altura e di\u00e2metro de 19mm e serve para que possa criar uma sinaliza\u00e7\u00e3o ou comunica\u00e7\u00e3o eficaz tanto no interior como no exterior.<\/span><\/p>\n<p>Muito usado para r\u00edgidos com espessura compreendida entre 2 e 8 mm como acr\u00edlicos, pvc, alveolars, dibond, vidro e outros, de enorme resist\u00eancia e durabilidade.<\/p>\n<p>Ideal para sinal\u00e9tica em escrit\u00f3rios, lojas tanto no interior como no exterior ou campanhas que pretenda substituir<\/p>\n<p><strong>Vantagens do produto<\/strong><br \/>\nMuito resistente (a\u00e7o inoxid\u00e1vel).<\/p>\n<p><strong>Acess\u00f3rios opcionais<\/strong><br \/>\nAcr\u00edlico A4 em sandwich.<\/p>\n<p><strong>Sugest\u00f5es de utiliza\u00e7\u00e3o<\/strong><br \/>\nIdeal para prender os acr\u00edlicos na parede.<\/p>\n<p><strong>Tamanho do afastador<\/strong><br \/>\n19&#215;19<\/p>\n<p><strong>Tamanho da fura\u00e7\u00e3o<\/strong><br \/>\n12 mm<\/p>\n<p><strong>Espessura do painel<\/strong><br \/>\n2 a\u00a08 mm<\/p>\n","protected":false},"featured_media":244,"template":"","meta":{"cybocfi_hide_featured_image":"","jetpack_publicize_message":"","jetpack_publicize_feature_enabled":true,"jetpack_social_post_already_shared":false,"jetpack_social_options":{"image_generator_settings":{"template":"highway","default_image_id":0,"font":"","enabled":false},"version":2}},"product_brand":[],"product_cat":[256],"product_tag":[38],"class_list":{"0":"post-41","1":"product","2":"type-product","3":"status-publish","4":"has-post-thumbnail","6":"product_cat-afastadores","7":"product_tag-afastadores","9":"first","10":"instock","11":"taxable","12":"shipping-taxable","13":"purchasable","14":"product-type-simple"},"yoast_head":"<!-- This site is optimized with the Yoast SEO plugin v27.4 - https:\/\/yoast.com\/product\/yoast-seo-wordpress\/ -->\n<title>Afastadores A\u00e7o Inoxid\u00e1vel Prateado 19x19 Pack 4 Unidades - Ondesign<\/title>\n<meta name=\"robots\" content=\"index, follow, max-snippet:-1, max-image-preview:large, max-video-preview:-1\" \/>\n<link rel=\"canonical\" href=\"https:\/\/ondesign.pt\/inicio\/produto\/afastadores-aco-inoxidavel-prateado-19x19-pack4unids\/\" \/>\n<meta property=\"og:locale\" content=\"pt_PT\" \/>\n<meta property=\"og:type\" content=\"article\" \/>\n<meta property=\"og:title\" content=\"Afastadores A\u00e7o Inoxid\u00e1vel Prateado 19x19 Pack 4 Unidades - Ondesign\" \/>\n<meta property=\"og:description\" content=\"Este pack de afastadores 19x19 \u00e9 constitu\u00eddo por 4 unidades de afastadores feitos em a\u00e7o inoxid\u00e1vel com altura e di\u00e2metro de 19mm e serve para que possa criar uma sinaliza\u00e7\u00e3o ou comunica\u00e7\u00e3o eficaz tanto no interior como no exterior.  Muito usado para r\u00edgidos com espessura compreendida entre 2 e 8 mm como acr\u00edlicos, pvc, alveolars, dibond, vidro e outros, de enorme resist\u00eancia e durabilidade.  Ideal para sinal\u00e9tica em escrit\u00f3rios, lojas tanto no interior como no exterior ou campanhas que pretenda substituir  Vantagens do produto Muito resistente (a\u00e7o inoxid\u00e1vel).  Acess\u00f3rios opcionais Acr\u00edlico A4 em sandwich.  Sugest\u00f5es de utiliza\u00e7\u00e3o Ideal para prender os acr\u00edlicos na parede.  Tamanho do afastador 19x19  Tamanho da fura\u00e7\u00e3o 12 mm  Espessura do painel 2 a\u00a08 mm\" \/>\n<meta property=\"og:url\" content=\"https:\/\/ondesign.pt\/inicio\/produto\/afastadores-aco-inoxidavel-prateado-19x19-pack4unids\/\" \/>\n<meta property=\"og:site_name\" content=\"Ondesign\" \/>\n<meta property=\"article:publisher\" content=\"https:\/\/www.facebook.com\/ondesignagency\" \/>\n<meta property=\"article:modified_time\" content=\"2020-03-25T14:15:37+00:00\" \/>\n<meta property=\"og:image\" content=\"https:\/\/i0.wp.com\/ondesign.pt\/inicio\/wp-content\/uploads\/2020\/03\/PACK-4X-UNIDADES-AFASTADORES-A%C3%87O-INOXID%C3%81VEL-PRATEADO-19X19-1.jpg?fit=850%2C992&ssl=1\" \/>\n\t<meta property=\"og:image:width\" content=\"850\" \/>\n\t<meta property=\"og:image:height\" content=\"992\" \/>\n\t<meta property=\"og:image:type\" content=\"image\/jpeg\" \/>\n<meta name=\"twitter:card\" content=\"summary_large_image\" \/>\n<script type=\"application\/ld+json\" class=\"yoast-schema-graph\">{\"@context\":\"https:\\\/\\\/schema.org\",\"@graph\":[{\"@type\":\"WebPage\",\"@id\":\"https:\\\/\\\/ondesign.pt\\\/inicio\\\/produto\\\/afastadores-aco-inoxidavel-prateado-19x19-pack4unids\\\/\",\"url\":\"https:\\\/\\\/ondesign.pt\\\/inicio\\\/produto\\\/afastadores-aco-inoxidavel-prateado-19x19-pack4unids\\\/\",\"name\":\"Afastadores A\u00e7o Inoxid\u00e1vel Prateado 19x19 Pack 4 Unidades - Ondesign\",\"isPartOf\":{\"@id\":\"https:\\\/\\\/ondesign.pt\\\/inicio\\\/#website\"},\"primaryImageOfPage\":{\"@id\":\"https:\\\/\\\/ondesign.pt\\\/inicio\\\/produto\\\/afastadores-aco-inoxidavel-prateado-19x19-pack4unids\\\/#primaryimage\"},\"image\":{\"@id\":\"https:\\\/\\\/ondesign.pt\\\/inicio\\\/produto\\\/afastadores-aco-inoxidavel-prateado-19x19-pack4unids\\\/#primaryimage\"},\"thumbnailUrl\":\"https:\\\/\\\/i0.wp.com\\\/ondesign.pt\\\/inicio\\\/wp-content\\\/uploads\\\/2020\\\/03\\\/PACK-4X-UNIDADES-AFASTADORES-A%C3%87O-INOXID%C3%81VEL-PRATEADO-19X19-1.jpg?fit=850%2C992&ssl=1\",\"datePublished\":\"2020-03-11T15:48:13+00:00\",\"dateModified\":\"2020-03-25T14:15:37+00:00\",\"breadcrumb\":{\"@id\":\"https:\\\/\\\/ondesign.pt\\\/inicio\\\/produto\\\/afastadores-aco-inoxidavel-prateado-19x19-pack4unids\\\/#breadcrumb\"},\"inLanguage\":\"pt-PT\",\"potentialAction\":[{\"@type\":\"ReadAction\",\"target\":[\"https:\\\/\\\/ondesign.pt\\\/inicio\\\/produto\\\/afastadores-aco-inoxidavel-prateado-19x19-pack4unids\\\/\"]}]},{\"@type\":\"ImageObject\",\"inLanguage\":\"pt-PT\",\"@id\":\"https:\\\/\\\/ondesign.pt\\\/inicio\\\/produto\\\/afastadores-aco-inoxidavel-prateado-19x19-pack4unids\\\/#primaryimage\",\"url\":\"https:\\\/\\\/i0.wp.com\\\/ondesign.pt\\\/inicio\\\/wp-content\\\/uploads\\\/2020\\\/03\\\/PACK-4X-UNIDADES-AFASTADORES-A%C3%87O-INOXID%C3%81VEL-PRATEADO-19X19-1.jpg?fit=850%2C992&ssl=1\",\"contentUrl\":\"https:\\\/\\\/i0.wp.com\\\/ondesign.pt\\\/inicio\\\/wp-content\\\/uploads\\\/2020\\\/03\\\/PACK-4X-UNIDADES-AFASTADORES-A%C3%87O-INOXID%C3%81VEL-PRATEADO-19X19-1.jpg?fit=850%2C992&ssl=1\",\"width\":850,\"height\":992},{\"@type\":\"BreadcrumbList\",\"@id\":\"https:\\\/\\\/ondesign.pt\\\/inicio\\\/produto\\\/afastadores-aco-inoxidavel-prateado-19x19-pack4unids\\\/#breadcrumb\",\"itemListElement\":[{\"@type\":\"ListItem\",\"position\":1,\"name\":\"In\u00edcio\",\"item\":\"https:\\\/\\\/ondesign.pt\\\/inicio\\\/\"},{\"@type\":\"ListItem\",\"position\":2,\"name\":\"Home\",\"item\":\"https:\\\/\\\/ondesign.pt\\\/inicio\\\/home\\\/\"},{\"@type\":\"ListItem\",\"position\":3,\"name\":\"Afastadores A\u00e7o Inoxid\u00e1vel Prateado 19&#215;19 Pack 4 Unidades\"}]},{\"@type\":\"WebSite\",\"@id\":\"https:\\\/\\\/ondesign.pt\\\/inicio\\\/#website\",\"url\":\"https:\\\/\\\/ondesign.pt\\\/inicio\\\/\",\"name\":\"Ondesign Acrilicos & Publicidade\",\"description\":\"Atelier de design e comunica\u00e7\u00e3o que desenvolve servi\u00e7os de Brand Design, Design Gr\u00e1fico &amp; Produtos\",\"publisher\":{\"@id\":\"https:\\\/\\\/ondesign.pt\\\/inicio\\\/#organization\"},\"potentialAction\":[{\"@type\":\"SearchAction\",\"target\":{\"@type\":\"EntryPoint\",\"urlTemplate\":\"https:\\\/\\\/ondesign.pt\\\/inicio\\\/?s={search_term_string}\"},\"query-input\":{\"@type\":\"PropertyValueSpecification\",\"valueRequired\":true,\"valueName\":\"search_term_string\"}}],\"inLanguage\":\"pt-PT\"},{\"@type\":\"Organization\",\"@id\":\"https:\\\/\\\/ondesign.pt\\\/inicio\\\/#organization\",\"name\":\"Ondesign Acrilicos & Publicidade\",\"url\":\"https:\\\/\\\/ondesign.pt\\\/inicio\\\/\",\"logo\":{\"@type\":\"ImageObject\",\"inLanguage\":\"pt-PT\",\"@id\":\"https:\\\/\\\/ondesign.pt\\\/inicio\\\/#\\\/schema\\\/logo\\\/image\\\/\",\"url\":\"https:\\\/\\\/i0.wp.com\\\/ondesign.pt\\\/inicio\\\/wp-content\\\/uploads\\\/2021\\\/01\\\/ondesign2.png?fit=250%2C88&ssl=1\",\"contentUrl\":\"https:\\\/\\\/i0.wp.com\\\/ondesign.pt\\\/inicio\\\/wp-content\\\/uploads\\\/2021\\\/01\\\/ondesign2.png?fit=250%2C88&ssl=1\",\"width\":250,\"height\":88,\"caption\":\"Ondesign Acrilicos & Publicidade\"},\"image\":{\"@id\":\"https:\\\/\\\/ondesign.pt\\\/inicio\\\/#\\\/schema\\\/logo\\\/image\\\/\"},\"sameAs\":[\"https:\\\/\\\/www.facebook.com\\\/ondesignagency\",\"https:\\\/\\\/www.instagram.com\\\/ondesign.pt\\\/\",\"https:\\\/\\\/www.linkedin.com\\\/in\\\/nuno-loureno-455835101\\\/\"]}]}<\/script>\n<!-- \/ Yoast SEO plugin. -->","yoast_head_json":{"title":"Afastadores A\u00e7o Inoxid\u00e1vel Prateado 19x19 Pack 4 Unidades - Ondesign","robots":{"index":"index","follow":"follow","max-snippet":"max-snippet:-1","max-image-preview":"max-image-preview:large","max-video-preview":"max-video-preview:-1"},"canonical":"https:\/\/ondesign.pt\/inicio\/produto\/afastadores-aco-inoxidavel-prateado-19x19-pack4unids\/","og_locale":"pt_PT","og_type":"article","og_title":"Afastadores A\u00e7o Inoxid\u00e1vel Prateado 19x19 Pack 4 Unidades - Ondesign","og_description":"Este pack de afastadores 19x19 \u00e9 constitu\u00eddo por 4 unidades de afastadores feitos em a\u00e7o inoxid\u00e1vel com altura e di\u00e2metro de 19mm e serve para que possa criar uma sinaliza\u00e7\u00e3o ou comunica\u00e7\u00e3o eficaz tanto no interior como no exterior.  Muito usado para r\u00edgidos com espessura compreendida entre 2 e 8 mm como acr\u00edlicos, pvc, alveolars, dibond, vidro e outros, de enorme resist\u00eancia e durabilidade.  Ideal para sinal\u00e9tica em escrit\u00f3rios, lojas tanto no interior como no exterior ou campanhas que pretenda substituir  Vantagens do produto Muito resistente (a\u00e7o inoxid\u00e1vel).  Acess\u00f3rios opcionais Acr\u00edlico A4 em sandwich.  Sugest\u00f5es de utiliza\u00e7\u00e3o Ideal para prender os acr\u00edlicos na parede.  Tamanho do afastador 19x19  Tamanho da fura\u00e7\u00e3o 12 mm  Espessura do painel 2 a\u00a08 mm","og_url":"https:\/\/ondesign.pt\/inicio\/produto\/afastadores-aco-inoxidavel-prateado-19x19-pack4unids\/","og_site_name":"Ondesign","article_publisher":"https:\/\/www.facebook.com\/ondesignagency","article_modified_time":"2020-03-25T14:15:37+00:00","og_image":[{"width":850,"height":992,"url":"https:\/\/i0.wp.com\/ondesign.pt\/inicio\/wp-content\/uploads\/2020\/03\/PACK-4X-UNIDADES-AFASTADORES-A%C3%87O-INOXID%C3%81VEL-PRATEADO-19X19-1.jpg?fit=850%2C992&ssl=1","type":"image\/jpeg"}],"twitter_card":"summary_large_image","schema":{"@context":"https:\/\/schema.org","@graph":[{"@type":"WebPage","@id":"https:\/\/ondesign.pt\/inicio\/produto\/afastadores-aco-inoxidavel-prateado-19x19-pack4unids\/","url":"https:\/\/ondesign.pt\/inicio\/produto\/afastadores-aco-inoxidavel-prateado-19x19-pack4unids\/","name":"Afastadores A\u00e7o Inoxid\u00e1vel Prateado 19x19 Pack 4 Unidades - Ondesign","isPartOf":{"@id":"https:\/\/ondesign.pt\/inicio\/#website"},"primaryImageOfPage":{"@id":"https:\/\/ondesign.pt\/inicio\/produto\/afastadores-aco-inoxidavel-prateado-19x19-pack4unids\/#primaryimage"},"image":{"@id":"https:\/\/ondesign.pt\/inicio\/produto\/afastadores-aco-inoxidavel-prateado-19x19-pack4unids\/#primaryimage"},"thumbnailUrl":"https:\/\/i0.wp.com\/ondesign.pt\/inicio\/wp-content\/uploads\/2020\/03\/PACK-4X-UNIDADES-AFASTADORES-A%C3%87O-INOXID%C3%81VEL-PRATEADO-19X19-1.jpg?fit=850%2C992&ssl=1","datePublished":"2020-03-11T15:48:13+00:00","dateModified":"2020-03-25T14:15:37+00:00","breadcrumb":{"@id":"https:\/\/ondesign.pt\/inicio\/produto\/afastadores-aco-inoxidavel-prateado-19x19-pack4unids\/#breadcrumb"},"inLanguage":"pt-PT","potentialAction":[{"@type":"ReadAction","target":["https:\/\/ondesign.pt\/inicio\/produto\/afastadores-aco-inoxidavel-prateado-19x19-pack4unids\/"]}]},{"@type":"ImageObject","inLanguage":"pt-PT","@id":"https:\/\/ondesign.pt\/inicio\/produto\/afastadores-aco-inoxidavel-prateado-19x19-pack4unids\/#primaryimage","url":"https:\/\/i0.wp.com\/ondesign.pt\/inicio\/wp-content\/uploads\/2020\/03\/PACK-4X-UNIDADES-AFASTADORES-A%C3%87O-INOXID%C3%81VEL-PRATEADO-19X19-1.jpg?fit=850%2C992&ssl=1","contentUrl":"https:\/\/i0.wp.com\/ondesign.pt\/inicio\/wp-content\/uploads\/2020\/03\/PACK-4X-UNIDADES-AFASTADORES-A%C3%87O-INOXID%C3%81VEL-PRATEADO-19X19-1.jpg?fit=850%2C992&ssl=1","width":850,"height":992},{"@type":"BreadcrumbList","@id":"https:\/\/ondesign.pt\/inicio\/produto\/afastadores-aco-inoxidavel-prateado-19x19-pack4unids\/#breadcrumb","itemListElement":[{"@type":"ListItem","position":1,"name":"In\u00edcio","item":"https:\/\/ondesign.pt\/inicio\/"},{"@type":"ListItem","position":2,"name":"Home","item":"https:\/\/ondesign.pt\/inicio\/home\/"},{"@type":"ListItem","position":3,"name":"Afastadores A\u00e7o Inoxid\u00e1vel Prateado 19&#215;19 Pack 4 Unidades"}]},{"@type":"WebSite","@id":"https:\/\/ondesign.pt\/inicio\/#website","url":"https:\/\/ondesign.pt\/inicio\/","name":"Ondesign Acrilicos & Publicidade","description":"Atelier de design e comunica\u00e7\u00e3o que desenvolve servi\u00e7os de Brand Design, Design Gr\u00e1fico &amp; Produtos","publisher":{"@id":"https:\/\/ondesign.pt\/inicio\/#organization"},"potentialAction":[{"@type":"SearchAction","target":{"@type":"EntryPoint","urlTemplate":"https:\/\/ondesign.pt\/inicio\/?s={search_term_string}"},"query-input":{"@type":"PropertyValueSpecification","valueRequired":true,"valueName":"search_term_string"}}],"inLanguage":"pt-PT"},{"@type":"Organization","@id":"https:\/\/ondesign.pt\/inicio\/#organization","name":"Ondesign Acrilicos & Publicidade","url":"https:\/\/ondesign.pt\/inicio\/","logo":{"@type":"ImageObject","inLanguage":"pt-PT","@id":"https:\/\/ondesign.pt\/inicio\/#\/schema\/logo\/image\/","url":"https:\/\/i0.wp.com\/ondesign.pt\/inicio\/wp-content\/uploads\/2021\/01\/ondesign2.png?fit=250%2C88&ssl=1","contentUrl":"https:\/\/i0.wp.com\/ondesign.pt\/inicio\/wp-content\/uploads\/2021\/01\/ondesign2.png?fit=250%2C88&ssl=1","width":250,"height":88,"caption":"Ondesign Acrilicos & Publicidade"},"image":{"@id":"https:\/\/ondesign.pt\/inicio\/#\/schema\/logo\/image\/"},"sameAs":["https:\/\/www.facebook.com\/ondesignagency","https:\/\/www.instagram.com\/ondesign.pt\/","https:\/\/www.linkedin.com\/in\/nuno-loureno-455835101\/"]}]}},"jetpack_publicize_connections":[],"jetpack_sharing_enabled":true,"tiered_pricing_type":"fixed","tiered_pricing_fixed_rules":[],"tiered_pricing_product_settings":{"layout":"default","base_unit_name":{"singular":null,"plural":null},"default_variation":null},"tiered_pricing_minimum_quantity":null,"tiered_pricing_roles_data":[],"tiered_pricing_percentage_rules":[],"_links":{"self":[{"href":"https:\/\/ondesign.pt\/inicio\/wp-json\/wp\/v2\/product\/41","targetHints":{"allow":["GET"]}}],"collection":[{"href":"https:\/\/ondesign.pt\/inicio\/wp-json\/wp\/v2\/product"}],"about":[{"href":"https:\/\/ondesign.pt\/inicio\/wp-json\/wp\/v2\/types\/product"}],"wp:featuredmedia":[{"embeddable":true,"href":"https:\/\/ondesign.pt\/inicio\/wp-json\/wp\/v2\/media\/244"}],"wp:attachment":[{"href":"https:\/\/ondesign.pt\/inicio\/wp-json\/wp\/v2\/media?parent=41"}],"wp:term":[{"taxonomy":"product_brand","embeddable":true,"href":"https:\/\/ondesign.pt\/inicio\/wp-json\/wp\/v2\/product_brand?post=41"},{"taxonomy":"product_cat","embeddable":true,"href":"https:\/\/ondesign.pt\/inicio\/wp-json\/wp\/v2\/product_cat?post=41"},{"taxonomy":"product_tag","embeddable":true,"href":"https:\/\/ondesign.pt\/inicio\/wp-json\/wp\/v2\/product_tag?post=41"}],"curies":[{"name":"wp","href":"https:\/\/api.w.org\/{rel}","templated":true}]}}