{"id":746,"date":"2020-04-01T17:21:20","date_gmt":"2020-04-01T17:21:20","guid":{"rendered":"https:\/\/ondesign.pt\/inicio\/?post_type=product&#038;p=746"},"modified":"2020-04-08T08:26:13","modified_gmt":"2020-04-08T08:26:13","slug":"cavalete-economico-dupla-face-ferro-branco-59x80cm","status":"publish","type":"product","link":"https:\/\/ondesign.pt\/inicio\/produto\/cavalete-economico-dupla-face-ferro-branco-59x80cm\/","title":{"rendered":"Cavalete Econ\u00f3mico Dupla Face Ferro Branco 59x80cm"},"content":{"rendered":"","protected":false},"excerpt":{"rendered":"<p><span id=\"ContentPlaceHolder1_txtdescricao\"><strong>Pr\u00e1tico e Econ\u00f3mico<\/strong><\/p>\n<p>O <strong>Cavalete Econ\u00f3mico<\/strong>, tamb\u00e9m apelidado de Display de Solo \u00e9 um dos <strong>sinais de pavimento<\/strong> mais acess\u00edveis desta categoria, constituindo uma excelente op\u00e7\u00e3o sem nunca descurar a qualidade.<br \/>\nEste<strong> cavalete<\/strong> \u00e9 perfeito para \u00e1reas de grande aflu\u00eancia como restaurantes, shopping, lojas, representando uma solu\u00e7\u00e3o pr\u00e1tica e econ\u00f3mica para a divulga\u00e7\u00e3o da marca, produtos e servi\u00e7os.<\/p>\n<p><strong>Vantagens<\/strong><br \/>\n.Pode ser utilizado tanto no interior como no exterior, uma vez que a sua estrutura em ferro galvanizado, lhe confere uma grande estabilidade e resist\u00eancia ao vento, necess\u00e1ria para quem quer comunicar fora de portas.<br \/>\n.Pe\u00e7as de borracha antideslizantes<br \/>\n.F\u00e1cil de transportar n\u00e3o requerendo montagem.<br \/>\n.Dispon\u00edvel em duas cores, atendendo assim \u00e0s m\u00faltiplas necessidades do seu cliente.<\/p>\n<p><strong>Recomenda\u00e7\u00f5es<\/strong><br \/>\nN\u00e3o deixar cair a estrutura<\/span><\/p>\n","protected":false},"featured_media":953,"template":"","meta":{"cybocfi_hide_featured_image":"","jetpack_publicize_message":"","jetpack_publicize_feature_enabled":true,"jetpack_social_post_already_shared":false,"jetpack_social_options":{"image_generator_settings":{"template":"highway","default_image_id":0,"font":"","enabled":false},"version":2}},"product_brand":[],"product_cat":[252],"product_tag":[101],"class_list":{"0":"post-746","1":"product","2":"type-product","3":"status-publish","4":"has-post-thumbnail","6":"product_cat-expositores-de-pavimento","7":"product_tag-expositores-de-pavimento","9":"first","10":"instock","11":"taxable","12":"shipping-taxable","13":"purchasable","14":"product-type-simple"},"yoast_head":"<!-- This site is optimized with the Yoast SEO plugin v27.4 - https:\/\/yoast.com\/product\/yoast-seo-wordpress\/ -->\n<title>Cavalete Econ\u00f3mico Dupla Face Ferro Branco 59x80cm - Ondesign<\/title>\n<meta name=\"robots\" content=\"index, follow, max-snippet:-1, max-image-preview:large, max-video-preview:-1\" \/>\n<link rel=\"canonical\" href=\"https:\/\/ondesign.pt\/inicio\/produto\/cavalete-economico-dupla-face-ferro-branco-59x80cm\/\" \/>\n<meta property=\"og:locale\" content=\"pt_PT\" \/>\n<meta property=\"og:type\" content=\"article\" \/>\n<meta property=\"og:title\" content=\"Cavalete Econ\u00f3mico Dupla Face Ferro Branco 59x80cm - Ondesign\" \/>\n<meta property=\"og:description\" content=\"Pr\u00e1tico e Econ\u00f3mico  O Cavalete Econ\u00f3mico, tamb\u00e9m apelidado de Display de Solo \u00e9 um dos sinais de pavimento mais acess\u00edveis desta categoria, constituindo uma excelente op\u00e7\u00e3o sem nunca descurar a qualidade. Este cavalete \u00e9 perfeito para \u00e1reas de grande aflu\u00eancia como restaurantes, shopping, lojas, representando uma solu\u00e7\u00e3o pr\u00e1tica e econ\u00f3mica para a divulga\u00e7\u00e3o da marca, produtos e servi\u00e7os.  Vantagens .Pode ser utilizado tanto no interior como no exterior, uma vez que a sua estrutura em ferro galvanizado, lhe confere uma grande estabilidade e resist\u00eancia ao vento, necess\u00e1ria para quem quer comunicar fora de portas. .Pe\u00e7as de borracha antideslizantes .F\u00e1cil de transportar n\u00e3o requerendo montagem. .Dispon\u00edvel em duas cores, atendendo assim \u00e0s m\u00faltiplas necessidades do seu cliente.  Recomenda\u00e7\u00f5es N\u00e3o deixar cair a estrutura\" \/>\n<meta property=\"og:url\" content=\"https:\/\/ondesign.pt\/inicio\/produto\/cavalete-economico-dupla-face-ferro-branco-59x80cm\/\" \/>\n<meta property=\"og:site_name\" content=\"Ondesign\" \/>\n<meta property=\"article:publisher\" content=\"https:\/\/www.facebook.com\/ondesignagency\" \/>\n<meta property=\"article:modified_time\" content=\"2020-04-08T08:26:13+00:00\" \/>\n<meta property=\"og:image\" content=\"https:\/\/i0.wp.com\/ondesign.pt\/inicio\/wp-content\/uploads\/2020\/04\/Cavalete_economico_branco_59x80cm.jpg?fit=427%2C436&ssl=1\" \/>\n\t<meta property=\"og:image:width\" content=\"427\" \/>\n\t<meta property=\"og:image:height\" content=\"436\" \/>\n\t<meta property=\"og:image:type\" content=\"image\/jpeg\" \/>\n<meta name=\"twitter:card\" content=\"summary_large_image\" \/>\n<script type=\"application\/ld+json\" class=\"yoast-schema-graph\">{\"@context\":\"https:\\\/\\\/schema.org\",\"@graph\":[{\"@type\":\"WebPage\",\"@id\":\"https:\\\/\\\/ondesign.pt\\\/inicio\\\/produto\\\/cavalete-economico-dupla-face-ferro-branco-59x80cm\\\/\",\"url\":\"https:\\\/\\\/ondesign.pt\\\/inicio\\\/produto\\\/cavalete-economico-dupla-face-ferro-branco-59x80cm\\\/\",\"name\":\"Cavalete Econ\u00f3mico Dupla Face Ferro Branco 59x80cm - Ondesign\",\"isPartOf\":{\"@id\":\"https:\\\/\\\/ondesign.pt\\\/inicio\\\/#website\"},\"primaryImageOfPage\":{\"@id\":\"https:\\\/\\\/ondesign.pt\\\/inicio\\\/produto\\\/cavalete-economico-dupla-face-ferro-branco-59x80cm\\\/#primaryimage\"},\"image\":{\"@id\":\"https:\\\/\\\/ondesign.pt\\\/inicio\\\/produto\\\/cavalete-economico-dupla-face-ferro-branco-59x80cm\\\/#primaryimage\"},\"thumbnailUrl\":\"https:\\\/\\\/i0.wp.com\\\/ondesign.pt\\\/inicio\\\/wp-content\\\/uploads\\\/2020\\\/04\\\/Cavalete_economico_branco_59x80cm.jpg?fit=427%2C436&ssl=1\",\"datePublished\":\"2020-04-01T17:21:20+00:00\",\"dateModified\":\"2020-04-08T08:26:13+00:00\",\"breadcrumb\":{\"@id\":\"https:\\\/\\\/ondesign.pt\\\/inicio\\\/produto\\\/cavalete-economico-dupla-face-ferro-branco-59x80cm\\\/#breadcrumb\"},\"inLanguage\":\"pt-PT\",\"potentialAction\":[{\"@type\":\"ReadAction\",\"target\":[\"https:\\\/\\\/ondesign.pt\\\/inicio\\\/produto\\\/cavalete-economico-dupla-face-ferro-branco-59x80cm\\\/\"]}]},{\"@type\":\"ImageObject\",\"inLanguage\":\"pt-PT\",\"@id\":\"https:\\\/\\\/ondesign.pt\\\/inicio\\\/produto\\\/cavalete-economico-dupla-face-ferro-branco-59x80cm\\\/#primaryimage\",\"url\":\"https:\\\/\\\/i0.wp.com\\\/ondesign.pt\\\/inicio\\\/wp-content\\\/uploads\\\/2020\\\/04\\\/Cavalete_economico_branco_59x80cm.jpg?fit=427%2C436&ssl=1\",\"contentUrl\":\"https:\\\/\\\/i0.wp.com\\\/ondesign.pt\\\/inicio\\\/wp-content\\\/uploads\\\/2020\\\/04\\\/Cavalete_economico_branco_59x80cm.jpg?fit=427%2C436&ssl=1\",\"width\":427,\"height\":436},{\"@type\":\"BreadcrumbList\",\"@id\":\"https:\\\/\\\/ondesign.pt\\\/inicio\\\/produto\\\/cavalete-economico-dupla-face-ferro-branco-59x80cm\\\/#breadcrumb\",\"itemListElement\":[{\"@type\":\"ListItem\",\"position\":1,\"name\":\"In\u00edcio\",\"item\":\"https:\\\/\\\/ondesign.pt\\\/inicio\\\/\"},{\"@type\":\"ListItem\",\"position\":2,\"name\":\"Home\",\"item\":\"https:\\\/\\\/ondesign.pt\\\/inicio\\\/home\\\/\"},{\"@type\":\"ListItem\",\"position\":3,\"name\":\"Cavalete Econ\u00f3mico Dupla Face Ferro Branco 59x80cm\"}]},{\"@type\":\"WebSite\",\"@id\":\"https:\\\/\\\/ondesign.pt\\\/inicio\\\/#website\",\"url\":\"https:\\\/\\\/ondesign.pt\\\/inicio\\\/\",\"name\":\"Ondesign Acrilicos & Publicidade\",\"description\":\"Atelier de design e comunica\u00e7\u00e3o que desenvolve servi\u00e7os de Brand Design, Design Gr\u00e1fico &amp; Produtos\",\"publisher\":{\"@id\":\"https:\\\/\\\/ondesign.pt\\\/inicio\\\/#organization\"},\"potentialAction\":[{\"@type\":\"SearchAction\",\"target\":{\"@type\":\"EntryPoint\",\"urlTemplate\":\"https:\\\/\\\/ondesign.pt\\\/inicio\\\/?s={search_term_string}\"},\"query-input\":{\"@type\":\"PropertyValueSpecification\",\"valueRequired\":true,\"valueName\":\"search_term_string\"}}],\"inLanguage\":\"pt-PT\"},{\"@type\":\"Organization\",\"@id\":\"https:\\\/\\\/ondesign.pt\\\/inicio\\\/#organization\",\"name\":\"Ondesign Acrilicos & Publicidade\",\"url\":\"https:\\\/\\\/ondesign.pt\\\/inicio\\\/\",\"logo\":{\"@type\":\"ImageObject\",\"inLanguage\":\"pt-PT\",\"@id\":\"https:\\\/\\\/ondesign.pt\\\/inicio\\\/#\\\/schema\\\/logo\\\/image\\\/\",\"url\":\"https:\\\/\\\/i0.wp.com\\\/ondesign.pt\\\/inicio\\\/wp-content\\\/uploads\\\/2021\\\/01\\\/ondesign2.png?fit=250%2C88&ssl=1\",\"contentUrl\":\"https:\\\/\\\/i0.wp.com\\\/ondesign.pt\\\/inicio\\\/wp-content\\\/uploads\\\/2021\\\/01\\\/ondesign2.png?fit=250%2C88&ssl=1\",\"width\":250,\"height\":88,\"caption\":\"Ondesign Acrilicos & Publicidade\"},\"image\":{\"@id\":\"https:\\\/\\\/ondesign.pt\\\/inicio\\\/#\\\/schema\\\/logo\\\/image\\\/\"},\"sameAs\":[\"https:\\\/\\\/www.facebook.com\\\/ondesignagency\",\"https:\\\/\\\/www.instagram.com\\\/ondesign.pt\\\/\",\"https:\\\/\\\/www.linkedin.com\\\/in\\\/nuno-loureno-455835101\\\/\"]}]}<\/script>\n<!-- \/ Yoast SEO plugin. -->","yoast_head_json":{"title":"Cavalete Econ\u00f3mico Dupla Face Ferro Branco 59x80cm - Ondesign","robots":{"index":"index","follow":"follow","max-snippet":"max-snippet:-1","max-image-preview":"max-image-preview:large","max-video-preview":"max-video-preview:-1"},"canonical":"https:\/\/ondesign.pt\/inicio\/produto\/cavalete-economico-dupla-face-ferro-branco-59x80cm\/","og_locale":"pt_PT","og_type":"article","og_title":"Cavalete Econ\u00f3mico Dupla Face Ferro Branco 59x80cm - Ondesign","og_description":"Pr\u00e1tico e Econ\u00f3mico  O Cavalete Econ\u00f3mico, tamb\u00e9m apelidado de Display de Solo \u00e9 um dos sinais de pavimento mais acess\u00edveis desta categoria, constituindo uma excelente op\u00e7\u00e3o sem nunca descurar a qualidade. Este cavalete \u00e9 perfeito para \u00e1reas de grande aflu\u00eancia como restaurantes, shopping, lojas, representando uma solu\u00e7\u00e3o pr\u00e1tica e econ\u00f3mica para a divulga\u00e7\u00e3o da marca, produtos e servi\u00e7os.  Vantagens .Pode ser utilizado tanto no interior como no exterior, uma vez que a sua estrutura em ferro galvanizado, lhe confere uma grande estabilidade e resist\u00eancia ao vento, necess\u00e1ria para quem quer comunicar fora de portas. .Pe\u00e7as de borracha antideslizantes .F\u00e1cil de transportar n\u00e3o requerendo montagem. .Dispon\u00edvel em duas cores, atendendo assim \u00e0s m\u00faltiplas necessidades do seu cliente.  Recomenda\u00e7\u00f5es N\u00e3o deixar cair a estrutura","og_url":"https:\/\/ondesign.pt\/inicio\/produto\/cavalete-economico-dupla-face-ferro-branco-59x80cm\/","og_site_name":"Ondesign","article_publisher":"https:\/\/www.facebook.com\/ondesignagency","article_modified_time":"2020-04-08T08:26:13+00:00","og_image":[{"width":427,"height":436,"url":"https:\/\/i0.wp.com\/ondesign.pt\/inicio\/wp-content\/uploads\/2020\/04\/Cavalete_economico_branco_59x80cm.jpg?fit=427%2C436&ssl=1","type":"image\/jpeg"}],"twitter_card":"summary_large_image","schema":{"@context":"https:\/\/schema.org","@graph":[{"@type":"WebPage","@id":"https:\/\/ondesign.pt\/inicio\/produto\/cavalete-economico-dupla-face-ferro-branco-59x80cm\/","url":"https:\/\/ondesign.pt\/inicio\/produto\/cavalete-economico-dupla-face-ferro-branco-59x80cm\/","name":"Cavalete Econ\u00f3mico Dupla Face Ferro Branco 59x80cm - Ondesign","isPartOf":{"@id":"https:\/\/ondesign.pt\/inicio\/#website"},"primaryImageOfPage":{"@id":"https:\/\/ondesign.pt\/inicio\/produto\/cavalete-economico-dupla-face-ferro-branco-59x80cm\/#primaryimage"},"image":{"@id":"https:\/\/ondesign.pt\/inicio\/produto\/cavalete-economico-dupla-face-ferro-branco-59x80cm\/#primaryimage"},"thumbnailUrl":"https:\/\/i0.wp.com\/ondesign.pt\/inicio\/wp-content\/uploads\/2020\/04\/Cavalete_economico_branco_59x80cm.jpg?fit=427%2C436&ssl=1","datePublished":"2020-04-01T17:21:20+00:00","dateModified":"2020-04-08T08:26:13+00:00","breadcrumb":{"@id":"https:\/\/ondesign.pt\/inicio\/produto\/cavalete-economico-dupla-face-ferro-branco-59x80cm\/#breadcrumb"},"inLanguage":"pt-PT","potentialAction":[{"@type":"ReadAction","target":["https:\/\/ondesign.pt\/inicio\/produto\/cavalete-economico-dupla-face-ferro-branco-59x80cm\/"]}]},{"@type":"ImageObject","inLanguage":"pt-PT","@id":"https:\/\/ondesign.pt\/inicio\/produto\/cavalete-economico-dupla-face-ferro-branco-59x80cm\/#primaryimage","url":"https:\/\/i0.wp.com\/ondesign.pt\/inicio\/wp-content\/uploads\/2020\/04\/Cavalete_economico_branco_59x80cm.jpg?fit=427%2C436&ssl=1","contentUrl":"https:\/\/i0.wp.com\/ondesign.pt\/inicio\/wp-content\/uploads\/2020\/04\/Cavalete_economico_branco_59x80cm.jpg?fit=427%2C436&ssl=1","width":427,"height":436},{"@type":"BreadcrumbList","@id":"https:\/\/ondesign.pt\/inicio\/produto\/cavalete-economico-dupla-face-ferro-branco-59x80cm\/#breadcrumb","itemListElement":[{"@type":"ListItem","position":1,"name":"In\u00edcio","item":"https:\/\/ondesign.pt\/inicio\/"},{"@type":"ListItem","position":2,"name":"Home","item":"https:\/\/ondesign.pt\/inicio\/home\/"},{"@type":"ListItem","position":3,"name":"Cavalete Econ\u00f3mico Dupla Face Ferro Branco 59x80cm"}]},{"@type":"WebSite","@id":"https:\/\/ondesign.pt\/inicio\/#website","url":"https:\/\/ondesign.pt\/inicio\/","name":"Ondesign Acrilicos & Publicidade","description":"Atelier de design e comunica\u00e7\u00e3o que desenvolve servi\u00e7os de Brand Design, Design Gr\u00e1fico &amp; Produtos","publisher":{"@id":"https:\/\/ondesign.pt\/inicio\/#organization"},"potentialAction":[{"@type":"SearchAction","target":{"@type":"EntryPoint","urlTemplate":"https:\/\/ondesign.pt\/inicio\/?s={search_term_string}"},"query-input":{"@type":"PropertyValueSpecification","valueRequired":true,"valueName":"search_term_string"}}],"inLanguage":"pt-PT"},{"@type":"Organization","@id":"https:\/\/ondesign.pt\/inicio\/#organization","name":"Ondesign Acrilicos & Publicidade","url":"https:\/\/ondesign.pt\/inicio\/","logo":{"@type":"ImageObject","inLanguage":"pt-PT","@id":"https:\/\/ondesign.pt\/inicio\/#\/schema\/logo\/image\/","url":"https:\/\/i0.wp.com\/ondesign.pt\/inicio\/wp-content\/uploads\/2021\/01\/ondesign2.png?fit=250%2C88&ssl=1","contentUrl":"https:\/\/i0.wp.com\/ondesign.pt\/inicio\/wp-content\/uploads\/2021\/01\/ondesign2.png?fit=250%2C88&ssl=1","width":250,"height":88,"caption":"Ondesign Acrilicos & Publicidade"},"image":{"@id":"https:\/\/ondesign.pt\/inicio\/#\/schema\/logo\/image\/"},"sameAs":["https:\/\/www.facebook.com\/ondesignagency","https:\/\/www.instagram.com\/ondesign.pt\/","https:\/\/www.linkedin.com\/in\/nuno-loureno-455835101\/"]}]}},"jetpack_publicize_connections":[],"jetpack_sharing_enabled":true,"tiered_pricing_type":"fixed","tiered_pricing_fixed_rules":[],"tiered_pricing_product_settings":{"layout":"default","base_unit_name":{"singular":null,"plural":null},"default_variation":null},"tiered_pricing_minimum_quantity":null,"tiered_pricing_roles_data":[],"tiered_pricing_percentage_rules":[],"_links":{"self":[{"href":"https:\/\/ondesign.pt\/inicio\/wp-json\/wp\/v2\/product\/746","targetHints":{"allow":["GET"]}}],"collection":[{"href":"https:\/\/ondesign.pt\/inicio\/wp-json\/wp\/v2\/product"}],"about":[{"href":"https:\/\/ondesign.pt\/inicio\/wp-json\/wp\/v2\/types\/product"}],"wp:featuredmedia":[{"embeddable":true,"href":"https:\/\/ondesign.pt\/inicio\/wp-json\/wp\/v2\/media\/953"}],"wp:attachment":[{"href":"https:\/\/ondesign.pt\/inicio\/wp-json\/wp\/v2\/media?parent=746"}],"wp:term":[{"taxonomy":"product_brand","embeddable":true,"href":"https:\/\/ondesign.pt\/inicio\/wp-json\/wp\/v2\/product_brand?post=746"},{"taxonomy":"product_cat","embeddable":true,"href":"https:\/\/ondesign.pt\/inicio\/wp-json\/wp\/v2\/product_cat?post=746"},{"taxonomy":"product_tag","embeddable":true,"href":"https:\/\/ondesign.pt\/inicio\/wp-json\/wp\/v2\/product_tag?post=746"}],"curies":[{"name":"wp","href":"https:\/\/api.w.org\/{rel}","templated":true}]}}