{"id":754,"date":"2020-03-22T21:01:50","date_gmt":"2020-03-22T21:01:50","guid":{"rendered":"https:\/\/ondesign.pt\/inicio\/?post_type=product&#038;p=754"},"modified":"2025-02-04T19:15:27","modified_gmt":"2025-02-04T19:15:27","slug":"roll-up-classic-100-simple-bag","status":"publish","type":"product","link":"https:\/\/ondesign.pt\/inicio\/produto\/roll-up-classic-100-simple-bag\/","title":{"rendered":"Roll-Up Classic 100"},"content":{"rendered":"","protected":false},"excerpt":{"rendered":"<div>\n<div id=\"tabs\" class=\"ui-tabs ui-widget ui-widget-content ui-corner-all\">\n<div id=\"tabs-1\" class=\"ui-tabs-panel ui-widget-content ui-corner-bottom\" role=\"tabpanel\" aria-labelledby=\"ui-id-1\" aria-hidden=\"false\">\n<p><img loading=\"lazy\" decoding=\"async\" class=\"alignnone size-full wp-image-1156\" src=\"https:\/\/ondesign.pt\/inicio\/wp-content\/uploads\/2020\/03\/imp.jpg\" alt=\"\" width=\"198\" height=\"28\" \/><\/p>\n<p><span id=\"ContentPlaceHolder1_txtdescricao\">O <strong>Classic + Simple Bag <\/strong>\u00e9 o roll-up mais simples e econ\u00f3mico do nosso portef\u00f3lio de roll-ups, dispon\u00edvel nos tamanhos <a href=\"https:\/\/www.weddt.pt\/pt\/product\/Roll-Up-Classic-85--Simple-Bag\/14176\">85<\/a>, 100 e <a href=\"https:\/\/www.weddt.pt\/pt\/product\/Roll-Up-Classic-120--Simple-Bag\/14813\">120<\/a>.<\/span><\/p>\n<p>Traz como acess\u00f3rio um saco de transporte simples.<\/p>\n<p>\u00c9 r\u00e1pido e f\u00e1cil de montar e transportar.<\/p>\n<p>O Classic + Simple Bag \u00e9 um suporte publicit\u00e1rio vers\u00e1til que pode ser utilizado em:<\/p>\n<p>&#8211; Espa\u00e7os comerciais: shoppings, hipermercados;<br \/>\n&#8211; Hospitais, cl\u00ednicas, farm\u00e1cias;<br \/>\n&#8211; Cinema, livrarias;<br \/>\n&#8211; Stands de autom\u00f3veis;<br \/>\n&#8211; Stands para feiras.<\/p>\n<\/div>\n<div class=\"cl\"><\/div>\n<\/div>\n<\/div>\n<div class=\"cl\"><\/div>\n<div>\n<div class=\"cl\"><\/div>\n<\/div>\n","protected":false},"featured_media":378,"template":"","meta":{"cybocfi_hide_featured_image":""},"product_brand":[],"product_cat":[253],"product_tag":[36],"class_list":{"0":"post-754","1":"product","2":"type-product","3":"status-publish","4":"has-post-thumbnail","6":"product_cat-rollups","7":"product_tag-rollups","9":"first","10":"instock","11":"taxable","12":"shipping-taxable","13":"purchasable","14":"product-type-simple"},"yoast_head":"<!-- This site is optimized with the Yoast SEO plugin v27.4 - https:\/\/yoast.com\/product\/yoast-seo-wordpress\/ -->\n<title>Roll-Up Classic 100 - Ondesign<\/title>\n<meta name=\"robots\" content=\"index, follow, max-snippet:-1, max-image-preview:large, max-video-preview:-1\" \/>\n<link rel=\"canonical\" href=\"https:\/\/ondesign.pt\/inicio\/produto\/roll-up-classic-100-simple-bag\/\" \/>\n<meta property=\"og:locale\" content=\"pt_PT\" \/>\n<meta property=\"og:type\" content=\"article\" \/>\n<meta property=\"og:title\" content=\"Roll-Up Classic 100 - Ondesign\" \/>\n<meta property=\"og:description\" content=\"O Classic + Simple Bag \u00e9 o roll-up mais simples e econ\u00f3mico do nosso portef\u00f3lio de roll-ups, dispon\u00edvel nos tamanhos 85, 100 e 120.  Traz como acess\u00f3rio um saco de transporte simples.  \u00c9 r\u00e1pido e f\u00e1cil de montar e transportar.  O Classic + Simple Bag \u00e9 um suporte publicit\u00e1rio vers\u00e1til que pode ser utilizado em:  - Espa\u00e7os comerciais: shoppings, hipermercados; - Hospitais, cl\u00ednicas, farm\u00e1cias; - Cinema, livrarias; - Stands de autom\u00f3veis; - Stands para feiras.\" \/>\n<meta property=\"og:url\" content=\"https:\/\/ondesign.pt\/inicio\/produto\/roll-up-classic-100-simple-bag\/\" \/>\n<meta property=\"og:site_name\" content=\"Ondesign\" \/>\n<meta property=\"article:publisher\" content=\"https:\/\/www.facebook.com\/ondesignagency\" \/>\n<meta property=\"article:modified_time\" content=\"2025-02-04T19:15:27+00:00\" \/>\n<meta property=\"og:image\" content=\"https:\/\/i0.wp.com\/ondesign.pt\/inicio\/wp-content\/uploads\/2020\/03\/ROLL-UP-CLASSIC-100-SIMPLE-BAG-1.jpg?fit=427%2C498&ssl=1\" \/>\n\t<meta property=\"og:image:width\" content=\"427\" \/>\n\t<meta property=\"og:image:height\" content=\"498\" \/>\n\t<meta property=\"og:image:type\" content=\"image\/jpeg\" \/>\n<meta name=\"twitter:card\" content=\"summary_large_image\" \/>\n<script type=\"application\/ld+json\" class=\"yoast-schema-graph\">{\"@context\":\"https:\\\/\\\/schema.org\",\"@graph\":[{\"@type\":\"WebPage\",\"@id\":\"https:\\\/\\\/ondesign.pt\\\/inicio\\\/produto\\\/roll-up-classic-100-simple-bag\\\/\",\"url\":\"https:\\\/\\\/ondesign.pt\\\/inicio\\\/produto\\\/roll-up-classic-100-simple-bag\\\/\",\"name\":\"Roll-Up Classic 100 - Ondesign\",\"isPartOf\":{\"@id\":\"https:\\\/\\\/ondesign.pt\\\/inicio\\\/#website\"},\"primaryImageOfPage\":{\"@id\":\"https:\\\/\\\/ondesign.pt\\\/inicio\\\/produto\\\/roll-up-classic-100-simple-bag\\\/#primaryimage\"},\"image\":{\"@id\":\"https:\\\/\\\/ondesign.pt\\\/inicio\\\/produto\\\/roll-up-classic-100-simple-bag\\\/#primaryimage\"},\"thumbnailUrl\":\"https:\\\/\\\/i0.wp.com\\\/ondesign.pt\\\/inicio\\\/wp-content\\\/uploads\\\/2020\\\/03\\\/ROLL-UP-CLASSIC-100-SIMPLE-BAG-1.jpg?fit=427%2C498&ssl=1\",\"datePublished\":\"2020-03-22T21:01:50+00:00\",\"dateModified\":\"2025-02-04T19:15:27+00:00\",\"breadcrumb\":{\"@id\":\"https:\\\/\\\/ondesign.pt\\\/inicio\\\/produto\\\/roll-up-classic-100-simple-bag\\\/#breadcrumb\"},\"inLanguage\":\"pt-PT\",\"potentialAction\":[{\"@type\":\"ReadAction\",\"target\":[\"https:\\\/\\\/ondesign.pt\\\/inicio\\\/produto\\\/roll-up-classic-100-simple-bag\\\/\"]}]},{\"@type\":\"ImageObject\",\"inLanguage\":\"pt-PT\",\"@id\":\"https:\\\/\\\/ondesign.pt\\\/inicio\\\/produto\\\/roll-up-classic-100-simple-bag\\\/#primaryimage\",\"url\":\"https:\\\/\\\/i0.wp.com\\\/ondesign.pt\\\/inicio\\\/wp-content\\\/uploads\\\/2020\\\/03\\\/ROLL-UP-CLASSIC-100-SIMPLE-BAG-1.jpg?fit=427%2C498&ssl=1\",\"contentUrl\":\"https:\\\/\\\/i0.wp.com\\\/ondesign.pt\\\/inicio\\\/wp-content\\\/uploads\\\/2020\\\/03\\\/ROLL-UP-CLASSIC-100-SIMPLE-BAG-1.jpg?fit=427%2C498&ssl=1\",\"width\":427,\"height\":498},{\"@type\":\"BreadcrumbList\",\"@id\":\"https:\\\/\\\/ondesign.pt\\\/inicio\\\/produto\\\/roll-up-classic-100-simple-bag\\\/#breadcrumb\",\"itemListElement\":[{\"@type\":\"ListItem\",\"position\":1,\"name\":\"In\u00edcio\",\"item\":\"https:\\\/\\\/ondesign.pt\\\/inicio\\\/\"},{\"@type\":\"ListItem\",\"position\":2,\"name\":\"Home\",\"item\":\"https:\\\/\\\/ondesign.pt\\\/inicio\\\/home\\\/\"},{\"@type\":\"ListItem\",\"position\":3,\"name\":\"Roll-Up Classic 100\"}]},{\"@type\":\"WebSite\",\"@id\":\"https:\\\/\\\/ondesign.pt\\\/inicio\\\/#website\",\"url\":\"https:\\\/\\\/ondesign.pt\\\/inicio\\\/\",\"name\":\"Ondesign Acrilicos & Publicidade\",\"description\":\"Atelier de design e comunica\u00e7\u00e3o que desenvolve servi\u00e7os de Brand Design, Design Gr\u00e1fico &amp; Produtos\",\"publisher\":{\"@id\":\"https:\\\/\\\/ondesign.pt\\\/inicio\\\/#organization\"},\"potentialAction\":[{\"@type\":\"SearchAction\",\"target\":{\"@type\":\"EntryPoint\",\"urlTemplate\":\"https:\\\/\\\/ondesign.pt\\\/inicio\\\/?s={search_term_string}\"},\"query-input\":{\"@type\":\"PropertyValueSpecification\",\"valueRequired\":true,\"valueName\":\"search_term_string\"}}],\"inLanguage\":\"pt-PT\"},{\"@type\":\"Organization\",\"@id\":\"https:\\\/\\\/ondesign.pt\\\/inicio\\\/#organization\",\"name\":\"Ondesign Acrilicos & Publicidade\",\"url\":\"https:\\\/\\\/ondesign.pt\\\/inicio\\\/\",\"logo\":{\"@type\":\"ImageObject\",\"inLanguage\":\"pt-PT\",\"@id\":\"https:\\\/\\\/ondesign.pt\\\/inicio\\\/#\\\/schema\\\/logo\\\/image\\\/\",\"url\":\"https:\\\/\\\/i0.wp.com\\\/ondesign.pt\\\/inicio\\\/wp-content\\\/uploads\\\/2021\\\/01\\\/ondesign2.png?fit=250%2C88&ssl=1\",\"contentUrl\":\"https:\\\/\\\/i0.wp.com\\\/ondesign.pt\\\/inicio\\\/wp-content\\\/uploads\\\/2021\\\/01\\\/ondesign2.png?fit=250%2C88&ssl=1\",\"width\":250,\"height\":88,\"caption\":\"Ondesign Acrilicos & Publicidade\"},\"image\":{\"@id\":\"https:\\\/\\\/ondesign.pt\\\/inicio\\\/#\\\/schema\\\/logo\\\/image\\\/\"},\"sameAs\":[\"https:\\\/\\\/www.facebook.com\\\/ondesignagency\",\"https:\\\/\\\/www.instagram.com\\\/ondesign.pt\\\/\",\"https:\\\/\\\/www.linkedin.com\\\/in\\\/nuno-loureno-455835101\\\/\"]}]}<\/script>\n<!-- \/ Yoast SEO plugin. -->","yoast_head_json":{"title":"Roll-Up Classic 100 - Ondesign","robots":{"index":"index","follow":"follow","max-snippet":"max-snippet:-1","max-image-preview":"max-image-preview:large","max-video-preview":"max-video-preview:-1"},"canonical":"https:\/\/ondesign.pt\/inicio\/produto\/roll-up-classic-100-simple-bag\/","og_locale":"pt_PT","og_type":"article","og_title":"Roll-Up Classic 100 - Ondesign","og_description":"O Classic + Simple Bag \u00e9 o roll-up mais simples e econ\u00f3mico do nosso portef\u00f3lio de roll-ups, dispon\u00edvel nos tamanhos 85, 100 e 120.  Traz como acess\u00f3rio um saco de transporte simples.  \u00c9 r\u00e1pido e f\u00e1cil de montar e transportar.  O Classic + Simple Bag \u00e9 um suporte publicit\u00e1rio vers\u00e1til que pode ser utilizado em:  - Espa\u00e7os comerciais: shoppings, hipermercados; - Hospitais, cl\u00ednicas, farm\u00e1cias; - Cinema, livrarias; - Stands de autom\u00f3veis; - Stands para feiras.","og_url":"https:\/\/ondesign.pt\/inicio\/produto\/roll-up-classic-100-simple-bag\/","og_site_name":"Ondesign","article_publisher":"https:\/\/www.facebook.com\/ondesignagency","article_modified_time":"2025-02-04T19:15:27+00:00","og_image":[{"width":427,"height":498,"url":"https:\/\/i0.wp.com\/ondesign.pt\/inicio\/wp-content\/uploads\/2020\/03\/ROLL-UP-CLASSIC-100-SIMPLE-BAG-1.jpg?fit=427%2C498&ssl=1","type":"image\/jpeg"}],"twitter_card":"summary_large_image","schema":{"@context":"https:\/\/schema.org","@graph":[{"@type":"WebPage","@id":"https:\/\/ondesign.pt\/inicio\/produto\/roll-up-classic-100-simple-bag\/","url":"https:\/\/ondesign.pt\/inicio\/produto\/roll-up-classic-100-simple-bag\/","name":"Roll-Up Classic 100 - Ondesign","isPartOf":{"@id":"https:\/\/ondesign.pt\/inicio\/#website"},"primaryImageOfPage":{"@id":"https:\/\/ondesign.pt\/inicio\/produto\/roll-up-classic-100-simple-bag\/#primaryimage"},"image":{"@id":"https:\/\/ondesign.pt\/inicio\/produto\/roll-up-classic-100-simple-bag\/#primaryimage"},"thumbnailUrl":"https:\/\/i0.wp.com\/ondesign.pt\/inicio\/wp-content\/uploads\/2020\/03\/ROLL-UP-CLASSIC-100-SIMPLE-BAG-1.jpg?fit=427%2C498&ssl=1","datePublished":"2020-03-22T21:01:50+00:00","dateModified":"2025-02-04T19:15:27+00:00","breadcrumb":{"@id":"https:\/\/ondesign.pt\/inicio\/produto\/roll-up-classic-100-simple-bag\/#breadcrumb"},"inLanguage":"pt-PT","potentialAction":[{"@type":"ReadAction","target":["https:\/\/ondesign.pt\/inicio\/produto\/roll-up-classic-100-simple-bag\/"]}]},{"@type":"ImageObject","inLanguage":"pt-PT","@id":"https:\/\/ondesign.pt\/inicio\/produto\/roll-up-classic-100-simple-bag\/#primaryimage","url":"https:\/\/i0.wp.com\/ondesign.pt\/inicio\/wp-content\/uploads\/2020\/03\/ROLL-UP-CLASSIC-100-SIMPLE-BAG-1.jpg?fit=427%2C498&ssl=1","contentUrl":"https:\/\/i0.wp.com\/ondesign.pt\/inicio\/wp-content\/uploads\/2020\/03\/ROLL-UP-CLASSIC-100-SIMPLE-BAG-1.jpg?fit=427%2C498&ssl=1","width":427,"height":498},{"@type":"BreadcrumbList","@id":"https:\/\/ondesign.pt\/inicio\/produto\/roll-up-classic-100-simple-bag\/#breadcrumb","itemListElement":[{"@type":"ListItem","position":1,"name":"In\u00edcio","item":"https:\/\/ondesign.pt\/inicio\/"},{"@type":"ListItem","position":2,"name":"Home","item":"https:\/\/ondesign.pt\/inicio\/home\/"},{"@type":"ListItem","position":3,"name":"Roll-Up Classic 100"}]},{"@type":"WebSite","@id":"https:\/\/ondesign.pt\/inicio\/#website","url":"https:\/\/ondesign.pt\/inicio\/","name":"Ondesign Acrilicos & Publicidade","description":"Atelier de design e comunica\u00e7\u00e3o que desenvolve servi\u00e7os de Brand Design, Design Gr\u00e1fico &amp; Produtos","publisher":{"@id":"https:\/\/ondesign.pt\/inicio\/#organization"},"potentialAction":[{"@type":"SearchAction","target":{"@type":"EntryPoint","urlTemplate":"https:\/\/ondesign.pt\/inicio\/?s={search_term_string}"},"query-input":{"@type":"PropertyValueSpecification","valueRequired":true,"valueName":"search_term_string"}}],"inLanguage":"pt-PT"},{"@type":"Organization","@id":"https:\/\/ondesign.pt\/inicio\/#organization","name":"Ondesign Acrilicos & Publicidade","url":"https:\/\/ondesign.pt\/inicio\/","logo":{"@type":"ImageObject","inLanguage":"pt-PT","@id":"https:\/\/ondesign.pt\/inicio\/#\/schema\/logo\/image\/","url":"https:\/\/i0.wp.com\/ondesign.pt\/inicio\/wp-content\/uploads\/2021\/01\/ondesign2.png?fit=250%2C88&ssl=1","contentUrl":"https:\/\/i0.wp.com\/ondesign.pt\/inicio\/wp-content\/uploads\/2021\/01\/ondesign2.png?fit=250%2C88&ssl=1","width":250,"height":88,"caption":"Ondesign Acrilicos & Publicidade"},"image":{"@id":"https:\/\/ondesign.pt\/inicio\/#\/schema\/logo\/image\/"},"sameAs":["https:\/\/www.facebook.com\/ondesignagency","https:\/\/www.instagram.com\/ondesign.pt\/","https:\/\/www.linkedin.com\/in\/nuno-loureno-455835101\/"]}]}},"jetpack_sharing_enabled":true,"tiered_pricing_type":"fixed","tiered_pricing_fixed_rules":[],"tiered_pricing_product_settings":{"layout":"default","base_unit_name":{"singular":null,"plural":null},"default_variation":null},"tiered_pricing_minimum_quantity":null,"tiered_pricing_roles_data":[],"tiered_pricing_percentage_rules":[],"_links":{"self":[{"href":"https:\/\/ondesign.pt\/inicio\/wp-json\/wp\/v2\/product\/754","targetHints":{"allow":["GET"]}}],"collection":[{"href":"https:\/\/ondesign.pt\/inicio\/wp-json\/wp\/v2\/product"}],"about":[{"href":"https:\/\/ondesign.pt\/inicio\/wp-json\/wp\/v2\/types\/product"}],"wp:featuredmedia":[{"embeddable":true,"href":"https:\/\/ondesign.pt\/inicio\/wp-json\/wp\/v2\/media\/378"}],"wp:attachment":[{"href":"https:\/\/ondesign.pt\/inicio\/wp-json\/wp\/v2\/media?parent=754"}],"wp:term":[{"taxonomy":"product_brand","embeddable":true,"href":"https:\/\/ondesign.pt\/inicio\/wp-json\/wp\/v2\/product_brand?post=754"},{"taxonomy":"product_cat","embeddable":true,"href":"https:\/\/ondesign.pt\/inicio\/wp-json\/wp\/v2\/product_cat?post=754"},{"taxonomy":"product_tag","embeddable":true,"href":"https:\/\/ondesign.pt\/inicio\/wp-json\/wp\/v2\/product_tag?post=754"}],"curies":[{"name":"wp","href":"https:\/\/api.w.org\/{rel}","templated":true}]}}