{"id":814,"date":"2020-03-26T16:34:42","date_gmt":"2020-03-26T16:34:42","guid":{"rendered":"https:\/\/ondesign.pt\/inicio\/?post_type=product&#038;p=814"},"modified":"2020-03-26T16:36:35","modified_gmt":"2020-03-26T16:36:35","slug":"cinta-de-fixacao-de-parede-standard-series-3000mirror","status":"publish","type":"product","link":"https:\/\/ondesign.pt\/inicio\/produto\/cinta-de-fixacao-de-parede-standard-series-3000mirror\/","title":{"rendered":"Cinta de Fixa\u00e7\u00e3o de Parede Standard Series 3000mirror"},"content":{"rendered":"","protected":false},"excerpt":{"rendered":"<p><span id=\"ContentPlaceHolder1_txtdescricao\">A Cinta de Fixa\u00e7\u00e3o de Parede Standard Series 3000 Mirror Black Belt \u00e9 muito utilizado em supermercados e hipermercados para encerrar as caixas registadores.<\/span><\/p>\n<p>Consiste numa cinta\u00a0com uma\u00a0placa furada nas costas que ser\u00e1 fixada numa parede e que permite ligar a cinta ou fita a um receptor em ABS \u00e0 parede oposta.<\/p>\n<p>Este produto tem uma cor espelhada para usar em locais mais elegantes e uma cinta vermelha de 3m que chama a aten\u00e7\u00e3o \u00e0 interdi\u00e7\u00e3o ou proibi\u00e7\u00e3o da passagem quando usada.<\/p>\n<p><strong>Vantagens deste produto<\/strong><br \/>\n.Sistema de bloqueio<br \/>\n.Poste de 4 vias ( 1 cinta e 3 receptores)<br \/>\n.Port\u00e1til e f\u00e1cil de montar<br \/>\n.Termina\u00e7\u00e3o Universal<br \/>\n.Possibilidade de personalizar a fita<\/p>\n<p><strong>Acess\u00f3rios inclu\u00eddos<\/strong><br \/>\n.Buchas, parafusos e Fixador de parede<\/p>\n<p><strong>Acess\u00f3rios Extra<\/strong><br \/>\n&#8211;<\/p>\n<p><strong>Recomenda\u00e7\u00f5es<\/strong><br \/>\n.N\u00e3o deixar cair a estrutura<br \/>\n.N\u00e3o largar a cinta quando a mesma est\u00e1 desenrolada<\/p>\n","protected":false},"featured_media":680,"template":"","meta":{"cybocfi_hide_featured_image":""},"product_brand":[],"product_cat":[22],"product_tag":[102],"class_list":{"0":"post-814","1":"product","2":"type-product","3":"status-publish","4":"has-post-thumbnail","6":"product_cat-gestores-de-fila","7":"product_tag-gestores-de-fila","9":"first","10":"instock","11":"taxable","12":"shipping-taxable","13":"purchasable","14":"product-type-simple"},"yoast_head":"<!-- This site is optimized with the Yoast SEO plugin v27.4 - https:\/\/yoast.com\/product\/yoast-seo-wordpress\/ -->\n<title>Cinta de Fixa\u00e7\u00e3o de Parede Standard Series 3000mirror - Ondesign<\/title>\n<meta name=\"robots\" content=\"index, follow, max-snippet:-1, max-image-preview:large, max-video-preview:-1\" \/>\n<link rel=\"canonical\" href=\"https:\/\/ondesign.pt\/inicio\/produto\/cinta-de-fixacao-de-parede-standard-series-3000mirror\/\" \/>\n<meta property=\"og:locale\" content=\"pt_PT\" \/>\n<meta property=\"og:type\" content=\"article\" \/>\n<meta property=\"og:title\" content=\"Cinta de Fixa\u00e7\u00e3o de Parede Standard Series 3000mirror - Ondesign\" \/>\n<meta property=\"og:description\" content=\"A Cinta de Fixa\u00e7\u00e3o de Parede Standard Series 3000 Mirror Black Belt \u00e9 muito utilizado em supermercados e hipermercados para encerrar as caixas registadores.  Consiste numa cinta\u00a0com uma\u00a0placa furada nas costas que ser\u00e1 fixada numa parede e que permite ligar a cinta ou fita a um receptor em ABS \u00e0 parede oposta.  Este produto tem uma cor espelhada para usar em locais mais elegantes e uma cinta vermelha de 3m que chama a aten\u00e7\u00e3o \u00e0 interdi\u00e7\u00e3o ou proibi\u00e7\u00e3o da passagem quando usada.  Vantagens deste produto .Sistema de bloqueio .Poste de 4 vias ( 1 cinta e 3 receptores) .Port\u00e1til e f\u00e1cil de montar .Termina\u00e7\u00e3o Universal .Possibilidade de personalizar a fita  Acess\u00f3rios inclu\u00eddos .Buchas, parafusos e Fixador de parede  Acess\u00f3rios Extra -  Recomenda\u00e7\u00f5es .N\u00e3o deixar cair a estrutura .N\u00e3o largar a cinta quando a mesma est\u00e1 desenrolada\" \/>\n<meta property=\"og:url\" content=\"https:\/\/ondesign.pt\/inicio\/produto\/cinta-de-fixacao-de-parede-standard-series-3000mirror\/\" \/>\n<meta property=\"og:site_name\" content=\"Ondesign\" \/>\n<meta property=\"article:publisher\" content=\"https:\/\/www.facebook.com\/ondesignagency\" \/>\n<meta property=\"article:modified_time\" content=\"2020-03-26T16:36:35+00:00\" \/>\n<meta property=\"og:image\" content=\"https:\/\/i0.wp.com\/ondesign.pt\/inicio\/wp-content\/uploads\/2020\/03\/CINTA-DE-FIXA%C3%87%C3%83O-DE-PAREDE-STANDARD-SERIES-3000-MIRROR-RED-BELT.jpg?fit=427%2C488&ssl=1\" \/>\n\t<meta property=\"og:image:width\" content=\"427\" \/>\n\t<meta property=\"og:image:height\" content=\"488\" \/>\n\t<meta property=\"og:image:type\" content=\"image\/jpeg\" \/>\n<meta name=\"twitter:card\" content=\"summary_large_image\" \/>\n<script type=\"application\/ld+json\" class=\"yoast-schema-graph\">{\"@context\":\"https:\\\/\\\/schema.org\",\"@graph\":[{\"@type\":\"WebPage\",\"@id\":\"https:\\\/\\\/ondesign.pt\\\/inicio\\\/produto\\\/cinta-de-fixacao-de-parede-standard-series-3000mirror\\\/\",\"url\":\"https:\\\/\\\/ondesign.pt\\\/inicio\\\/produto\\\/cinta-de-fixacao-de-parede-standard-series-3000mirror\\\/\",\"name\":\"Cinta de Fixa\u00e7\u00e3o de Parede Standard Series 3000mirror - Ondesign\",\"isPartOf\":{\"@id\":\"https:\\\/\\\/ondesign.pt\\\/inicio\\\/#website\"},\"primaryImageOfPage\":{\"@id\":\"https:\\\/\\\/ondesign.pt\\\/inicio\\\/produto\\\/cinta-de-fixacao-de-parede-standard-series-3000mirror\\\/#primaryimage\"},\"image\":{\"@id\":\"https:\\\/\\\/ondesign.pt\\\/inicio\\\/produto\\\/cinta-de-fixacao-de-parede-standard-series-3000mirror\\\/#primaryimage\"},\"thumbnailUrl\":\"https:\\\/\\\/i0.wp.com\\\/ondesign.pt\\\/inicio\\\/wp-content\\\/uploads\\\/2020\\\/03\\\/CINTA-DE-FIXA%C3%87%C3%83O-DE-PAREDE-STANDARD-SERIES-3000-MIRROR-RED-BELT.jpg?fit=427%2C488&ssl=1\",\"datePublished\":\"2020-03-26T16:34:42+00:00\",\"dateModified\":\"2020-03-26T16:36:35+00:00\",\"breadcrumb\":{\"@id\":\"https:\\\/\\\/ondesign.pt\\\/inicio\\\/produto\\\/cinta-de-fixacao-de-parede-standard-series-3000mirror\\\/#breadcrumb\"},\"inLanguage\":\"pt-PT\",\"potentialAction\":[{\"@type\":\"ReadAction\",\"target\":[\"https:\\\/\\\/ondesign.pt\\\/inicio\\\/produto\\\/cinta-de-fixacao-de-parede-standard-series-3000mirror\\\/\"]}]},{\"@type\":\"ImageObject\",\"inLanguage\":\"pt-PT\",\"@id\":\"https:\\\/\\\/ondesign.pt\\\/inicio\\\/produto\\\/cinta-de-fixacao-de-parede-standard-series-3000mirror\\\/#primaryimage\",\"url\":\"https:\\\/\\\/i0.wp.com\\\/ondesign.pt\\\/inicio\\\/wp-content\\\/uploads\\\/2020\\\/03\\\/CINTA-DE-FIXA%C3%87%C3%83O-DE-PAREDE-STANDARD-SERIES-3000-MIRROR-RED-BELT.jpg?fit=427%2C488&ssl=1\",\"contentUrl\":\"https:\\\/\\\/i0.wp.com\\\/ondesign.pt\\\/inicio\\\/wp-content\\\/uploads\\\/2020\\\/03\\\/CINTA-DE-FIXA%C3%87%C3%83O-DE-PAREDE-STANDARD-SERIES-3000-MIRROR-RED-BELT.jpg?fit=427%2C488&ssl=1\",\"width\":427,\"height\":488},{\"@type\":\"BreadcrumbList\",\"@id\":\"https:\\\/\\\/ondesign.pt\\\/inicio\\\/produto\\\/cinta-de-fixacao-de-parede-standard-series-3000mirror\\\/#breadcrumb\",\"itemListElement\":[{\"@type\":\"ListItem\",\"position\":1,\"name\":\"In\u00edcio\",\"item\":\"https:\\\/\\\/ondesign.pt\\\/inicio\\\/\"},{\"@type\":\"ListItem\",\"position\":2,\"name\":\"Home\",\"item\":\"https:\\\/\\\/ondesign.pt\\\/inicio\\\/home\\\/\"},{\"@type\":\"ListItem\",\"position\":3,\"name\":\"Cinta de Fixa\u00e7\u00e3o de Parede Standard Series 3000mirror\"}]},{\"@type\":\"WebSite\",\"@id\":\"https:\\\/\\\/ondesign.pt\\\/inicio\\\/#website\",\"url\":\"https:\\\/\\\/ondesign.pt\\\/inicio\\\/\",\"name\":\"Ondesign Acrilicos & Publicidade\",\"description\":\"Atelier de design e comunica\u00e7\u00e3o que desenvolve servi\u00e7os de Brand Design, Design Gr\u00e1fico &amp; Produtos\",\"publisher\":{\"@id\":\"https:\\\/\\\/ondesign.pt\\\/inicio\\\/#organization\"},\"potentialAction\":[{\"@type\":\"SearchAction\",\"target\":{\"@type\":\"EntryPoint\",\"urlTemplate\":\"https:\\\/\\\/ondesign.pt\\\/inicio\\\/?s={search_term_string}\"},\"query-input\":{\"@type\":\"PropertyValueSpecification\",\"valueRequired\":true,\"valueName\":\"search_term_string\"}}],\"inLanguage\":\"pt-PT\"},{\"@type\":\"Organization\",\"@id\":\"https:\\\/\\\/ondesign.pt\\\/inicio\\\/#organization\",\"name\":\"Ondesign Acrilicos & Publicidade\",\"url\":\"https:\\\/\\\/ondesign.pt\\\/inicio\\\/\",\"logo\":{\"@type\":\"ImageObject\",\"inLanguage\":\"pt-PT\",\"@id\":\"https:\\\/\\\/ondesign.pt\\\/inicio\\\/#\\\/schema\\\/logo\\\/image\\\/\",\"url\":\"https:\\\/\\\/i0.wp.com\\\/ondesign.pt\\\/inicio\\\/wp-content\\\/uploads\\\/2021\\\/01\\\/ondesign2.png?fit=250%2C88&ssl=1\",\"contentUrl\":\"https:\\\/\\\/i0.wp.com\\\/ondesign.pt\\\/inicio\\\/wp-content\\\/uploads\\\/2021\\\/01\\\/ondesign2.png?fit=250%2C88&ssl=1\",\"width\":250,\"height\":88,\"caption\":\"Ondesign Acrilicos & Publicidade\"},\"image\":{\"@id\":\"https:\\\/\\\/ondesign.pt\\\/inicio\\\/#\\\/schema\\\/logo\\\/image\\\/\"},\"sameAs\":[\"https:\\\/\\\/www.facebook.com\\\/ondesignagency\",\"https:\\\/\\\/www.instagram.com\\\/ondesign.pt\\\/\",\"https:\\\/\\\/www.linkedin.com\\\/in\\\/nuno-loureno-455835101\\\/\"]}]}<\/script>\n<!-- \/ Yoast SEO plugin. -->","yoast_head_json":{"title":"Cinta de Fixa\u00e7\u00e3o de Parede Standard Series 3000mirror - Ondesign","robots":{"index":"index","follow":"follow","max-snippet":"max-snippet:-1","max-image-preview":"max-image-preview:large","max-video-preview":"max-video-preview:-1"},"canonical":"https:\/\/ondesign.pt\/inicio\/produto\/cinta-de-fixacao-de-parede-standard-series-3000mirror\/","og_locale":"pt_PT","og_type":"article","og_title":"Cinta de Fixa\u00e7\u00e3o de Parede Standard Series 3000mirror - Ondesign","og_description":"A Cinta de Fixa\u00e7\u00e3o de Parede Standard Series 3000 Mirror Black Belt \u00e9 muito utilizado em supermercados e hipermercados para encerrar as caixas registadores.  Consiste numa cinta\u00a0com uma\u00a0placa furada nas costas que ser\u00e1 fixada numa parede e que permite ligar a cinta ou fita a um receptor em ABS \u00e0 parede oposta.  Este produto tem uma cor espelhada para usar em locais mais elegantes e uma cinta vermelha de 3m que chama a aten\u00e7\u00e3o \u00e0 interdi\u00e7\u00e3o ou proibi\u00e7\u00e3o da passagem quando usada.  Vantagens deste produto .Sistema de bloqueio .Poste de 4 vias ( 1 cinta e 3 receptores) .Port\u00e1til e f\u00e1cil de montar .Termina\u00e7\u00e3o Universal .Possibilidade de personalizar a fita  Acess\u00f3rios inclu\u00eddos .Buchas, parafusos e Fixador de parede  Acess\u00f3rios Extra -  Recomenda\u00e7\u00f5es .N\u00e3o deixar cair a estrutura .N\u00e3o largar a cinta quando a mesma est\u00e1 desenrolada","og_url":"https:\/\/ondesign.pt\/inicio\/produto\/cinta-de-fixacao-de-parede-standard-series-3000mirror\/","og_site_name":"Ondesign","article_publisher":"https:\/\/www.facebook.com\/ondesignagency","article_modified_time":"2020-03-26T16:36:35+00:00","og_image":[{"width":427,"height":488,"url":"https:\/\/i0.wp.com\/ondesign.pt\/inicio\/wp-content\/uploads\/2020\/03\/CINTA-DE-FIXA%C3%87%C3%83O-DE-PAREDE-STANDARD-SERIES-3000-MIRROR-RED-BELT.jpg?fit=427%2C488&ssl=1","type":"image\/jpeg"}],"twitter_card":"summary_large_image","schema":{"@context":"https:\/\/schema.org","@graph":[{"@type":"WebPage","@id":"https:\/\/ondesign.pt\/inicio\/produto\/cinta-de-fixacao-de-parede-standard-series-3000mirror\/","url":"https:\/\/ondesign.pt\/inicio\/produto\/cinta-de-fixacao-de-parede-standard-series-3000mirror\/","name":"Cinta de Fixa\u00e7\u00e3o de Parede Standard Series 3000mirror - Ondesign","isPartOf":{"@id":"https:\/\/ondesign.pt\/inicio\/#website"},"primaryImageOfPage":{"@id":"https:\/\/ondesign.pt\/inicio\/produto\/cinta-de-fixacao-de-parede-standard-series-3000mirror\/#primaryimage"},"image":{"@id":"https:\/\/ondesign.pt\/inicio\/produto\/cinta-de-fixacao-de-parede-standard-series-3000mirror\/#primaryimage"},"thumbnailUrl":"https:\/\/i0.wp.com\/ondesign.pt\/inicio\/wp-content\/uploads\/2020\/03\/CINTA-DE-FIXA%C3%87%C3%83O-DE-PAREDE-STANDARD-SERIES-3000-MIRROR-RED-BELT.jpg?fit=427%2C488&ssl=1","datePublished":"2020-03-26T16:34:42+00:00","dateModified":"2020-03-26T16:36:35+00:00","breadcrumb":{"@id":"https:\/\/ondesign.pt\/inicio\/produto\/cinta-de-fixacao-de-parede-standard-series-3000mirror\/#breadcrumb"},"inLanguage":"pt-PT","potentialAction":[{"@type":"ReadAction","target":["https:\/\/ondesign.pt\/inicio\/produto\/cinta-de-fixacao-de-parede-standard-series-3000mirror\/"]}]},{"@type":"ImageObject","inLanguage":"pt-PT","@id":"https:\/\/ondesign.pt\/inicio\/produto\/cinta-de-fixacao-de-parede-standard-series-3000mirror\/#primaryimage","url":"https:\/\/i0.wp.com\/ondesign.pt\/inicio\/wp-content\/uploads\/2020\/03\/CINTA-DE-FIXA%C3%87%C3%83O-DE-PAREDE-STANDARD-SERIES-3000-MIRROR-RED-BELT.jpg?fit=427%2C488&ssl=1","contentUrl":"https:\/\/i0.wp.com\/ondesign.pt\/inicio\/wp-content\/uploads\/2020\/03\/CINTA-DE-FIXA%C3%87%C3%83O-DE-PAREDE-STANDARD-SERIES-3000-MIRROR-RED-BELT.jpg?fit=427%2C488&ssl=1","width":427,"height":488},{"@type":"BreadcrumbList","@id":"https:\/\/ondesign.pt\/inicio\/produto\/cinta-de-fixacao-de-parede-standard-series-3000mirror\/#breadcrumb","itemListElement":[{"@type":"ListItem","position":1,"name":"In\u00edcio","item":"https:\/\/ondesign.pt\/inicio\/"},{"@type":"ListItem","position":2,"name":"Home","item":"https:\/\/ondesign.pt\/inicio\/home\/"},{"@type":"ListItem","position":3,"name":"Cinta de Fixa\u00e7\u00e3o de Parede Standard Series 3000mirror"}]},{"@type":"WebSite","@id":"https:\/\/ondesign.pt\/inicio\/#website","url":"https:\/\/ondesign.pt\/inicio\/","name":"Ondesign Acrilicos & Publicidade","description":"Atelier de design e comunica\u00e7\u00e3o que desenvolve servi\u00e7os de Brand Design, Design Gr\u00e1fico &amp; Produtos","publisher":{"@id":"https:\/\/ondesign.pt\/inicio\/#organization"},"potentialAction":[{"@type":"SearchAction","target":{"@type":"EntryPoint","urlTemplate":"https:\/\/ondesign.pt\/inicio\/?s={search_term_string}"},"query-input":{"@type":"PropertyValueSpecification","valueRequired":true,"valueName":"search_term_string"}}],"inLanguage":"pt-PT"},{"@type":"Organization","@id":"https:\/\/ondesign.pt\/inicio\/#organization","name":"Ondesign Acrilicos & Publicidade","url":"https:\/\/ondesign.pt\/inicio\/","logo":{"@type":"ImageObject","inLanguage":"pt-PT","@id":"https:\/\/ondesign.pt\/inicio\/#\/schema\/logo\/image\/","url":"https:\/\/i0.wp.com\/ondesign.pt\/inicio\/wp-content\/uploads\/2021\/01\/ondesign2.png?fit=250%2C88&ssl=1","contentUrl":"https:\/\/i0.wp.com\/ondesign.pt\/inicio\/wp-content\/uploads\/2021\/01\/ondesign2.png?fit=250%2C88&ssl=1","width":250,"height":88,"caption":"Ondesign Acrilicos & Publicidade"},"image":{"@id":"https:\/\/ondesign.pt\/inicio\/#\/schema\/logo\/image\/"},"sameAs":["https:\/\/www.facebook.com\/ondesignagency","https:\/\/www.instagram.com\/ondesign.pt\/","https:\/\/www.linkedin.com\/in\/nuno-loureno-455835101\/"]}]}},"jetpack_sharing_enabled":true,"tiered_pricing_type":"fixed","tiered_pricing_fixed_rules":[],"tiered_pricing_product_settings":{"layout":"default","base_unit_name":{"singular":null,"plural":null},"default_variation":null},"tiered_pricing_minimum_quantity":null,"tiered_pricing_roles_data":[],"tiered_pricing_percentage_rules":[],"_links":{"self":[{"href":"https:\/\/ondesign.pt\/inicio\/wp-json\/wp\/v2\/product\/814","targetHints":{"allow":["GET"]}}],"collection":[{"href":"https:\/\/ondesign.pt\/inicio\/wp-json\/wp\/v2\/product"}],"about":[{"href":"https:\/\/ondesign.pt\/inicio\/wp-json\/wp\/v2\/types\/product"}],"wp:featuredmedia":[{"embeddable":true,"href":"https:\/\/ondesign.pt\/inicio\/wp-json\/wp\/v2\/media\/680"}],"wp:attachment":[{"href":"https:\/\/ondesign.pt\/inicio\/wp-json\/wp\/v2\/media?parent=814"}],"wp:term":[{"taxonomy":"product_brand","embeddable":true,"href":"https:\/\/ondesign.pt\/inicio\/wp-json\/wp\/v2\/product_brand?post=814"},{"taxonomy":"product_cat","embeddable":true,"href":"https:\/\/ondesign.pt\/inicio\/wp-json\/wp\/v2\/product_cat?post=814"},{"taxonomy":"product_tag","embeddable":true,"href":"https:\/\/ondesign.pt\/inicio\/wp-json\/wp\/v2\/product_tag?post=814"}],"curies":[{"name":"wp","href":"https:\/\/api.w.org\/{rel}","templated":true}]}}