{"id":820,"date":"2020-03-26T17:20:50","date_gmt":"2020-03-26T17:20:50","guid":{"rendered":"https:\/\/ondesign.pt\/inicio\/?post_type=product&#038;p=820"},"modified":"2025-03-12T17:26:22","modified_gmt":"2025-03-12T17:26:22","slug":"lona-publicitaria-200x100cm","status":"publish","type":"product","link":"https:\/\/ondesign.pt\/inicio\/produto\/lona-publicitaria-200x100cm\/","title":{"rendered":"Lona Pvc Frontlit 440gr 200x100cm"},"content":{"rendered":"","protected":false},"excerpt":{"rendered":"<p>A Lona Publicit\u00e1ria, um suporte de grande formato, muito resistente e com uma excelente rela\u00e7\u00e3o qualidade\/ pre\u00e7o para fazer publicidade \u00e1 sua empresa.<\/p>\n<p>Este suporte \u00e9 geralmente utilizado em outdoors, banners entre outros de forma a ter um impacto maior na publicidade do seu neg\u00f3cio.<\/p>\n<div class=\"woocommerce-product-details__short-description\">\n<p>A sua encomenda dever\u00e1 perfazer 1m2. Assim sendo, aumente o n\u00famero de c\u00f3pias at\u00e9 atingir o m2 pretendidos.<\/p>\n<p>Nota: O produto em causa j\u00e1 apresentado j\u00e1 possui bainhas e ilh\u00f3ses, pronto a ser aplicado.<\/p>\n<p>Caso pretenda aplica\u00e7\u00e3o da sua lona publicit\u00e1ria por um dos nossos t\u00e9cnicos, dever\u00e1 entrar em contacto para as nossas instala\u00e7\u00f5es ou solicitar aplica\u00e7\u00e3o nas observa\u00e7\u00f5es da sua compra.<\/p>\n<p>Aten\u00e7\u00e3o: Qualquer aplica\u00e7\u00e3o dos referidos materiais pelos nossos t\u00e9cnicos n\u00e3o esta contemplada no valor unit\u00e1rio dos mesmos.<\/p>\n<\/div>\n","protected":false},"featured_media":9334,"template":"","meta":{"cybocfi_hide_featured_image":"","jetpack_publicize_message":"","jetpack_publicize_feature_enabled":true,"jetpack_social_post_already_shared":false,"jetpack_social_options":{"image_generator_settings":{"template":"highway","default_image_id":0,"font":"","enabled":false},"version":2}},"product_brand":[],"product_cat":[27],"product_tag":[110],"class_list":{"0":"post-820","1":"product","2":"type-product","3":"status-publish","4":"has-post-thumbnail","6":"product_cat-lonas-publicitarias","7":"product_tag-lona-publicitaria","9":"first","10":"instock","11":"taxable","12":"shipping-taxable","13":"purchasable","14":"product-type-simple"},"yoast_head":"<!-- This site is optimized with the Yoast SEO plugin v27.4 - https:\/\/yoast.com\/product\/yoast-seo-wordpress\/ -->\n<title>Lona Pvc Frontlit 440gr 200x100cm - Ondesign<\/title>\n<meta name=\"robots\" content=\"index, follow, max-snippet:-1, max-image-preview:large, max-video-preview:-1\" \/>\n<link rel=\"canonical\" href=\"https:\/\/ondesign.pt\/inicio\/produto\/lona-publicitaria-200x100cm\/\" \/>\n<meta property=\"og:locale\" content=\"pt_PT\" \/>\n<meta property=\"og:type\" content=\"article\" \/>\n<meta property=\"og:title\" content=\"Lona Pvc Frontlit 440gr 200x100cm - Ondesign\" \/>\n<meta property=\"og:description\" content=\"A Lona Publicit\u00e1ria, um suporte de grande formato, muito resistente e com uma excelente rela\u00e7\u00e3o qualidade\/ pre\u00e7o para fazer publicidade \u00e1 sua empresa.  Este suporte \u00e9 geralmente utilizado em outdoors, banners entre outros de forma a ter um impacto maior na publicidade do seu neg\u00f3cio.   A sua encomenda dever\u00e1 perfazer 1m2. Assim sendo, aumente o n\u00famero de c\u00f3pias at\u00e9 atingir o m2 pretendidos.  Nota: O produto em causa j\u00e1 apresentado j\u00e1 possui bainhas e ilh\u00f3ses, pronto a ser aplicado.  Caso pretenda aplica\u00e7\u00e3o da sua lona publicit\u00e1ria por um dos nossos t\u00e9cnicos, dever\u00e1 entrar em contacto para as nossas instala\u00e7\u00f5es ou solicitar aplica\u00e7\u00e3o nas observa\u00e7\u00f5es da sua compra.  Aten\u00e7\u00e3o: Qualquer aplica\u00e7\u00e3o dos referidos materiais pelos nossos t\u00e9cnicos n\u00e3o esta contemplada no valor unit\u00e1rio dos mesmos.\" \/>\n<meta property=\"og:url\" content=\"https:\/\/ondesign.pt\/inicio\/produto\/lona-publicitaria-200x100cm\/\" \/>\n<meta property=\"og:site_name\" content=\"Ondesign\" \/>\n<meta property=\"article:publisher\" content=\"https:\/\/www.facebook.com\/ondesignagency\" \/>\n<meta property=\"article:modified_time\" content=\"2025-03-12T17:26:22+00:00\" \/>\n<meta property=\"og:image\" content=\"https:\/\/i0.wp.com\/ondesign.pt\/inicio\/wp-content\/uploads\/2021\/04\/lonaondesign1-scaled.jpg?fit=2560%2C1702&ssl=1\" \/>\n\t<meta property=\"og:image:width\" content=\"2560\" \/>\n\t<meta property=\"og:image:height\" content=\"1702\" \/>\n\t<meta property=\"og:image:type\" content=\"image\/jpeg\" \/>\n<meta name=\"twitter:card\" content=\"summary_large_image\" \/>\n<script type=\"application\/ld+json\" class=\"yoast-schema-graph\">{\"@context\":\"https:\\\/\\\/schema.org\",\"@graph\":[{\"@type\":\"WebPage\",\"@id\":\"https:\\\/\\\/ondesign.pt\\\/inicio\\\/produto\\\/lona-publicitaria-200x100cm\\\/\",\"url\":\"https:\\\/\\\/ondesign.pt\\\/inicio\\\/produto\\\/lona-publicitaria-200x100cm\\\/\",\"name\":\"Lona Pvc Frontlit 440gr 200x100cm - Ondesign\",\"isPartOf\":{\"@id\":\"https:\\\/\\\/ondesign.pt\\\/inicio\\\/#website\"},\"primaryImageOfPage\":{\"@id\":\"https:\\\/\\\/ondesign.pt\\\/inicio\\\/produto\\\/lona-publicitaria-200x100cm\\\/#primaryimage\"},\"image\":{\"@id\":\"https:\\\/\\\/ondesign.pt\\\/inicio\\\/produto\\\/lona-publicitaria-200x100cm\\\/#primaryimage\"},\"thumbnailUrl\":\"https:\\\/\\\/i0.wp.com\\\/ondesign.pt\\\/inicio\\\/wp-content\\\/uploads\\\/2021\\\/04\\\/lonaondesign1-scaled.jpg?fit=2560%2C1702&ssl=1\",\"datePublished\":\"2020-03-26T17:20:50+00:00\",\"dateModified\":\"2025-03-12T17:26:22+00:00\",\"breadcrumb\":{\"@id\":\"https:\\\/\\\/ondesign.pt\\\/inicio\\\/produto\\\/lona-publicitaria-200x100cm\\\/#breadcrumb\"},\"inLanguage\":\"pt-PT\",\"potentialAction\":[{\"@type\":\"ReadAction\",\"target\":[\"https:\\\/\\\/ondesign.pt\\\/inicio\\\/produto\\\/lona-publicitaria-200x100cm\\\/\"]}]},{\"@type\":\"ImageObject\",\"inLanguage\":\"pt-PT\",\"@id\":\"https:\\\/\\\/ondesign.pt\\\/inicio\\\/produto\\\/lona-publicitaria-200x100cm\\\/#primaryimage\",\"url\":\"https:\\\/\\\/i0.wp.com\\\/ondesign.pt\\\/inicio\\\/wp-content\\\/uploads\\\/2021\\\/04\\\/lonaondesign1-scaled.jpg?fit=2560%2C1702&ssl=1\",\"contentUrl\":\"https:\\\/\\\/i0.wp.com\\\/ondesign.pt\\\/inicio\\\/wp-content\\\/uploads\\\/2021\\\/04\\\/lonaondesign1-scaled.jpg?fit=2560%2C1702&ssl=1\",\"width\":2560,\"height\":1702},{\"@type\":\"BreadcrumbList\",\"@id\":\"https:\\\/\\\/ondesign.pt\\\/inicio\\\/produto\\\/lona-publicitaria-200x100cm\\\/#breadcrumb\",\"itemListElement\":[{\"@type\":\"ListItem\",\"position\":1,\"name\":\"In\u00edcio\",\"item\":\"https:\\\/\\\/ondesign.pt\\\/inicio\\\/\"},{\"@type\":\"ListItem\",\"position\":2,\"name\":\"Home\",\"item\":\"https:\\\/\\\/ondesign.pt\\\/inicio\\\/home\\\/\"},{\"@type\":\"ListItem\",\"position\":3,\"name\":\"Lona Pvc Frontlit 440gr 200x100cm\"}]},{\"@type\":\"WebSite\",\"@id\":\"https:\\\/\\\/ondesign.pt\\\/inicio\\\/#website\",\"url\":\"https:\\\/\\\/ondesign.pt\\\/inicio\\\/\",\"name\":\"Ondesign Acrilicos & Publicidade\",\"description\":\"Atelier de design e comunica\u00e7\u00e3o que desenvolve servi\u00e7os de Brand Design, Design Gr\u00e1fico &amp; Produtos\",\"publisher\":{\"@id\":\"https:\\\/\\\/ondesign.pt\\\/inicio\\\/#organization\"},\"potentialAction\":[{\"@type\":\"SearchAction\",\"target\":{\"@type\":\"EntryPoint\",\"urlTemplate\":\"https:\\\/\\\/ondesign.pt\\\/inicio\\\/?s={search_term_string}\"},\"query-input\":{\"@type\":\"PropertyValueSpecification\",\"valueRequired\":true,\"valueName\":\"search_term_string\"}}],\"inLanguage\":\"pt-PT\"},{\"@type\":\"Organization\",\"@id\":\"https:\\\/\\\/ondesign.pt\\\/inicio\\\/#organization\",\"name\":\"Ondesign Acrilicos & Publicidade\",\"url\":\"https:\\\/\\\/ondesign.pt\\\/inicio\\\/\",\"logo\":{\"@type\":\"ImageObject\",\"inLanguage\":\"pt-PT\",\"@id\":\"https:\\\/\\\/ondesign.pt\\\/inicio\\\/#\\\/schema\\\/logo\\\/image\\\/\",\"url\":\"https:\\\/\\\/i0.wp.com\\\/ondesign.pt\\\/inicio\\\/wp-content\\\/uploads\\\/2021\\\/01\\\/ondesign2.png?fit=250%2C88&ssl=1\",\"contentUrl\":\"https:\\\/\\\/i0.wp.com\\\/ondesign.pt\\\/inicio\\\/wp-content\\\/uploads\\\/2021\\\/01\\\/ondesign2.png?fit=250%2C88&ssl=1\",\"width\":250,\"height\":88,\"caption\":\"Ondesign Acrilicos & Publicidade\"},\"image\":{\"@id\":\"https:\\\/\\\/ondesign.pt\\\/inicio\\\/#\\\/schema\\\/logo\\\/image\\\/\"},\"sameAs\":[\"https:\\\/\\\/www.facebook.com\\\/ondesignagency\",\"https:\\\/\\\/www.instagram.com\\\/ondesign.pt\\\/\",\"https:\\\/\\\/www.linkedin.com\\\/in\\\/nuno-loureno-455835101\\\/\"]}]}<\/script>\n<!-- \/ Yoast SEO plugin. -->","yoast_head_json":{"title":"Lona Pvc Frontlit 440gr 200x100cm - Ondesign","robots":{"index":"index","follow":"follow","max-snippet":"max-snippet:-1","max-image-preview":"max-image-preview:large","max-video-preview":"max-video-preview:-1"},"canonical":"https:\/\/ondesign.pt\/inicio\/produto\/lona-publicitaria-200x100cm\/","og_locale":"pt_PT","og_type":"article","og_title":"Lona Pvc Frontlit 440gr 200x100cm - Ondesign","og_description":"A Lona Publicit\u00e1ria, um suporte de grande formato, muito resistente e com uma excelente rela\u00e7\u00e3o qualidade\/ pre\u00e7o para fazer publicidade \u00e1 sua empresa.  Este suporte \u00e9 geralmente utilizado em outdoors, banners entre outros de forma a ter um impacto maior na publicidade do seu neg\u00f3cio.   A sua encomenda dever\u00e1 perfazer 1m2. Assim sendo, aumente o n\u00famero de c\u00f3pias at\u00e9 atingir o m2 pretendidos.  Nota: O produto em causa j\u00e1 apresentado j\u00e1 possui bainhas e ilh\u00f3ses, pronto a ser aplicado.  Caso pretenda aplica\u00e7\u00e3o da sua lona publicit\u00e1ria por um dos nossos t\u00e9cnicos, dever\u00e1 entrar em contacto para as nossas instala\u00e7\u00f5es ou solicitar aplica\u00e7\u00e3o nas observa\u00e7\u00f5es da sua compra.  Aten\u00e7\u00e3o: Qualquer aplica\u00e7\u00e3o dos referidos materiais pelos nossos t\u00e9cnicos n\u00e3o esta contemplada no valor unit\u00e1rio dos mesmos.","og_url":"https:\/\/ondesign.pt\/inicio\/produto\/lona-publicitaria-200x100cm\/","og_site_name":"Ondesign","article_publisher":"https:\/\/www.facebook.com\/ondesignagency","article_modified_time":"2025-03-12T17:26:22+00:00","og_image":[{"width":2560,"height":1702,"url":"https:\/\/i0.wp.com\/ondesign.pt\/inicio\/wp-content\/uploads\/2021\/04\/lonaondesign1-scaled.jpg?fit=2560%2C1702&ssl=1","type":"image\/jpeg"}],"twitter_card":"summary_large_image","schema":{"@context":"https:\/\/schema.org","@graph":[{"@type":"WebPage","@id":"https:\/\/ondesign.pt\/inicio\/produto\/lona-publicitaria-200x100cm\/","url":"https:\/\/ondesign.pt\/inicio\/produto\/lona-publicitaria-200x100cm\/","name":"Lona Pvc Frontlit 440gr 200x100cm - Ondesign","isPartOf":{"@id":"https:\/\/ondesign.pt\/inicio\/#website"},"primaryImageOfPage":{"@id":"https:\/\/ondesign.pt\/inicio\/produto\/lona-publicitaria-200x100cm\/#primaryimage"},"image":{"@id":"https:\/\/ondesign.pt\/inicio\/produto\/lona-publicitaria-200x100cm\/#primaryimage"},"thumbnailUrl":"https:\/\/i0.wp.com\/ondesign.pt\/inicio\/wp-content\/uploads\/2021\/04\/lonaondesign1-scaled.jpg?fit=2560%2C1702&ssl=1","datePublished":"2020-03-26T17:20:50+00:00","dateModified":"2025-03-12T17:26:22+00:00","breadcrumb":{"@id":"https:\/\/ondesign.pt\/inicio\/produto\/lona-publicitaria-200x100cm\/#breadcrumb"},"inLanguage":"pt-PT","potentialAction":[{"@type":"ReadAction","target":["https:\/\/ondesign.pt\/inicio\/produto\/lona-publicitaria-200x100cm\/"]}]},{"@type":"ImageObject","inLanguage":"pt-PT","@id":"https:\/\/ondesign.pt\/inicio\/produto\/lona-publicitaria-200x100cm\/#primaryimage","url":"https:\/\/i0.wp.com\/ondesign.pt\/inicio\/wp-content\/uploads\/2021\/04\/lonaondesign1-scaled.jpg?fit=2560%2C1702&ssl=1","contentUrl":"https:\/\/i0.wp.com\/ondesign.pt\/inicio\/wp-content\/uploads\/2021\/04\/lonaondesign1-scaled.jpg?fit=2560%2C1702&ssl=1","width":2560,"height":1702},{"@type":"BreadcrumbList","@id":"https:\/\/ondesign.pt\/inicio\/produto\/lona-publicitaria-200x100cm\/#breadcrumb","itemListElement":[{"@type":"ListItem","position":1,"name":"In\u00edcio","item":"https:\/\/ondesign.pt\/inicio\/"},{"@type":"ListItem","position":2,"name":"Home","item":"https:\/\/ondesign.pt\/inicio\/home\/"},{"@type":"ListItem","position":3,"name":"Lona Pvc Frontlit 440gr 200x100cm"}]},{"@type":"WebSite","@id":"https:\/\/ondesign.pt\/inicio\/#website","url":"https:\/\/ondesign.pt\/inicio\/","name":"Ondesign Acrilicos & Publicidade","description":"Atelier de design e comunica\u00e7\u00e3o que desenvolve servi\u00e7os de Brand Design, Design Gr\u00e1fico &amp; Produtos","publisher":{"@id":"https:\/\/ondesign.pt\/inicio\/#organization"},"potentialAction":[{"@type":"SearchAction","target":{"@type":"EntryPoint","urlTemplate":"https:\/\/ondesign.pt\/inicio\/?s={search_term_string}"},"query-input":{"@type":"PropertyValueSpecification","valueRequired":true,"valueName":"search_term_string"}}],"inLanguage":"pt-PT"},{"@type":"Organization","@id":"https:\/\/ondesign.pt\/inicio\/#organization","name":"Ondesign Acrilicos & Publicidade","url":"https:\/\/ondesign.pt\/inicio\/","logo":{"@type":"ImageObject","inLanguage":"pt-PT","@id":"https:\/\/ondesign.pt\/inicio\/#\/schema\/logo\/image\/","url":"https:\/\/i0.wp.com\/ondesign.pt\/inicio\/wp-content\/uploads\/2021\/01\/ondesign2.png?fit=250%2C88&ssl=1","contentUrl":"https:\/\/i0.wp.com\/ondesign.pt\/inicio\/wp-content\/uploads\/2021\/01\/ondesign2.png?fit=250%2C88&ssl=1","width":250,"height":88,"caption":"Ondesign Acrilicos & Publicidade"},"image":{"@id":"https:\/\/ondesign.pt\/inicio\/#\/schema\/logo\/image\/"},"sameAs":["https:\/\/www.facebook.com\/ondesignagency","https:\/\/www.instagram.com\/ondesign.pt\/","https:\/\/www.linkedin.com\/in\/nuno-loureno-455835101\/"]}]}},"jetpack_publicize_connections":[],"jetpack_sharing_enabled":true,"tiered_pricing_type":"fixed","tiered_pricing_fixed_rules":[],"tiered_pricing_product_settings":{"layout":"default","base_unit_name":{"singular":null,"plural":null},"default_variation":null},"tiered_pricing_minimum_quantity":null,"tiered_pricing_roles_data":[],"tiered_pricing_percentage_rules":[],"_links":{"self":[{"href":"https:\/\/ondesign.pt\/inicio\/wp-json\/wp\/v2\/product\/820","targetHints":{"allow":["GET"]}}],"collection":[{"href":"https:\/\/ondesign.pt\/inicio\/wp-json\/wp\/v2\/product"}],"about":[{"href":"https:\/\/ondesign.pt\/inicio\/wp-json\/wp\/v2\/types\/product"}],"wp:featuredmedia":[{"embeddable":true,"href":"https:\/\/ondesign.pt\/inicio\/wp-json\/wp\/v2\/media\/9334"}],"wp:attachment":[{"href":"https:\/\/ondesign.pt\/inicio\/wp-json\/wp\/v2\/media?parent=820"}],"wp:term":[{"taxonomy":"product_brand","embeddable":true,"href":"https:\/\/ondesign.pt\/inicio\/wp-json\/wp\/v2\/product_brand?post=820"},{"taxonomy":"product_cat","embeddable":true,"href":"https:\/\/ondesign.pt\/inicio\/wp-json\/wp\/v2\/product_cat?post=820"},{"taxonomy":"product_tag","embeddable":true,"href":"https:\/\/ondesign.pt\/inicio\/wp-json\/wp\/v2\/product_tag?post=820"}],"curies":[{"name":"wp","href":"https:\/\/api.w.org\/{rel}","templated":true}]}}